{"id":6665,"date":"2026-03-30T08:38:53","date_gmt":"2026-03-30T08:38:53","guid":{"rendered":"https:\/\/woncaeurope2026.org\/?page_id=6665"},"modified":"2026-04-21T07:20:50","modified_gmt":"2026-04-21T07:20:50","slug":"orateurs","status":"publish","type":"page","link":"https:\/\/woncaeurope2026.org\/fr\/orateurs\/","title":{"rendered":"Orateurs"},"content":{"rendered":"<div class=\"wpb-content-wrapper\"><p>[vc_row][vc_column]<div id=\"ultimate-heading-55686a072bf18188a\" class=\"uvc-heading ult-adjust-bottom-margin ultimate-heading-55686a072bf18188a uvc-7509  uvc-heading-default-font-sizes\" data-hspacer=\"no_spacer\"  data-halign=\"left\" style=\"text-align:left\"><div class=\"uvc-heading-spacer no_spacer\" style=\"top\"><\/div><div class=\"uvc-main-heading ult-responsive\"  data-ultimate-target='.uvc-heading.ultimate-heading-55686a072bf18188a h2'  data-responsive-json-new='{\"font-size\":\"\",\"line-height\":\"\"}' ><h2 style=\"--font-weight:theme;color:#1A294F;\">ORATEURS<\/h2><\/div><\/div>[vc_empty_space][\/vc_column][\/vc_row][vc_row][vc_column][vc_column_text]<\/p>\n<p>[\/vc_column_text][\/vc_column][\/vc_row][vc_row][vc_column][vc_column_text css=&#8221;&#8221;]<em>Les r\u00e9sultats de la s\u00e9lection des abstracts ont \u00e9t\u00e9 envoy\u00e9s fin f\u00e9vrier. Si vous ne les avez pas re\u00e7us, merci de contacter <a href=\"mailto:scientific@woncaeurope2026.org\">scientific@woncaeurope2026.org<\/a><\/em>[\/vc_column_text]<div id=\"ultimate-heading-18196a072bf1818fe\" class=\"uvc-heading ult-adjust-bottom-margin ultimate-heading-18196a072bf1818fe uvc-300  uvc-heading-default-font-sizes\" data-hspacer=\"no_spacer\"  data-halign=\"left\" style=\"text-align:left\"><div class=\"uvc-heading-spacer no_spacer\" style=\"top\"><\/div><div class=\"uvc-main-heading ult-responsive\"  data-ultimate-target='.uvc-heading.ultimate-heading-18196a072bf1818fe h3'  data-responsive-json-new='{\"font-size\":\"\",\"line-height\":\"\"}' ><h3 style=\"font-weight:bold;color:#B41B36;\">Atelier<\/h3><\/div><\/div>[vc_empty_space][vc_column_text css=&#8221;&#8221;]<strong>&gt; Session interactive de 60 minutes.<\/strong> L\u2019atelier peut comprendre un ou plusieurs temps de pr\u00e9sentations, mais il est recommand\u00e9 de maximiser le temps consacr\u00e9 aux \u00e9changes entre participants : travail en bin\u00f4mes, en petits groupes ou discussions ouvertes avec l\u2019ensemble des participants. Des applications de sondage \u00e9lectronique peuvent \u00eatre utilis\u00e9es.<\/p>\n<p><span style=\"text-decoration: underline;\">En pratique<\/span><\/p>\n<ul>\n<li>T\u00e9l\u00e9chargez ici le masque pour votre pr\u00e9sentation <a href=\"https:\/\/woncaeurope2026.org\/wp-content\/uploads\/2026\/04\/Wonca-Europe-Conference-2026-oral-presentation.pptx\" target=\"_blank\" rel=\"noopener\">ici<\/a><\/li>\n<li>N\u2019oubliez pas d\u2019y d\u00e9clarer vos liens d\u2019int\u00e9r\u00eats.<\/li>\n<li>Veuillez noter qu\u2019aucun branchement de mat\u00e9riel personnel ne pourra \u00eatre effectu\u00e9 directement sur l\u2019ordinateur en derni\u00e8re minute.<\/li>\n<li>Si vous avez des besoins sp\u00e9cifiques pour votre atelier, merci de nous les indiquer avant le <strong>20 avril<\/strong> \u00e0 l&#8217;adresse <a href=\"mailto:scientific@woncaeurope2026.org\">scientific@woncaeurope2026.org<\/a><\/li>\n<li>Votre pr\u00e9sentation devra \u00eatre d\u00e9pos\u00e9e en salle de pr\u00e9 projection <strong>Votre pr\u00e9sentation devra \u00eatre d\u00e9pos\u00e9e en salle de pr\u00e9 projection<\/strong>, ou la veille pour les sessions programm\u00e9es \u00e0 8h00.<\/li>\n<\/ul>\n<p>[\/vc_column_text][\/vc_column][\/vc_row][vc_row][vc_column]<div id=\"ultimate-heading-40906a072bf181952\" class=\"uvc-heading ult-adjust-bottom-margin ultimate-heading-40906a072bf181952 uvc-4922  uvc-heading-default-font-sizes\" data-hspacer=\"no_spacer\"  data-halign=\"left\" style=\"text-align:left\"><div class=\"uvc-heading-spacer no_spacer\" style=\"top\"><\/div><div class=\"uvc-main-heading ult-responsive\"  data-ultimate-target='.uvc-heading.ultimate-heading-40906a072bf181952 h3'  data-responsive-json-new='{\"font-size\":\"\",\"line-height\":\"\"}' ><h3 style=\"font-weight:bold;color:#B41B36;\">Communication Orale<\/h3><\/div><\/div>[vc_empty_space][vc_column_text css=&#8221;&#8221;]<strong>&gt; Pr\u00e9sentation scientifique de 8 minutes (5 minutes + 3 minutes de questions-r\u00e9ponses)<\/strong>, r\u00e9alis\u00e9e par un ou deux intervenants, structur\u00e9e selon le plan suivant : contexte, objectif, m\u00e9thode, r\u00e9sultats et conclusion.<\/p>\n<p><span style=\"text-decoration: underline;\">En pratique<\/span><\/p>\n<ul>\n<li>T\u00e9l\u00e9chargez <a href=\"https:\/\/woncaeurope2026.org\/wp-content\/uploads\/2026\/04\/Wonca-Europe-Conference-2026-oral-presentation.pptx\" target=\"_blank\" rel=\"noopener\">ici<\/a> le masque pour votre pr\u00e9sentation<\/li>\n<li>N\u2019oubliez pas d\u2019y d\u00e9clarer vos liens d\u2019int\u00e9r\u00eats<\/li>\n<li>Veuillez noter qu\u2019aucun branchement de mat\u00e9riel personnel ne pourra \u00eatre effectu\u00e9 directement sur l\u2019ordinateur en derni\u00e8re minute.<\/li>\n<li>Votre pr\u00e9sentation devra \u00eatre d\u00e9pos\u00e9e en salle de pr\u00e9 projection <strong>au moins 2 heures avant le d\u00e9but de votre session<\/strong>, ou la veille pour les sessions programm\u00e9es \u00e0 8h00.<\/li>\n<\/ul>\n<p>[\/vc_column_text][\/vc_column][\/vc_row][vc_row][vc_column]<div id=\"ultimate-heading-71426a072bf1819a1\" class=\"uvc-heading ult-adjust-bottom-margin ultimate-heading-71426a072bf1819a1 uvc-741  uvc-heading-default-font-sizes\" data-hspacer=\"no_spacer\"  data-halign=\"left\" style=\"text-align:left\"><div class=\"uvc-heading-spacer no_spacer\" style=\"top\"><\/div><div class=\"uvc-main-heading ult-responsive\"  data-ultimate-target='.uvc-heading.ultimate-heading-71426a072bf1819a1 h3'  data-responsive-json-new='{\"font-size\":\"\",\"line-height\":\"\"}' ><h3 style=\"font-weight:bold;color:#B41B36;\">Poster Comment\u00e9<\/h3><\/div><\/div>[vc_empty_space][vc_column_text css=&#8221;&#8221;]<strong>&gt; Pr\u00e9sentation orale d\u2019un poster scientifique pendant 12 minutes (8 minutes de pr\u00e9sentation + 4 minutes de questions-r\u00e9ponses)<\/strong> r\u00e9alis\u00e9e par un ou deux intervenants, structur\u00e9 selon le plan suivant : contexte, objectif, m\u00e9thode, r\u00e9sultats et conclusion. Le poster sera affich\u00e9 pendant toute la dur\u00e9e du congr\u00e8s, et disponible aussi sous format num\u00e9rique dans l\u2019application du congr\u00e8s.<\/p>\n<p><span style=\"text-decoration: underline;\">En pratique<\/span><\/p>\n<ul>\n<li><strong>Le poster doit \u00eatre au format A0 portrait<\/strong> (118,9 cm de hauteur \u00d7 84,1 cm de largeur).<\/li>\n<li>T\u00e9l\u00e9chargez <a href=\"https:\/\/woncaeurope2026.org\/wp-content\/uploads\/2026\/04\/Wonca-Europe-Conference-2026-poster-mask-.pptx\" target=\"_blank\" rel=\"noopener\">ici <\/a>le masque de poster<\/li>\n<li>N\u2019oubliez pas d\u2019y d\u00e9clarer vos liens d\u2019int\u00e9r\u00eats<\/li>\n<li>Tout poster doit \u00eatre r\u00e9dig\u00e9 en anglais, m\u00eame lorsque sa pr\u00e9sentation se fait en fran\u00e7ais.<\/li>\n<li>Pour l\u2019impression et l\u2019affichage de votre poster, deux options vous sont propos\u00e9es :<\/li>\n<\/ul>\n<ol>\n<li><strong>Impression et affichage par vos propres moyens :<\/strong><br \/>\n&#8211; Vous imprimez votre poster vous-m\u00eame et l\u2019apportez directement au Palais des Congr\u00e8s<br \/>\n&#8211; Pour permettre la mise \u00e0 disposition de votre poster aussi sous forme num\u00e9rique dans l\u2019application du congr\u00e8s, merci d&#8217;envoyer votre fichier par email \u00e0 <a href=\"mailto:scientific@woncaeurope2026.org\">scientific@woncaeurope2026.org<\/a> avant le d\u00e9but du congr\u00e8s.<br \/>\n&#8211; Un num\u00e9ro d\u2019emplacement vous sera communiqu\u00e9 ult\u00e9rieurement pour que vous puissiez l\u2019affichez vous-m\u00eame \u00e0 partir du mardi 30 juin 2026 apr\u00e8s-midi (apr\u00e8s la c\u00e9r\u00e9monie d\u2019ouverture).<\/li>\n<li><strong>Impression et affichage par l\u2019organisation :<\/strong><br \/>\n&#8211; Nous pouvons imprimer et positionner votre poster directement sur le lieu du congr\u00e8s <strong>au tarif de 70 \u20ac TTC<\/strong>. Si cette option vous int\u00e9resse, merci d&#8217;envoyer votre fichier par email \u00e0 <a href=\"mailto:scientific@woncaeurope2026.org\">scientific@woncaeurope2026.org<\/a> avant le <strong>30 avril 2026<\/strong>. Important : sans r\u00e8glement pr\u00e9alable, l\u2019impression ne pourra pas \u00eatre effectu\u00e9e.<br \/>\n&#8211; L\u2019organisation se chargera de placer votre poster sur son emplacement d\u2019affichage au d\u00e9but du congr\u00e8s.<\/li>\n<\/ol>\n<ul>\n<li>Pour le temps de pr\u00e9sentation, l\u2019organisation se charge de placer votre poster dans la salle et de le retirer \u00e0 la fin de votre session.<\/li>\n<li>A la fin du congr\u00e8s, vous pourrez d\u00e9tacher le poster apr\u00e8s la c\u00e9r\u00e9monie de cl\u00f4ture. Tout poster non r\u00e9cup\u00e9r\u00e9 sera malheureusement d\u00e9truit.<\/li>\n<\/ul>\n<p>[\/vc_column_text][\/vc_column][\/vc_row][vc_row][vc_column]<div id=\"ultimate-heading-57196a072bf1819ed\" class=\"uvc-heading ult-adjust-bottom-margin ultimate-heading-57196a072bf1819ed uvc-6957  uvc-heading-default-font-sizes\" data-hspacer=\"no_spacer\"  data-halign=\"left\" style=\"text-align:left\"><div class=\"uvc-heading-spacer no_spacer\" style=\"top\"><\/div><div class=\"uvc-main-heading ult-responsive\"  data-ultimate-target='.uvc-heading.ultimate-heading-57196a072bf1819ed h3'  data-responsive-json-new='{\"font-size\":\"\",\"line-height\":\"\"}' ><h3 style=\"font-weight:bold;color:#B41B36;\">Poster Imprim\u00e9<\/h3><\/div><\/div>[vc_empty_space][vc_column_text css=&#8221;&#8221;]<strong>&gt; Pr\u00e9sentation affich\u00e9e d\u2019un poster scientifique<\/strong> structur\u00e9 selon le plan suivant : contexte, objectif, m\u00e9thode, r\u00e9sultats et conclusion. Le poster sera affich\u00e9 pendant toute la dur\u00e9e du congr\u00e8s, et disponible aussi sous format num\u00e9rique dans l\u2019application du congr\u00e8s.<\/p>\n<p><span style=\"text-decoration: underline;\">En pratique<\/span><\/p>\n<ul>\n<li><strong>Le poster doit \u00eatre au format A0 portrait<\/strong> (118,9 cm de hauteur \u00d7 84,1 cm de largeur).<\/li>\n<li>T\u00e9l\u00e9chargez <a href=\"https:\/\/woncaeurope2026.org\/wp-content\/uploads\/2026\/04\/Wonca-Europe-Conference-2026-poster-mask-.pptx\" target=\"_blank\" rel=\"noopener\">ici<\/a> le masque de poster<\/li>\n<li>N\u2019oubliez pas d\u2019y d\u00e9clarer vos liens d\u2019int\u00e9r\u00eats<\/li>\n<li>Tout poster doit \u00eatre r\u00e9dig\u00e9 en anglais, m\u00eame lorsque sa pr\u00e9sentation se fait en fran\u00e7ais.<\/li>\n<li>Pour l\u2019impression et l\u2019affichage de votre poster, deux options vous sont propos\u00e9es :<\/li>\n<\/ul>\n<ol>\n<li><strong>Impression et affichage par vos propres moyens :<\/strong><br \/>\n&#8211; Vous imprimez votre poster vous-m\u00eame et l\u2019apportez directement au Palais des Congr\u00e8s<br \/>\n&#8211; Pour permettre la mise \u00e0 disposition de votre poster aussi sous forme num\u00e9rique dans l\u2019application du congr\u00e8s, merci d&#8217;envoyer votre fichier par email \u00e0 <a href=\"mailto:scientific@woncaeurope2026.org\">scientific@woncaeurope2026.org<\/a> avant le d\u00e9but du congr\u00e8s.<br \/>\n&#8211; Un num\u00e9ro d\u2019emplacement vous sera communiqu\u00e9 ult\u00e9rieurement pour que vous puissiez l\u2019affichez vous-m\u00eame \u00e0 partir du mardi 30 juin 2026 apr\u00e8s-midi (apr\u00e8s la c\u00e9r\u00e9monie d\u2019ouverture).<\/li>\n<li><strong>Impression et affichage par l\u2019organisation :<\/strong><br \/>\n&#8211; Nous pouvons imprimer et positionner votre poster directement sur le lieu du congr\u00e8s <strong>au tarif de 70 \u20ac TTC<\/strong>. Si cette option vous int\u00e9resse, merci d&#8217;envoyer votre fichier par email \u00e0 <a href=\"mailto:scientific@woncaeurope2026.org\">scientific@woncaeurope2026.org<\/a> avant le <strong>30 avril 2026<\/strong>. Important : sans r\u00e8glement pr\u00e9alable, l\u2019impression ne pourra pas \u00eatre effectu\u00e9e.<br \/>\n&#8211; L\u2019organisation se chargera de placer votre poster sur son emplacement d\u2019affichage au d\u00e9but du congr\u00e8s.<\/li>\n<\/ol>\n<ul>\n<li>A la fin du congr\u00e8s, vous pourrez d\u00e9tacher le poster apr\u00e8s la c\u00e9r\u00e9monie de cl\u00f4ture. Tout poster non r\u00e9cup\u00e9r\u00e9 sera malheureusement d\u00e9truit.<\/li>\n<\/ul>\n<p>[\/vc_column_text][\/vc_column][\/vc_row][vc_row][vc_column]<div id=\"ultimate-heading-86396a072bf181a39\" class=\"uvc-heading ult-adjust-bottom-margin ultimate-heading-86396a072bf181a39 uvc-6363  uvc-heading-default-font-sizes\" data-hspacer=\"no_spacer\"  data-halign=\"left\" style=\"text-align:left\"><div class=\"uvc-heading-spacer no_spacer\" style=\"top\"><\/div><div class=\"uvc-main-heading ult-responsive\"  data-ultimate-target='.uvc-heading.ultimate-heading-86396a072bf181a39 h3'  data-responsive-json-new='{\"font-size\":\"\",\"line-height\":\"\"}' ><h3 style=\"font-weight:bold;color:#B41B36;\">E-Poster<\/h3><\/div><\/div>[vc_empty_space][vc_column_text css=&#8221;&#8221;]<strong>&gt; Pr\u00e9sentation affich\u00e9e d\u2019un poster scientifique<\/strong> structur\u00e9 selon le plan suivant : contexte, objectif, m\u00e9thode, r\u00e9sultats et conclusion. Le poster sera affich\u00e9 sous format num\u00e9rique, sur des \u00e9crans d\u00e9di\u00e9s et dans l\u2019application du congr\u00e8s.<\/p>\n<p><span style=\"text-decoration: underline;\">En pratique<\/span><\/p>\n<ul>\n<li><strong>Le poster doit \u00eatre au format paysage <\/strong>(16:9 pour les bornes consultables dans la zone d&#8217;exposition)<strong> ET au format portrait <\/strong>(16:9 pour \u00eatre int\u00e9gr\u00e9 dans l&#8217;application)<\/li>\n<li>T\u00e9l\u00e9chargez <a href=\"https:\/\/woncaeurope2026.org\/wp-content\/uploads\/2026\/04\/Wonca-Europe-Conference-2026-oral-presentation.pptx\" target=\"_blank\" rel=\"noopener\">ici<\/a> le masque de poster<\/li>\n<li>N\u2019oubliez pas d\u2019y d\u00e9clarer vos liens d\u2019int\u00e9r\u00eats<\/li>\n<li>Tout e-poster doit \u00eatre r\u00e9dig\u00e9 en anglais.<\/li>\n<li>Envoyez votre fichier par email \u00e0 <a href=\"mailto:scientific@woncaeurope2026.org\" target=\"_blank\" rel=\"noopener\">scientific@woncaeurope2026.org<\/a> au plus tard le <strong>26 mai 2026.<\/strong><\/li>\n<li>Les E-Posters ne peuvent pas b\u00e9n\u00e9ficier du service impression poster. Ce service est propos\u00e9 <strong>uniquement<\/strong> aux posters comment\u00e9s et posters affich\u00e9s.<\/li>\n<\/ul>\n<p>[\/vc_column_text][\/vc_column][\/vc_row][vc_row][vc_column]<div id=\"ultimate-heading-12386a072bf181a82\" class=\"uvc-heading ult-adjust-bottom-margin ultimate-heading-12386a072bf181a82 uvc-9827  uvc-heading-default-font-sizes\" data-hspacer=\"no_spacer\"  data-halign=\"left\" style=\"text-align:left\"><div class=\"uvc-heading-spacer no_spacer\" style=\"top\"><\/div><div class=\"uvc-main-heading ult-responsive\"  data-ultimate-target='.uvc-heading.ultimate-heading-12386a072bf181a82 h3'  data-responsive-json-new='{\"font-size\":\"\",\"line-height\":\"\"}' ><h3 style=\"font-weight:bold;color:#B41B36;\">Symposium<\/h3><\/div><\/div>[vc_empty_space][vc_column_text css=&#8221;&#8221;]<strong>&gt; Pr\u00e9sentation propos\u00e9e par un partenaire, pendant 60 minutes<\/strong> pendant le temps de pause de midi. Le format est libre, et la partie interactive est habituellement plus courte que dans un atelier. Des applications de sondage \u00e9lectronique peuvent \u00eatre utilis\u00e9es.<\/p>\n<p><span style=\"text-decoration: underline;\">En pratique<\/span><\/p>\n<ul>\n<li>T\u00e9l\u00e9chargez <a href=\"https:\/\/woncaeurope2026.org\/wp-content\/uploads\/2026\/04\/Wonca-Europe-Conference-2026-oral-presentation.pptx\" target=\"_blank\" rel=\"noopener\">ici<\/a> le masque pour votre pr\u00e9sentation<\/li>\n<li>N\u2019oubliez pas d\u2019y d\u00e9clarer vos liens d\u2019int\u00e9r\u00eats<\/li>\n<li>Veuillez noter qu\u2019aucun branchement de mat\u00e9riel personnel ne pourra \u00eatre effectu\u00e9 directement sur l\u2019ordinateur en derni\u00e8re minute.<\/li>\n<li>Si vous avez des besoins sp\u00e9cifiques pour votre symposium, merci de nous les indiquer avant le <strong>20 avril 2026<\/strong> \u00e0 l&#8217;adresse <a href=\"mailto:scientific@woncaeurope2026.org\" target=\"_blank\" rel=\"noopener\">scientific@woncaeurope2026.org<\/a><\/li>\n<li>Votre pr\u00e9sentation devra \u00eatre d\u00e9pos\u00e9e en salle de pr\u00e9 projection <strong>au moins 2 heures avant le d\u00e9but de votre session.<\/strong>.<\/li>\n<\/ul>\n<p>[\/vc_column_text][\/vc_column][\/vc_row][vc_row][vc_column][vc_empty_space][\/vc_column][\/vc_row][vc_row disable_element=&#8221;yes&#8221;][vc_column]<div class=\" ubtn-ctn-center \"><a class=\"ubtn-link ult-adjust-bottom-margin ubtn-center ubtn-custom \" href=\"https:\/\/woncaeurope2026.org\/wp-content\/uploads\/2025\/11\/Wonca-Europe-2026-Conference-Submission-guidelines-25-novembre-2025.pdf\" title=\"Abstract Submission Guidelines - Wonca Europe Conference 2026\" target=\"_blank\" rel=\"noopener\" ><button type=\"button\" id=\"ubtn-7119\"  class=\"ubtn ult-adjust-bottom-margin ult-responsive ubtn-custom ubtn-no-hover-bg  none  ubtn-center   tooltip-6a072bf181ad2\"  data-hover=\"\" data-border-color=\"#111E41\" data-bg=\"#111E41\" data-hover-bg=\"\" data-border-hover=\"\" data-shadow-hover=\"\" data-shadow-click=\"none\" data-shadow=\"\" data-shd-shadow=\"\"  data-ultimate-target='#ubtn-7119'  data-responsive-json-new='{\"font-size\":\"desktop:16px;\",\"line-height\":\"\"}'  style=\"font-weight:bold;width:400px;min-height:60px;padding:px px;border-radius:20px;border-width:1px;border-color:#111E41;border-style:solid;background: #111E41;color: #FFFFFF;\"><span class=\"ubtn-hover\" style=\"background-color:\"><\/span><span class=\"ubtn-data ubtn-text \" >Download Abstract Submission Guidelines<\/span><\/button><\/a><\/div><div class=\" ubtn-ctn-center \"><a class=\"ubtn-link ult-adjust-bottom-margin ubtn-center ubtn-custom \" href=\"https:\/\/www.submission.woncaeurope2026.org\/abstract.aspx?e=778&culture=en-GB\" title=\"Abstract Submission - Wonca Europe Conference 2026\" target=\"_blank\" rel=\"noopener\" ><button type=\"button\" id=\"ubtn-9231\"  class=\"ubtn ult-adjust-bottom-margin ult-responsive ubtn-custom ubtn-no-hover-bg  none  ubtn-center   tooltip-6a072bf181b5a\"  data-hover=\"\" data-border-color=\"#111E41\" data-bg=\"#111E41\" data-hover-bg=\"\" data-border-hover=\"\" data-shadow-hover=\"\" data-shadow-click=\"none\" data-shadow=\"\" data-shd-shadow=\"\"  data-ultimate-target='#ubtn-9231'  data-responsive-json-new='{\"font-size\":\"desktop:16px;\",\"line-height\":\"\"}'  style=\"font-weight:bold;width:400px;min-height:60px;padding:px px;border-radius:20px;border-width:1px;border-color:#111E41;border-style:solid;background: #111E41;color: #FFFFFF;\"><span class=\"ubtn-hover\" style=\"background-color:\"><\/span><span class=\"ubtn-data ubtn-text \" >Submit your abstract<\/span><\/button><\/a><\/div>[\/vc_column][\/vc_row][vc_row disable_element=&#8221;yes&#8221;][vc_column][vc_empty_space][vc_column_text css=&#8221;&#8221;]If you have any questions, please contact the scientific secretariat :<\/p>\n<ul>\n<li>By phone: +33 (0)1 40 88 97 97<\/li>\n<li>By email: scientific@woncaeurope2026.org<\/li>\n<\/ul>\n<p>[\/vc_column_text][\/vc_column][\/vc_row]<\/p>\n<\/div>","protected":false},"excerpt":{"rendered":"<p>[vc_row][vc_column][vc_empty_space][\/vc_column][\/vc_row][vc_row][vc_column][vc_column_text] [\/vc_column_text][\/vc_column][\/vc_row][vc_row][vc_column][vc_column_text css=&#8221;&#8221;]Les r\u00e9sultats de la s\u00e9lection des abstracts ont \u00e9t\u00e9 envoy\u00e9s fin f\u00e9vrier. Si vous ne les avez pas re\u00e7us, merci de contacter scientific@woncaeurope2026.org[\/vc_column_text][vc_empty_space][vc_column_text css=&#8221;&#8221;]&gt; Session interactive de 60 minutes. L\u2019atelier peut comprendre un ou plusieurs temps de pr\u00e9sentations, mais il est recommand\u00e9 de maximiser le temps consacr\u00e9 aux \u00e9changes entre participants : travail&hellip;<\/p>\n","protected":false},"author":1,"featured_media":0,"parent":0,"menu_order":0,"comment_status":"closed","ping_status":"closed","template":"","meta":{"_bbp_topic_count":0,"_bbp_reply_count":0,"_bbp_total_topic_count":0,"_bbp_total_reply_count":0,"_bbp_voice_count":0,"_bbp_anonymous_reply_count":0,"_bbp_topic_count_hidden":0,"_bbp_reply_count_hidden":0,"_bbp_forum_subforum_count":0,"inline_featured_image":false,"footnotes":""},"class_list":["post-6665","page","type-page","status-publish","hentry","description-off"],"_links":{"self":[{"href":"https:\/\/woncaeurope2026.org\/fr\/wp-json\/wp\/v2\/pages\/6665","targetHints":{"allow":["GET"]}}],"collection":[{"href":"https:\/\/woncaeurope2026.org\/fr\/wp-json\/wp\/v2\/pages"}],"about":[{"href":"https:\/\/woncaeurope2026.org\/fr\/wp-json\/wp\/v2\/types\/page"}],"author":[{"embeddable":true,"href":"https:\/\/woncaeurope2026.org\/fr\/wp-json\/wp\/v2\/users\/1"}],"replies":[{"embeddable":true,"href":"https:\/\/woncaeurope2026.org\/fr\/wp-json\/wp\/v2\/comments?post=6665"}],"version-history":[{"count":13,"href":"https:\/\/woncaeurope2026.org\/fr\/wp-json\/wp\/v2\/pages\/6665\/revisions"}],"predecessor-version":[{"id":7118,"href":"https:\/\/woncaeurope2026.org\/fr\/wp-json\/wp\/v2\/pages\/6665\/revisions\/7118"}],"wp:attachment":[{"href":"https:\/\/woncaeurope2026.org\/fr\/wp-json\/wp\/v2\/media?parent=6665"}],"curies":[{"name":"wp","href":"https:\/\/api.w.org\/{rel}","templated":true}]}}