{"id":6469,"date":"2026-03-11T12:13:10","date_gmt":"2026-03-11T12:13:10","guid":{"rendered":"https:\/\/woncaeurope2026.org\/?page_id=6469"},"modified":"2026-03-11T14:29:25","modified_gmt":"2026-03-11T14:29:25","slug":"press-media","status":"publish","type":"page","link":"https:\/\/woncaeurope2026.org\/fr\/press-media\/","title":{"rendered":"press \/ media"},"content":{"rendered":"<div class=\"wpb-content-wrapper\"><p>[vc_row][vc_column]<div id=\"ultimate-heading-659569f87a30b5bb1\" class=\"uvc-heading ult-adjust-bottom-margin ultimate-heading-659569f87a30b5bb1 uvc-8764  uvc-heading-default-font-sizes\" data-hspacer=\"no_spacer\"  data-halign=\"left\" style=\"text-align:left\"><div class=\"uvc-heading-spacer no_spacer\" style=\"top\"><\/div><div class=\"uvc-main-heading ult-responsive\"  data-ultimate-target='.uvc-heading.ultimate-heading-659569f87a30b5bb1 h2'  data-responsive-json-new='{\"font-size\":\"\",\"line-height\":\"\"}' ><h2 style=\"--font-weight:theme;color:#1A294F;\">PRESS \/ MEDIA<\/h2><\/div><\/div>[vc_empty_space][\/vc_column][\/vc_row][vc_row][vc_column]<div id=\"ultimate-heading-511769f87a30b5c21\" class=\"uvc-heading ult-adjust-bottom-margin ultimate-heading-511769f87a30b5c21 uvc-2935  uvc-heading-default-font-sizes\" data-hspacer=\"no_spacer\"  data-halign=\"left\" style=\"text-align:left\"><div class=\"uvc-heading-spacer no_spacer\" style=\"top\"><\/div><div class=\"uvc-main-heading ult-responsive\"  data-ultimate-target='.uvc-heading.ultimate-heading-511769f87a30b5c21 h3'  data-responsive-json-new='{\"font-size\":\"\",\"line-height\":\"\"}' ><h3 style=\"font-weight:bold;color:#B41B36;\">Accr\u00e9ditation et contact presse<\/h3><\/div><\/div>[vc_empty_space][vc_column_text css=&#8221;&#8221;]Pour toute information sur l\u2019\u00e9v\u00e9nement, des demandes de partenariats m\u00e9dia y compris les demande d\u2019accr\u00e9ditation, contactez : <a href=\"mailto:woncaeurope2026@overcome.fr\">woncaeurope2026@overcome.fr<\/a>[\/vc_column_text]<div class=\" ubtn-ctn-left \"><button type=\"button\" id=\"ubtn-3085\"  class=\"ubtn ult-adjust-bottom-margin ult-responsive ubtn-custom ubtn-no-hover-bg  none  ubtn-left   tooltip-69f87a30b5c73\"  data-hover=\"\" data-border-color=\"\" data-bg=\"#DB3433\" data-hover-bg=\"\" data-border-hover=\"\" data-shadow-hover=\"\" data-shadow-click=\"none\" data-shadow=\"\" data-shd-shadow=\"\"  data-ultimate-target='#ubtn-3085'  data-responsive-json-new='{\"font-size\":\"desktop:21px;\",\"line-height\":\"\"}'  style=\"font-weight:bold;width:600px;min-height:60px;padding:px px;border-radius:20px;border-width:1px;border-color:;border-style:solid;background: #DB3433;color: #FFFFFF;\"><span class=\"ubtn-hover\" style=\"background-color:\"><\/span><span class=\"ubtn-data ubtn-text \" >Communiqu\u00e9 de presse<\/span><\/button><\/div>[\/vc_column][\/vc_row][vc_row][vc_column]<div id=\"ultimate-heading-642369f87a30b5d1b\" class=\"uvc-heading ult-adjust-bottom-margin ultimate-heading-642369f87a30b5d1b uvc-4065  uvc-heading-default-font-sizes\" data-hspacer=\"no_spacer\"  data-halign=\"left\" style=\"text-align:left\"><div class=\"uvc-heading-spacer no_spacer\" style=\"top\"><\/div><div class=\"uvc-main-heading ult-responsive\"  data-ultimate-target='.uvc-heading.ultimate-heading-642369f87a30b5d1b h3'  data-responsive-json-new='{\"font-size\":\"\",\"line-height\":\"\"}' ><h3 style=\"font-weight:bold;color:#B41B36;\">Kit communication<\/h3><\/div><\/div>[vc_empty_space][vc_column_text css=&#8221;&#8221;]<strong>Votre engagement envers le 30\u00e8me Congr\u00e8s WONCA Europe 2026 est pr\u00e9cieux.<\/strong><br \/>\nAvec le Kit Communication, nous vous offrons un outil pour partager et informer efficacement votre r\u00e9seau, vos pairs et partenaires.<br \/>\nCe Kit a \u00e9t\u00e9 sp\u00e9cialement con\u00e7u pour vous, afin de communiquer sur l\u2019\u00e9v\u00e9nement de mani\u00e8re claire et impactante.<br \/>\nVous y trouverez l\u2019affiche officielle du Congr\u00e8s, des exemples de publications pour les r\u00e9seaux sociaux, des banni\u00e8res pour votre site web\u2026[\/vc_column_text]<div class=\" ubtn-ctn-left \"><button type=\"button\" id=\"ubtn-7479\"  class=\"ubtn ult-adjust-bottom-margin ult-responsive ubtn-custom ubtn-no-hover-bg  none  ubtn-left   tooltip-69f87a30b5d68\"  data-hover=\"\" data-border-color=\"\" data-bg=\"#DB3433\" data-hover-bg=\"\" data-border-hover=\"\" data-shadow-hover=\"\" data-shadow-click=\"none\" data-shadow=\"\" data-shd-shadow=\"\"  data-ultimate-target='#ubtn-7479'  data-responsive-json-new='{\"font-size\":\"desktop:21px;\",\"line-height\":\"\"}'  style=\"font-weight:bold;width:600px;min-height:60px;padding:px px;border-radius:20px;border-width:1px;border-color:;border-style:solid;background: #DB3433;color: #FFFFFF;\"><span class=\"ubtn-hover\" style=\"background-color:\"><\/span><span class=\"ubtn-data ubtn-text \" >Kit communication<\/span><\/button><\/div>[\/vc_column][\/vc_row]<\/p>\n<\/div>","protected":false},"excerpt":{"rendered":"<p>[vc_row][vc_column][vc_empty_space][\/vc_column][\/vc_row][vc_row][vc_column][vc_empty_space][vc_column_text css=&#8221;&#8221;]Pour toute information sur l\u2019\u00e9v\u00e9nement, des demandes de partenariats m\u00e9dia y compris les demande d\u2019accr\u00e9ditation, contactez : woncaeurope2026@overcome.fr[\/vc_column_text][\/vc_column][\/vc_row][vc_row][vc_column][vc_empty_space][vc_column_text css=&#8221;&#8221;]Votre engagement envers le 30\u00e8me Congr\u00e8s WONCA Europe 2026 est pr\u00e9cieux. Avec le Kit Communication, nous vous offrons un outil pour partager et informer efficacement votre r\u00e9seau, vos pairs et partenaires. Ce Kit a \u00e9t\u00e9 sp\u00e9cialement&hellip;<\/p>\n","protected":false},"author":1,"featured_media":0,"parent":0,"menu_order":0,"comment_status":"closed","ping_status":"closed","template":"","meta":{"_bbp_topic_count":0,"_bbp_reply_count":0,"_bbp_total_topic_count":0,"_bbp_total_reply_count":0,"_bbp_voice_count":0,"_bbp_anonymous_reply_count":0,"_bbp_topic_count_hidden":0,"_bbp_reply_count_hidden":0,"_bbp_forum_subforum_count":0,"inline_featured_image":false,"footnotes":""},"class_list":["post-6469","page","type-page","status-publish","hentry","description-off"],"_links":{"self":[{"href":"https:\/\/woncaeurope2026.org\/fr\/wp-json\/wp\/v2\/pages\/6469","targetHints":{"allow":["GET"]}}],"collection":[{"href":"https:\/\/woncaeurope2026.org\/fr\/wp-json\/wp\/v2\/pages"}],"about":[{"href":"https:\/\/woncaeurope2026.org\/fr\/wp-json\/wp\/v2\/types\/page"}],"author":[{"embeddable":true,"href":"https:\/\/woncaeurope2026.org\/fr\/wp-json\/wp\/v2\/users\/1"}],"replies":[{"embeddable":true,"href":"https:\/\/woncaeurope2026.org\/fr\/wp-json\/wp\/v2\/comments?post=6469"}],"version-history":[{"count":5,"href":"https:\/\/woncaeurope2026.org\/fr\/wp-json\/wp\/v2\/pages\/6469\/revisions"}],"predecessor-version":[{"id":6496,"href":"https:\/\/woncaeurope2026.org\/fr\/wp-json\/wp\/v2\/pages\/6469\/revisions\/6496"}],"wp:attachment":[{"href":"https:\/\/woncaeurope2026.org\/fr\/wp-json\/wp\/v2\/media?parent=6469"}],"curies":[{"name":"wp","href":"https:\/\/api.w.org\/{rel}","templated":true}]}}