{"id":5276,"date":"2026-01-22T08:58:02","date_gmt":"2026-01-22T08:58:02","guid":{"rendered":"https:\/\/woncaeurope2026.org\/?page_id=5276"},"modified":"2026-02-16T21:56:22","modified_gmt":"2026-02-16T21:56:22","slug":"wonca-eyfdmpreconferenceexchange","status":"publish","type":"page","link":"https:\/\/woncaeurope2026.org\/fr\/wonca-eyfdmpreconferenceexchange\/","title":{"rendered":"WONCA EYFDM Pr\u00e9-Conf\u00e9rence Exchange"},"content":{"rendered":"<div class=\"wpb-content-wrapper\"><p>[vc_row][vc_column]<div id=\"ultimate-heading-296569eb95138423b\" class=\"uvc-heading ult-adjust-bottom-margin ultimate-heading-296569eb95138423b uvc-7168  uvc-heading-default-font-sizes\" data-hspacer=\"no_spacer\"  data-halign=\"center\" style=\"text-align:center\"><div class=\"uvc-heading-spacer no_spacer\" style=\"top\"><\/div><div class=\"uvc-main-heading ult-responsive\"  data-ultimate-target='.uvc-heading.ultimate-heading-296569eb95138423b h2'  data-responsive-json-new='{\"font-size\":\"\",\"line-height\":\"\"}' ><h2 style=\"font-weight:bold;color:#1A294F;\">EYFDM Pr\u00e9-Conf\u00e9rence Exchange : D\u00e9couvrez la M\u00e9decine G\u00e9n\u00e9rale en France !<\/h2><\/div><\/div>[vc_empty_space][vc_column_text css=&#8221;&#8221;]<strong>\u00cates-vous un\u00b7e jeune MG ou un\u00b7e interne souhaitant \u00e9largir vos horizons ?<\/strong><\/p>\n<p>Nous sommes ravis de vous inviter au <strong>EYFDM Pr\u00e9-Conf\u00e9rence Exchange<\/strong>, qui se d\u00e9roulera juste avant la EYFDM Pr\u00e9-Conf\u00e9rence.<\/p>\n<p>D\u00e9couvrez le quotidien d\u2019un \u00ab Cabinet M\u00e9dical \u00bb fran\u00e7ais gr\u00e2ce \u00e0 <strong>2 jours d\u2019observation clinique<\/strong> et \u00e9changez avec des praticiens locaux.<\/p>\n<ul>\n<li><strong> Dates :<\/strong> 25\u201326 juin 2026<\/li>\n<li><strong>Lieu :<\/strong> Cabinets h\u00f4tes dans toute la France<\/li>\n<\/ul>\n<p>[\/vc_column_text][\/vc_column][\/vc_row][vc_row][vc_column width=&#8221;1\/2&#8243;][vc_empty_space]<div id=\"ultimate-heading-191369eb9513842ad\" class=\"uvc-heading ult-adjust-bottom-margin ultimate-heading-191369eb9513842ad uvc-9194 \" data-hspacer=\"no_spacer\"  data-halign=\"center\" style=\"text-align:center\"><div class=\"uvc-heading-spacer no_spacer\" style=\"top\"><\/div><div class=\"uvc-main-heading ult-responsive\"  data-ultimate-target='.uvc-heading.ultimate-heading-191369eb9513842ad h2'  data-responsive-json-new='{\"font-size\":\"desktop:30px;\",\"line-height\":\"\"}' ><h2 style=\"font-weight:bold;color:#60B592;\">Pourquoi rejoindre l\u2019Echange ?<\/h2><\/div><\/div>[vc_empty_space][vc_column_text css=&#8221;&#8221;]<\/p>\n<ul>\n<li><strong> Immersion professionnelle :<\/strong> D\u00e9couvrez concr\u00e8tement comment les soins primaires sont organis\u00e9s dans le syst\u00e8me de sant\u00e9 fran\u00e7ais.<\/li>\n<li><strong>R\u00e9seau international :<\/strong> Cr\u00e9ez des liens professionnels durables avec des GP fran\u00e7ais et d\u2019autres jeunes m\u00e9decins venus de toute l\u2019Europe.<\/li>\n<li><strong>Exp\u00e9rience culturelle :<\/strong> D\u00e9couvrez l\u2019art de vivre \u00e0 la fran\u00e7aise de l\u2019int\u00e9rieur, au-del\u00e0 des parcours touristiques.<\/li>\n<\/ul>\n<p>[\/vc_column_text][\/vc_column][vc_column width=&#8221;1\/2&#8243;][vc_single_image image=&#8221;5284&#8243; img_size=&#8221;full&#8221; alignment=&#8221;center&#8221; css=&#8221;&#8221;][\/vc_column][\/vc_row][vc_row][vc_column]<div id=\"ultimate-heading-876369eb9513842fd\" class=\"uvc-heading ult-adjust-bottom-margin ultimate-heading-876369eb9513842fd uvc-5344 \" data-hspacer=\"no_spacer\"  data-halign=\"left\" style=\"text-align:left\"><div class=\"uvc-heading-spacer no_spacer\" style=\"top\"><\/div><div class=\"uvc-main-heading ult-responsive\"  data-ultimate-target='.uvc-heading.ultimate-heading-876369eb9513842fd h2'  data-responsive-json-new='{\"font-size\":\"desktop:30px;\",\"line-height\":\"\"}' ><h2 style=\"font-weight:bold;color:#60B592;\">\u26a0\ufe0f Informations logistiques importantes<\/h2><\/div><\/div>[vc_empty_space][vc_column_text css=&#8221;&#8221;]Veuillez noter que ce programme repose <strong>uniquement sur un stage d\u2019observation<\/strong>.<\/p>\n<ul>\n<li><strong> Frais :<\/strong> Tous les co\u00fbts li\u00e9s au transport, aux repas et \u00e0 l\u2019h\u00e9bergement sont enti\u00e8rement \u00e0 la charge des participant\u00b7e\u00b7s.<\/li>\n<li><strong>H\u00e9bergement :<\/strong> Les m\u00e9decins h\u00f4tes ne fournissent pas d\u2019h\u00e9bergement.<\/li>\n<\/ul>\n<p>[\/vc_column_text][\/vc_column][\/vc_row][vc_row][vc_column]<div id=\"ultimate-heading-60269eb951384349\" class=\"uvc-heading ult-adjust-bottom-margin ultimate-heading-60269eb951384349 uvc-3473 \" data-hspacer=\"no_spacer\"  data-halign=\"left\" style=\"text-align:left\"><div class=\"uvc-heading-spacer no_spacer\" style=\"top\"><\/div><div class=\"uvc-main-heading ult-responsive\"  data-ultimate-target='.uvc-heading.ultimate-heading-60269eb951384349 h2'  data-responsive-json-new='{\"font-size\":\"desktop:30px;\",\"line-height\":\"\"}' ><h2 style=\"font-weight:bold;color:#60B592;\">Les candidatures sont closes !<\/h2><\/div><\/div>[vc_empty_space][vc_column_text css=&#8221;&#8221;]Merci pour votre int\u00e9r\u00eat \u00e0 nous rejoindre en France. Les candidatures sont d\u00e9sormais officiellement closes.<\/p>\n<p>La date limite de candidature \u00e9tait fix\u00e9e au<strong> 13 f\u00e9vrier 2026<\/strong>, et les r\u00e9ponses seront communiqu\u00e9es d\u2019ici le <strong>25 f\u00e9vrier 2026.<\/strong>[\/vc_column_text][vc_empty_space][\/vc_column][\/vc_row][vc_row disable_element=&#8221;yes&#8221;][vc_column]<div class=\" ubtn-ctn-center \"><a class=\"ubtn-link ult-adjust-bottom-margin ubtn-center ubtn-custom \" href=\"https:\/\/docs.google.com\/forms\/d\/e\/1FAIpQLScjhbLopXSvIN-g8WKrWdrcRXrNk3WHgPbj_4GPgjTNV9tQaw\/viewform\" ><button type=\"button\" id=\"ubtn-7847\"  class=\"ubtn ult-adjust-bottom-margin ult-responsive ubtn-custom ubtn-no-hover-bg  none  ubtn-center   tooltip-69eb95138439a\"  data-hover=\"\" data-border-color=\"#60B592\" data-bg=\"#60B592\" data-hover-bg=\"\" data-border-hover=\"\" data-shadow-hover=\"\" data-shadow-click=\"none\" data-shadow=\"\" data-shd-shadow=\"\"  data-ultimate-target='#ubtn-7847'  data-responsive-json-new='{\"font-size\":\"desktop:25px;\",\"line-height\":\"desktop:25px;\"}'  style=\"font-weight:bold;width:350px;min-height:80px;padding:26px 26px;border-radius:25px;border-width:0px;border-color:#60B592;border-style:inset;background: #60B592;color: #FFFFFF;\"><span class=\"ubtn-hover\" style=\"background-color:\"><\/span><span class=\"ubtn-data ubtn-text \" >CANDIDATEZ<\/span><\/button><\/a><\/div>[vc_column_text css=&#8221;&#8221;]<\/p>\n<p style=\"text-align: center;\"><span data-teams=\"true\"><strong>Date limite de d\u00e9p\u00f4t des candidatures :<\/strong> 13 f\u00e9vrier 2026<br \/>\n<strong>R\u00e9ponses communiqu\u00e9es au plus tard le :<\/strong> 25 f\u00e9vrier<\/span><\/p>\n<p>[\/vc_column_text][\/vc_column][\/vc_row][vc_row][vc_column][vc_empty_space][vc_column_text css=&#8221;&#8221;]<strong>Si vous avez des questions ou rencontrez des difficult\u00e9s, veuillez nous contacter par email :<\/strong><br data-start=\"678\" data-end=\"681\" \/>\ud83d\udce7 <a href=\"mailto:preconferenceexchange@woncaeurope2026.org\">preconferenceexchange@woncaeurope2026.org<\/a>[\/vc_column_text][\/vc_column][\/vc_row]<\/p>\n<\/div>","protected":false},"excerpt":{"rendered":"<p>[vc_row][vc_column][vc_empty_space][vc_column_text css=&#8221;&#8221;]\u00cates-vous un\u00b7e jeune MG ou un\u00b7e interne souhaitant \u00e9largir vos horizons ? Nous sommes ravis de vous inviter au EYFDM Pr\u00e9-Conf\u00e9rence Exchange, qui se d\u00e9roulera juste avant la EYFDM Pr\u00e9-Conf\u00e9rence. D\u00e9couvrez le quotidien d\u2019un \u00ab Cabinet M\u00e9dical \u00bb fran\u00e7ais gr\u00e2ce \u00e0 2 jours d\u2019observation clinique et \u00e9changez avec des praticiens locaux. Dates : 25\u201326&hellip;<\/p>\n","protected":false},"author":1,"featured_media":0,"parent":0,"menu_order":0,"comment_status":"closed","ping_status":"closed","template":"","meta":{"_bbp_topic_count":0,"_bbp_reply_count":0,"_bbp_total_topic_count":0,"_bbp_total_reply_count":0,"_bbp_voice_count":0,"_bbp_anonymous_reply_count":0,"_bbp_topic_count_hidden":0,"_bbp_reply_count_hidden":0,"_bbp_forum_subforum_count":0,"inline_featured_image":false,"footnotes":""},"class_list":["post-5276","page","type-page","status-publish","hentry","description-off"],"_links":{"self":[{"href":"https:\/\/woncaeurope2026.org\/fr\/wp-json\/wp\/v2\/pages\/5276","targetHints":{"allow":["GET"]}}],"collection":[{"href":"https:\/\/woncaeurope2026.org\/fr\/wp-json\/wp\/v2\/pages"}],"about":[{"href":"https:\/\/woncaeurope2026.org\/fr\/wp-json\/wp\/v2\/types\/page"}],"author":[{"embeddable":true,"href":"https:\/\/woncaeurope2026.org\/fr\/wp-json\/wp\/v2\/users\/1"}],"replies":[{"embeddable":true,"href":"https:\/\/woncaeurope2026.org\/fr\/wp-json\/wp\/v2\/comments?post=5276"}],"version-history":[{"count":12,"href":"https:\/\/woncaeurope2026.org\/fr\/wp-json\/wp\/v2\/pages\/5276\/revisions"}],"predecessor-version":[{"id":5881,"href":"https:\/\/woncaeurope2026.org\/fr\/wp-json\/wp\/v2\/pages\/5276\/revisions\/5881"}],"wp:attachment":[{"href":"https:\/\/woncaeurope2026.org\/fr\/wp-json\/wp\/v2\/media?parent=5276"}],"curies":[{"name":"wp","href":"https:\/\/api.w.org\/{rel}","templated":true}]}}