{"id":5200,"date":"2026-01-12T09:59:54","date_gmt":"2026-01-12T09:59:54","guid":{"rendered":"https:\/\/woncaeurope2026.org\/?page_id=5200"},"modified":"2026-04-21T13:49:21","modified_gmt":"2026-04-21T13:49:21","slug":"newsletters-fr","status":"publish","type":"page","link":"https:\/\/woncaeurope2026.org\/fr\/newsletters-fr\/","title":{"rendered":"Newsletters Fr"},"content":{"rendered":"<div class=\"wpb-content-wrapper\"><p>[vc_row][vc_column]<div id=\"ultimate-heading-14169eb951405416\" class=\"uvc-heading ult-adjust-bottom-margin ultimate-heading-14169eb951405416 uvc-410  uvc-heading-default-font-sizes\" data-hspacer=\"no_spacer\"  data-halign=\"left\" style=\"text-align:left\"><div class=\"uvc-heading-spacer no_spacer\" style=\"top\"><\/div><div class=\"uvc-main-heading ult-responsive\"  data-ultimate-target='.uvc-heading.ultimate-heading-14169eb951405416 h2'  data-responsive-json-new='{\"font-size\":\"\",\"line-height\":\"\"}' ><h2 style=\"--font-weight:theme;color:#1A294F;\">NEWSLETTERS<\/h2><\/div><\/div>[vc_column_text][\/vc_column_text][\/vc_column][\/vc_row][vc_row][vc_column width=&#8221;2\/3&#8243;][vc_empty_space]<div id=\"ultimate-heading-182069eb951405488\" class=\"uvc-heading ult-adjust-bottom-margin ultimate-heading-182069eb951405488 uvc-1805 \" data-hspacer=\"no_spacer\"  data-halign=\"left\" style=\"text-align:left\"><div class=\"uvc-heading-spacer no_spacer\" style=\"top\"><\/div><div class=\"uvc-main-heading ult-responsive\"  data-ultimate-target='.uvc-heading.ultimate-heading-182069eb951405488 h2'  data-responsive-json-new='{\"font-size\":\"desktop:24px;\",\"line-height\":\"\"}' ><h2 style=\"font-weight:bold;color:#DB3433;\">2026<\/h2><\/div><\/div>[vc_empty_space height=&#8221;10px&#8221;]<div id=\"ultimate-heading-63669eb9514054d9\" class=\"uvc-heading ult-adjust-bottom-margin ultimate-heading-63669eb9514054d9 uvc-8569 \" data-hspacer=\"no_spacer\"  data-halign=\"left\" style=\"text-align:left\"><div class=\"uvc-heading-spacer no_spacer\" style=\"top\"><\/div><div class=\"uvc-main-heading ult-responsive\"  data-ultimate-target='.uvc-heading.ultimate-heading-63669eb9514054d9 h2'  data-responsive-json-new='{\"font-size\":\"desktop:16px;\",\"line-height\":\"\"}' ><h2 style=\"font-weight:bold;color:#111E41;margin-bottom:4px;\">Avril<\/h2><\/div><\/div>[vc_column_text css=&#8221;&#8221;]<span style=\"color: #db3433;\"><a href=\"https:\/\/woncaeurope2026.org\/wp-content\/uploads\/2026\/04\/NL-Coup-de-Coeur-Formation-medicale.html\" target=\"_blank\" rel=\"noopener\">Formation m\u00e9dicale &#8211; Coup de c\u0153ur du Comit\u00e9 Scientifique<\/a> <em> &#8211; 21 avril<\/em><\/span><br \/>\n<span style=\"color: #db3433;\"><a href=\"https:\/\/woncaeurope2026.org\/wp-content\/uploads\/2026\/04\/NL-Premiere-session-controverse.html\" target=\"_blank\" rel=\"noopener\">Premi\u00e8re session controverse &#8211; WONCA EUROPE 2026<\/a> <em> &#8211; 14 avril<\/em><\/span><br \/>\n<span style=\"color: #db3433;\"><a href=\"https:\/\/overcome-news.net\/TNYWTEZ89\/Wonca\/897BC24CDE274681811B3768058A04F1.php\" target=\"_blank\" rel=\"noopener\">D\u00e9couvrez le synoptique &#8211; WONCA Europe 2026<\/a> <em> &#8211; 7 avril<\/em><\/span><br \/>\n<span style=\"color: #db3433;\"><a href=\"https:\/\/overcome-news.net\/TNYWTEZ89\/Wonca\/532B54B7C69A430A8C52A2D17ED05893.php\" target=\"_blank\" rel=\"noopener\">In\u00e9galit\u00e9s &#8211; Coup de c\u0153ur du Comit\u00e9 Scientifique<\/a> <em> &#8211; 1 avril<\/em><\/span>[\/vc_column_text][vc_empty_space height=&#8221;10px&#8221;]<div id=\"ultimate-heading-970769eb951405526\" class=\"uvc-heading ult-adjust-bottom-margin ultimate-heading-970769eb951405526 uvc-320 \" data-hspacer=\"no_spacer\"  data-halign=\"left\" style=\"text-align:left\"><div class=\"uvc-heading-spacer no_spacer\" style=\"top\"><\/div><div class=\"uvc-main-heading ult-responsive\"  data-ultimate-target='.uvc-heading.ultimate-heading-970769eb951405526 h2'  data-responsive-json-new='{\"font-size\":\"desktop:16px;\",\"line-height\":\"\"}' ><h2 style=\"font-weight:bold;color:#111E41;margin-bottom:4px;\">Mars<\/h2><\/div><\/div>[vc_column_text css=&#8221;&#8221;]<span style=\"color: #db3433;\"><a href=\"https:\/\/overcome-news.net\/TNYWTEZ89\/Wonca\/CA3D80F012BC47D9B1C8D4747334160B.php\" target=\"_blank\" rel=\"noopener\">Rural &#8211; Coup de c\u0153ur du Comit\u00e9 Scientifique\u00a0<\/a> <em> &#8211; 24 mars<\/em><\/span><br \/>\n<span style=\"color: #db3433;\"><a href=\"https:\/\/overcome-news.net\/TNYWTEZ89\/Wonca\/92D539E13EEB43278C92E0F5EC4D09C4.php\" target=\"_blank\" rel=\"noopener\">La Prescription Sociale &#8211; Coup de c\u0153ur du Comit\u00e9 Scientifique<\/a><em> &#8211; 17 mars<br \/>\n<\/em><\/span><a href=\"https:\/\/woncaeurope2026.org\/wp-content\/uploads\/2026\/03\/12663-wonca-fr.html\" target=\"_blank\" rel=\"noopener\">Programme du congr\u00e8s : en avant-premi\u00e8re, ce qui va faire d\u00e9bat !<\/a> &#8211; <span style=\"color: #db3433;\"><em>10 mars<br \/>\n<\/em><em><br \/>\n<\/em><\/span>[\/vc_column_text][vc_empty_space height=&#8221;10px&#8221;]<div id=\"ultimate-heading-127769eb951405571\" class=\"uvc-heading ult-adjust-bottom-margin ultimate-heading-127769eb951405571 uvc-7528 \" data-hspacer=\"no_spacer\"  data-halign=\"left\" style=\"text-align:left\"><div class=\"uvc-heading-spacer no_spacer\" style=\"top\"><\/div><div class=\"uvc-main-heading ult-responsive\"  data-ultimate-target='.uvc-heading.ultimate-heading-127769eb951405571 h2'  data-responsive-json-new='{\"font-size\":\"desktop:16px;\",\"line-height\":\"\"}' ><h2 style=\"font-weight:bold;color:#111E41;margin-bottom:4px;\">F\u00e9vrier<\/h2><\/div><\/div>[vc_column_text css=&#8221;&#8221;]<a href=\"https:\/\/woncaeurope2026.org\/wp-content\/uploads\/2026\/02\/12651-27-02-2026-WONCA-FR.html\" target=\"_blank\" rel=\"noopener\">Did you know? Les jardins secrets de Paris \u2013 WONCA Europe 2026<\/a> &#8211; <span style=\"color: #db3433;\"><em>27 f\u00e9vrier<\/em><\/span><\/p>\n<p><a href=\"https:\/\/woncaeurope2026.org\/wp-content\/uploads\/2026\/02\/12643-17-02-2026-WONCA-FR.html\" target=\"_blank\" rel=\"noopener\">O\u00f9 allez-vous dormir \u00e0 Paris ? &#8211; WONCA Europe 2026<\/a> &#8211; <span style=\"color: #db3433;\"><em>17 f\u00e9vrier<\/em><\/span><\/p>\n<p><a href=\"https:\/\/woncaeurope2026.org\/wp-content\/uploads\/2026\/02\/12626-10-02-2026-WONCA-FR.html\" target=\"_blank\" rel=\"noopener\">Immersion de terrain &#8211; WONCA Europe &amp; EYFDM 2026<\/a> &#8211; <span style=\"color: #db3433;\"><em>10 f\u00e9vrier<\/em><\/span><\/p>\n<p><a href=\"https:\/\/woncaeurope2026.org\/wp-content\/uploads\/2026\/02\/12610-04-02-2026-wonca-fr.html\" target=\"_blank\" rel=\"noopener\">Session in\u00e9dite, relevez le d\u00e9fi du Sono Challenge<\/a> &#8211; <span style=\"color: #db3433;\"><em>04 f\u00e9vrier<\/em><\/span>[\/vc_column_text][vc_empty_space height=&#8221;10px&#8221;]<div id=\"ultimate-heading-683269eb9514055ba\" class=\"uvc-heading ult-adjust-bottom-margin ultimate-heading-683269eb9514055ba uvc-3098 \" data-hspacer=\"no_spacer\"  data-halign=\"left\" style=\"text-align:left\"><div class=\"uvc-heading-spacer no_spacer\" style=\"top\"><\/div><div class=\"uvc-main-heading ult-responsive\"  data-ultimate-target='.uvc-heading.ultimate-heading-683269eb9514055ba h2'  data-responsive-json-new='{\"font-size\":\"desktop:16px;\",\"line-height\":\"\"}' ><h2 style=\"font-weight:bold;color:#111E41;margin-bottom:4px;\">Janvier<\/h2><\/div><\/div>[vc_column_text css=&#8221;&#8221;]<a href=\"https:\/\/woncaeurope2026.org\/wp-content\/uploads\/2026\/01\/12584-26-01-2026-WONCA-FR-CLOEFFEL.html\" target=\"_blank\" rel=\"noopener\">Une ann\u00e9e pour vivre le Congr\u00e8s WONCA Europe 2026<\/a> &#8211; <span style=\"color: #db3433;\"><em>27 janvier<\/em><\/span><\/p>\n<p><a href=\"https:\/\/woncaeurope2026.org\/wp-content\/uploads\/2026\/01\/12573-20-01-2026-WONCA-FR-CLOEFFEL.html\" target=\"_blank\" rel=\"noopener\">WONCA 2026 : D\u00e9couvrez la Pr\u00e9-Conference EYFDM<\/a> &#8211; <em><span style=\"color: #db3433;\">20 janvier<\/span><\/em><\/p>\n<p><a href=\"https:\/\/woncaeurope2026.org\/wp-content\/uploads\/2026\/01\/12553-14-01-2026-WONCA-FR-CLOEFFEL.html\" target=\"_blank\" rel=\"noopener\">WONCA 2026 : R\u00e9fl\u00e9chir ensemble \u00e0 la m\u00e9decine g\u00e9n\u00e9rale de demain<\/a> &#8211; <span style=\"color: #db3433;\"><em>14 janvier<\/em><\/span><\/p>\n<p><a href=\"https:\/\/woncaeurope2026.org\/wp-content\/uploads\/2026\/01\/12539-07-01-2026-WONCA-EN-CLOEFFEL.html\" target=\"_blank\" rel=\"noopener\">Happy New Year 2026 \u2013 see you at the Conference!<\/a> &#8211; <span style=\"color: #db3433;\"><em>7 janvier<\/em><\/span>[\/vc_column_text][vc_empty_space]<div id=\"ultimate-heading-674769eb951405602\" class=\"uvc-heading ult-adjust-bottom-margin ultimate-heading-674769eb951405602 uvc-6392 \" data-hspacer=\"no_spacer\"  data-halign=\"left\" style=\"text-align:left\"><div class=\"uvc-heading-spacer no_spacer\" style=\"top\"><\/div><div class=\"uvc-main-heading ult-responsive\"  data-ultimate-target='.uvc-heading.ultimate-heading-674769eb951405602 h2'  data-responsive-json-new='{\"font-size\":\"desktop:24px;\",\"line-height\":\"\"}' ><h2 style=\"font-weight:bold;color:#DB3433;\">2025<\/h2><\/div><\/div>[vc_empty_space height=&#8221;10px&#8221;]<div id=\"ultimate-heading-343969eb95140564a\" class=\"uvc-heading ult-adjust-bottom-margin ultimate-heading-343969eb95140564a uvc-1797 \" data-hspacer=\"no_spacer\"  data-halign=\"left\" style=\"text-align:left\"><div class=\"uvc-heading-spacer no_spacer\" style=\"top\"><\/div><div class=\"uvc-main-heading ult-responsive\"  data-ultimate-target='.uvc-heading.ultimate-heading-343969eb95140564a h2'  data-responsive-json-new='{\"font-size\":\"desktop:16px;\",\"line-height\":\"\"}' ><h2 style=\"font-weight:bold;color:#111E41;margin-bottom:4px;\">D\u00e9cembre<\/h2><\/div><\/div>[vc_column_text css=&#8221;&#8221;]<a href=\"https:\/\/woncaeurope2026.org\/wp-content\/uploads\/2026\/01\/12531-23-12-2025-wonca-Clara.html\" target=\"_blank\" rel=\"noopener\">Tarifs pr\u00e9f\u00e9rentiels WONCA 2026 : derniers jours !<\/a> &#8211; <em><span style=\"color: #db3433;\">26 d\u00e9cembre<\/span><\/em><\/p>\n<p><a href=\"https:\/\/woncaeurope2026.org\/wp-content\/uploads\/2026\/01\/12509-17-12-2025-WONCA-FR-CLOEFFEL.html\" target=\"_blank\" rel=\"noopener\">WONCA 2026 : Derni\u00e8re chance pour faire briller vos projets<\/a> &#8211; <em><span style=\"color: #db3433;\">18 d\u00e9cembre<\/span><\/em><\/p>\n<p><a href=\"https:\/\/woncaeurope2026.org\/wp-content\/uploads\/2026\/01\/12492-12-12-2025-WONCA-FR-CLOEFFEL.html\" target=\"_blank\" rel=\"noopener\">WONCA Europe 2026 : constituez votre groupe avant la fin du early bird !<\/a> &#8211; <em><span style=\"color: #db3433;\">12 d\u00e9cembre<\/span><\/em><\/p>\n<p><a href=\"https:\/\/woncaeurope2026.org\/wp-content\/uploads\/2026\/01\/12487-11-12-2025-WONCA-FR-CLOEFFEL.html\" target=\"_blank\" rel=\"noopener\">J-11 avant la cl\u00f4ture des abstracts &#8211; WONCA Europe 2026<\/a> &#8211; <em><span style=\"color: #db3433;\">11 d\u00e9cembre<\/span><\/em>[\/vc_column_text][vc_empty_space height=&#8221;10px&#8221;]<div id=\"ultimate-heading-913969eb951405693\" class=\"uvc-heading ult-adjust-bottom-margin ultimate-heading-913969eb951405693 uvc-664 \" data-hspacer=\"no_spacer\"  data-halign=\"left\" style=\"text-align:left\"><div class=\"uvc-heading-spacer no_spacer\" style=\"top\"><\/div><div class=\"uvc-main-heading ult-responsive\"  data-ultimate-target='.uvc-heading.ultimate-heading-913969eb951405693 h2'  data-responsive-json-new='{\"font-size\":\"desktop:16px;\",\"line-height\":\"\"}' ><h2 style=\"font-weight:bold;color:#111E41;margin-bottom:4px;\">Novembre<\/h2><\/div><\/div>[vc_column_text css=&#8221;&#8221;]<a href=\"https:\/\/woncaeurope2026.org\/wp-content\/uploads\/2026\/01\/12439-28-11-2025-WONCA-FR-CLOEFFEL.html\" target=\"_blank\" rel=\"noopener\">WONCA 2026 : Soumission d&#8217;abstract prolong\u00e9e !<\/a> &#8211; <em><span style=\"color: #db3433;\">28 novembre<\/span><\/em><\/p>\n<p><a href=\"https:\/\/woncaeurope2026.org\/wp-content\/uploads\/2026\/01\/12426-25-11-2025-WONCA-FR-CLOEFFEL.html\" target=\"_blank\" rel=\"noopener\">WONCA 2026 : Anticipez pour profiter des tarifs n\u00e9goci\u00e9s !<\/a> &#8211; <em><span style=\"color: #db3433;\">25 novembre<\/span><\/em><\/p>\n<p><a href=\"https:\/\/woncaeurope2026.org\/wp-content\/uploads\/2026\/01\/12411-14-11-2025-wonca-Angelique.html\" target=\"_blank\" rel=\"noopener\">WONCA Europe 2026 \u2013 J-10 pour soumettre votre abstract<\/a> &#8211; <em><span style=\"color: #db3433;\">15 novembre<\/span><\/em><\/p>\n<p><a href=\"https:\/\/woncaeurope2026.org\/wp-content\/uploads\/2026\/01\/12400-07-11-2025-Wonca-Clara.html\" target=\"_blank\" rel=\"noopener\">Excellence, partage, convivialit\u00e9 : rendez-vous \u00e0 Paris !<\/a> &#8211; <span style=\"color: #db3433;\"><em>6 novembre<\/em><\/span>[\/vc_column_text][vc_empty_space height=&#8221;10px&#8221;]<div id=\"ultimate-heading-179969eb9514056db\" class=\"uvc-heading ult-adjust-bottom-margin ultimate-heading-179969eb9514056db uvc-8774 \" data-hspacer=\"no_spacer\"  data-halign=\"left\" style=\"text-align:left\"><div class=\"uvc-heading-spacer no_spacer\" style=\"top\"><\/div><div class=\"uvc-main-heading ult-responsive\"  data-ultimate-target='.uvc-heading.ultimate-heading-179969eb9514056db h2'  data-responsive-json-new='{\"font-size\":\"desktop:16px;\",\"line-height\":\"\"}' ><h2 style=\"font-weight:bold;color:#111E41;margin-bottom:4px;\">Octobre<\/h2><\/div><\/div>[vc_column_text css=&#8221;&#8221;]<a href=\"https:\/\/woncaeurope2026.org\/wp-content\/uploads\/2026\/01\/12342-15-10-2025-FR-WONCA-CLOEFFEL.html\" target=\"_blank\" rel=\"noopener\">WONCA 2026: Soumettez vos abstracts &amp; inscrivez vous !<\/a> &#8211; <span style=\"color: #db3433;\"><em>15 octobre<\/em><\/span>[\/vc_column_text][vc_empty_space height=&#8221;10px&#8221;]<div id=\"ultimate-heading-118069eb951405722\" class=\"uvc-heading ult-adjust-bottom-margin ultimate-heading-118069eb951405722 uvc-4182 \" data-hspacer=\"no_spacer\"  data-halign=\"left\" style=\"text-align:left\"><div class=\"uvc-heading-spacer no_spacer\" style=\"top\"><\/div><div class=\"uvc-main-heading ult-responsive\"  data-ultimate-target='.uvc-heading.ultimate-heading-118069eb951405722 h2'  data-responsive-json-new='{\"font-size\":\"desktop:16px;\",\"line-height\":\"\"}' ><h2 style=\"font-weight:bold;color:#111E41;margin-bottom:4px;\">Septembre<\/h2><\/div><\/div>[vc_column_text css=&#8221;&#8221;]<a href=\"https:\/\/woncaeurope2026.org\/wp-content\/uploads\/2026\/01\/12249-15-09-2025-FR-WONCA-CLOEFFEL.html\" target=\"_blank\" rel=\"noopener\">Wonca Europe 2026 : l\u2019aventure commence \u00e0 Lisbonne !<\/a> &#8211; <span style=\"color: #db3433;\"><em>15 septembre<\/em><\/span>[\/vc_column_text][\/vc_column][vc_column width=&#8221;1\/3&#8243;][vc_row_inner][vc_column_inner][vc_empty_space][vc_column_text css=&#8221;&#8221;]<span style=\"color: #111e41;\">Restez inform\u00e9s de nos derni\u00e8res actualit\u00e9s sur l\u2019\u00e9v\u00e9nement.<\/span><br \/>\n<span style=\"color: #111e41;\">Abonnez-vous \u00e0 notre newsletter<\/span>[\/vc_column_text][vc_column_text css=&#8221;&#8221;]<style id=\"wpforms-css-vars-3433\">\n\t\t\t\t#wpforms-3433 {\n\t\t\t\t--wpforms-field-border-color: rgba(0, 0, 0, 0.25);\n--wpforms-field-border-color-spare: rgba(0, 0, 0, 0.25);\n--wpforms-field-text-color: rgba(0, 0, 0, 0.7);\n--wpforms-label-color: #ffffff;\n--wpforms-label-sublabel-color: rgba(0, 0, 0, 0.55);\n--wpforms-button-background-color: #db3233;\n--wpforms-field-size-input-height: 43px;\n--wpforms-field-size-input-spacing: 15px;\n--wpforms-field-size-font-size: 16px;\n--wpforms-field-size-line-height: 19px;\n--wpforms-field-size-padding-h: 14px;\n--wpforms-field-size-checkbox-size: 16px;\n--wpforms-field-size-sublabel-spacing: 5px;\n--wpforms-field-size-icon-size: 1;\n--wpforms-label-size-font-size: 16px;\n--wpforms-label-size-line-height: 19px;\n--wpforms-label-size-sublabel-font-size: 14px;\n--wpforms-label-size-sublabel-line-height: 17px;\n--wpforms-button-size-font-size: 17px;\n--wpforms-button-size-height: 41px;\n--wpforms-button-size-padding-h: 15px;\n--wpforms-button-size-margin-top: 10px;\n--wpforms-container-shadow-size-box-shadow: none;\n\t\t\t}\n\t\t\t<\/style><div class=\"wpforms-container wpforms-container-full wpforms-render-modern\" id=\"wpforms-3433\"><form id=\"wpforms-form-3433\" class=\"wpforms-validate wpforms-form wpforms-ajax-form\" data-formid=\"3433\" method=\"post\" enctype=\"multipart\/form-data\" action=\"\/fr\/wp-json\/wp\/v2\/pages\/5200\" data-token=\"32a775c0536708679c2887e02099ebca\" data-token-time=\"1777046804\"><noscript class=\"wpforms-error-noscript\">Veuillez activer JavaScript dans votre navigateur pour remplir ce formulaire.<\/noscript><div id=\"wpforms-error-noscript\" style=\"display: none;\">Veuillez activer JavaScript dans votre navigateur pour remplir ce formulaire.<\/div><div class=\"wpforms-field-container\">\t\t<div id=\"wpforms-3433-field_2-container\"\n\t\t\tclass=\"wpforms-field wpforms-field-text\"\n\t\t\tdata-field-type=\"text\"\n\t\t\tdata-field-id=\"2\"\n\t\t\t>\n\t\t\t<label class=\"wpforms-field-label\" for=\"wpforms-3433-field_2\" >Email<\/label>\n\t\t\t<input type=\"text\" id=\"wpforms-3433-field_2\" class=\"wpforms-field-medium\" name=\"wpforms[fields][2]\" >\n\t\t<\/div>\n\t\t<div id=\"wpforms-3433-field_1-container\" class=\"wpforms-field wpforms-field-email\" data-field-id=\"1\"><label class=\"wpforms-field-label wpforms-label-hide\" for=\"wpforms-3433-field_1\" aria-hidden=\"false\">Email <span class=\"wpforms-required-label\" aria-hidden=\"true\">*<\/span><\/label><input type=\"email\" id=\"wpforms-3433-field_1\" class=\"wpforms-field-large wpforms-field-required\" name=\"wpforms[fields][1]\" placeholder=\"Saisissez votre adresse mail\" spellcheck=\"false\" aria-errormessage=\"wpforms-3433-field_1-error\" required><\/div><script>\n\t\t\t\t( function() {\n\t\t\t\t\tconst style = document.createElement( 'style' );\n\t\t\t\t\tstyle.appendChild( document.createTextNode( '#wpforms-3433-field_2-container { position: absolute !important; overflow: hidden !important; display: inline !important; height: 1px !important; width: 1px !important; z-index: -1000 !important; padding: 0 !important; } #wpforms-3433-field_2-container input { visibility: hidden; } #wpforms-conversational-form-page #wpforms-3433-field_2-container label { counter-increment: none; }' ) );\n\t\t\t\t\tdocument.head.appendChild( style );\n\t\t\t\t\tdocument.currentScript?.remove();\n\t\t\t\t} )();\n\t\t\t<\/script><\/div><!-- .wpforms-field-container --><div class=\"wpforms-submit-container\" ><input type=\"hidden\" name=\"wpforms[id]\" value=\"3433\"><input type=\"hidden\" name=\"page_title\" value=\"\"><input type=\"hidden\" name=\"page_url\" value=\"https:\/\/woncaeurope2026.org\/fr\/wp-json\/wp\/v2\/pages\/5200\"><input type=\"hidden\" name=\"url_referer\" value=\"\"><button type=\"submit\" name=\"wpforms[submit]\" id=\"wpforms-submit-3433\" class=\"wpforms-submit\" data-alt-text=\"Validation en cours\" data-submit-text=\"S&#039;abonner\" aria-live=\"assertive\" value=\"wpforms-submit\">S&#039;abonner<\/button><img loading=\"lazy\" decoding=\"async\" src=\"https:\/\/woncaeurope2026.org\/wp-content\/plugins\/wpforms\/assets\/images\/submit-spin.svg\" class=\"wpforms-submit-spinner\" style=\"display: none;\" width=\"26\" height=\"26\" alt=\"Chargement en cours\"><\/div><\/form><\/div>  <!-- .wpforms-container -->[\/vc_column_text][\/vc_column_inner][\/vc_row_inner][vc_single_image image=&#8221;7134&#8243; img_size=&#8221;full&#8221; alignment=&#8221;center&#8221; onclick=&#8221;custom_link&#8221; img_link_target=&#8221;_blank&#8221; css=&#8221;&#8221; link=&#8221;https:\/\/woncaeurope2026.org\/wp-content\/uploads\/2026\/04\/NL-Coup-de-Coeur-Formation-medicale.html&#8221;][\/vc_column][\/vc_row][vc_row][vc_column][vc_column_text][\/vc_column_text][\/vc_column][\/vc_row]<\/p>\n<\/div>","protected":false},"excerpt":{"rendered":"<p>[vc_row][vc_column][vc_column_text][\/vc_column_text][\/vc_column][\/vc_row][vc_row][vc_column width=&#8221;2\/3&#8243;][vc_empty_space][vc_empty_space height=&#8221;10px&#8221;][vc_column_text css=&#8221;&#8221;]Formation m\u00e9dicale &#8211; Coup de c\u0153ur du Comit\u00e9 Scientifique &#8211; 21 avril Premi\u00e8re session controverse &#8211; WONCA EUROPE 2026 &#8211; 14 avril D\u00e9couvrez le synoptique &#8211; WONCA Europe 2026 &#8211; 7 avril In\u00e9galit\u00e9s &#8211; Coup de c\u0153ur du Comit\u00e9 Scientifique &#8211; 1 avril[\/vc_column_text][vc_empty_space height=&#8221;10px&#8221;][vc_column_text css=&#8221;&#8221;]Rural &#8211; Coup de c\u0153ur du Comit\u00e9 Scientifique\u00a0&hellip;<\/p>\n","protected":false},"author":1,"featured_media":0,"parent":0,"menu_order":0,"comment_status":"closed","ping_status":"closed","template":"","meta":{"_bbp_topic_count":0,"_bbp_reply_count":0,"_bbp_total_topic_count":0,"_bbp_total_reply_count":0,"_bbp_voice_count":0,"_bbp_anonymous_reply_count":0,"_bbp_topic_count_hidden":0,"_bbp_reply_count_hidden":0,"_bbp_forum_subforum_count":0,"inline_featured_image":false,"footnotes":""},"class_list":["post-5200","page","type-page","status-publish","hentry","description-off"],"_links":{"self":[{"href":"https:\/\/woncaeurope2026.org\/fr\/wp-json\/wp\/v2\/pages\/5200","targetHints":{"allow":["GET"]}}],"collection":[{"href":"https:\/\/woncaeurope2026.org\/fr\/wp-json\/wp\/v2\/pages"}],"about":[{"href":"https:\/\/woncaeurope2026.org\/fr\/wp-json\/wp\/v2\/types\/page"}],"author":[{"embeddable":true,"href":"https:\/\/woncaeurope2026.org\/fr\/wp-json\/wp\/v2\/users\/1"}],"replies":[{"embeddable":true,"href":"https:\/\/woncaeurope2026.org\/fr\/wp-json\/wp\/v2\/comments?post=5200"}],"version-history":[{"count":126,"href":"https:\/\/woncaeurope2026.org\/fr\/wp-json\/wp\/v2\/pages\/5200\/revisions"}],"predecessor-version":[{"id":7136,"href":"https:\/\/woncaeurope2026.org\/fr\/wp-json\/wp\/v2\/pages\/5200\/revisions\/7136"}],"wp:attachment":[{"href":"https:\/\/woncaeurope2026.org\/fr\/wp-json\/wp\/v2\/media?parent=5200"}],"curies":[{"name":"wp","href":"https:\/\/api.w.org\/{rel}","templated":true}]}}