{"id":4931,"date":"2026-01-30T13:42:27","date_gmt":"2026-01-30T13:42:27","guid":{"rendered":"https:\/\/woncaeurope2026.org\/?page_id=4931"},"modified":"2026-02-06T11:08:41","modified_gmt":"2026-02-06T11:08:41","slug":"inscription-groupe","status":"publish","type":"page","link":"https:\/\/woncaeurope2026.org\/fr\/inscription-groupe\/","title":{"rendered":"Inscription groupe"},"content":{"rendered":"<div class=\"wpb-content-wrapper\"><p>[vc_row][vc_column]<div id=\"ultimate-heading-778669e5aba68589b\" class=\"uvc-heading ult-adjust-bottom-margin ultimate-heading-778669e5aba68589b uvc-3688  uvc-heading-default-font-sizes\" data-hspacer=\"no_spacer\"  data-halign=\"left\" style=\"text-align:left\"><div class=\"uvc-heading-spacer no_spacer\" style=\"top\"><\/div><div class=\"uvc-main-heading ult-responsive\"  data-ultimate-target='.uvc-heading.ultimate-heading-778669e5aba68589b h2'  data-responsive-json-new='{\"font-size\":\"\",\"line-height\":\"\"}' ><h2 style=\"font-weight:bold;color:#1A294F;\">INSCRIPTION DE GROUPE<\/h2><\/div><\/div>[vc_column_text css=&#8221;&#8221;]Venez en groupe de 20 personnes ou plus et b\u00e9n\u00e9ficiez d\u2019une r\u00e9duction de 10\u202f% sur les frais d\u2019inscription au congr\u00e8s (hors \u00e9v\u00e9nements sociaux).<\/p>\n<p>Partagez l\u2019exp\u00e9rience, partagez les avantages\u202f!<\/p>\n<p><strong>A noter : tous les membres d\u2019un m\u00eame groupe doivent appartenir \u00e0 la m\u00eame cat\u00e9gorie tarifaire.<\/strong>[\/vc_column_text]<div id=\"ultimate-heading-646569e5aba68593b\" class=\"uvc-heading ult-adjust-bottom-margin ultimate-heading-646569e5aba68593b uvc-1881  uvc-heading-default-font-sizes\" data-hspacer=\"no_spacer\"  data-halign=\"left\" style=\"text-align:left\"><div class=\"uvc-heading-spacer no_spacer\" style=\"top\"><\/div><div class=\"uvc-main-heading ult-responsive\"  data-ultimate-target='.uvc-heading.ultimate-heading-646569e5aba68593b h4'  data-responsive-json-new='{\"font-size\":\"\",\"line-height\":\"\"}' ><h4 style=\"--font-weight:theme;color:#1A294F;\">Comment proc\u00e9der<\/h4><\/div><\/div>[vc_column_text css=&#8221;&#8221;]T\u00e9l\u00e9chargez le mod\u00e8le d\u2019inscription de groupe <strong>ci-dessous<\/strong>.<br \/>\nEnvoyez le fichier compl\u00e9t\u00e9 \u00e0\u00a0<strong><a href=\"mailto:registration@woncaeurope2026.org\">registration@woncaeurope2026.org<\/a><\/strong><br \/>\nD\u00e8s r\u00e9ception, le service inscription \u00e9mettra soit une facture individuelle par participant, soit une facture globale si la demande est effectu\u00e9e par une institution.<br \/>\nLe r\u00e8glement devra \u00eatre effectu\u00e9 par carte de cr\u00e9dit via un lien de paiement s\u00e9curis\u00e9 en ligne ou par virement bancaire.<br \/>\nLes inscriptions seront confirm\u00e9es apr\u00e8s validation du paiement.[\/vc_column_text]<div class=\" ubtn-ctn-center \"><a class=\"ubtn-link ult-adjust-bottom-margin ubtn-center ubtn-custom \" href=\"https:\/\/woncaeurope2026.org\/wp-content\/uploads\/2025\/09\/Template_Group_registration.xlsx\" ><button type=\"button\" id=\"ubtn-9464\"  class=\"ubtn ult-adjust-bottom-margin ult-responsive ubtn-custom ubtn-no-hover-bg  none  ubtn-center   tooltip-69e5aba6859b5\"  data-hover=\"\" data-border-color=\"#AEAEAE\" data-bg=\"#111E41\" data-hover-bg=\"\" data-border-hover=\"#AEAEAE\" data-shadow-hover=\"\" data-shadow-click=\"none\" data-shadow=\"\" data-shd-shadow=\"\"  data-ultimate-target='#ubtn-9464'  data-responsive-json-new='{\"font-size\":\"desktop:16px;\",\"line-height\":\"\"}'  style=\"font-weight:bold;width:400px;min-height:60px;padding:px px;border-radius:20px;border-width:1px;border-color:#AEAEAE;border-style:solid;background: #111E41;color: #FFFFFF;\"><span class=\"ubtn-hover\" style=\"background-color:\"><\/span><span class=\"ubtn-data ubtn-text \" >T\u00e9l\u00e9chargez le template d\u2019inscription de groupe<\/span><\/button><\/a><\/div>[\/vc_column][\/vc_row]<\/p>\n<\/div>","protected":false},"excerpt":{"rendered":"<p>[vc_row][vc_column][vc_column_text css=&#8221;&#8221;]Venez en groupe de 20 personnes ou plus et b\u00e9n\u00e9ficiez d\u2019une r\u00e9duction de 10\u202f% sur les frais d\u2019inscription au congr\u00e8s (hors \u00e9v\u00e9nements sociaux). Partagez l\u2019exp\u00e9rience, partagez les avantages\u202f! A noter : tous les membres d\u2019un m\u00eame groupe doivent appartenir \u00e0 la m\u00eame cat\u00e9gorie tarifaire.[\/vc_column_text][vc_column_text css=&#8221;&#8221;]T\u00e9l\u00e9chargez le mod\u00e8le d\u2019inscription de groupe ci-dessous. Envoyez le fichier&hellip;<\/p>\n","protected":false},"author":1,"featured_media":0,"parent":0,"menu_order":0,"comment_status":"closed","ping_status":"closed","template":"","meta":{"_bbp_topic_count":0,"_bbp_reply_count":0,"_bbp_total_topic_count":0,"_bbp_total_reply_count":0,"_bbp_voice_count":0,"_bbp_anonymous_reply_count":0,"_bbp_topic_count_hidden":0,"_bbp_reply_count_hidden":0,"_bbp_forum_subforum_count":0,"inline_featured_image":false,"footnotes":""},"class_list":["post-4931","page","type-page","status-publish","hentry","description-off"],"_links":{"self":[{"href":"https:\/\/woncaeurope2026.org\/fr\/wp-json\/wp\/v2\/pages\/4931","targetHints":{"allow":["GET"]}}],"collection":[{"href":"https:\/\/woncaeurope2026.org\/fr\/wp-json\/wp\/v2\/pages"}],"about":[{"href":"https:\/\/woncaeurope2026.org\/fr\/wp-json\/wp\/v2\/types\/page"}],"author":[{"embeddable":true,"href":"https:\/\/woncaeurope2026.org\/fr\/wp-json\/wp\/v2\/users\/1"}],"replies":[{"embeddable":true,"href":"https:\/\/woncaeurope2026.org\/fr\/wp-json\/wp\/v2\/comments?post=4931"}],"version-history":[{"count":6,"href":"https:\/\/woncaeurope2026.org\/fr\/wp-json\/wp\/v2\/pages\/4931\/revisions"}],"predecessor-version":[{"id":5251,"href":"https:\/\/woncaeurope2026.org\/fr\/wp-json\/wp\/v2\/pages\/4931\/revisions\/5251"}],"wp:attachment":[{"href":"https:\/\/woncaeurope2026.org\/fr\/wp-json\/wp\/v2\/media?parent=4931"}],"curies":[{"name":"wp","href":"https:\/\/api.w.org\/{rel}","templated":true}]}}