{"id":4768,"date":"2025-12-11T14:26:39","date_gmt":"2025-12-11T14:26:39","guid":{"rendered":"https:\/\/woncaeurope2026.org\/?page_id=4768"},"modified":"2025-12-15T09:28:16","modified_gmt":"2025-12-15T09:28:16","slug":"forum-fr","status":"publish","type":"page","link":"https:\/\/woncaeurope2026.org\/fr\/forum-fr\/","title":{"rendered":"Forum-fr"},"content":{"rendered":"<div class=\"wpb-content-wrapper\"><p>[vc_row][vc_column][vc_empty_space]<div id=\"ultimate-heading-342769ebe27cd3221\" class=\"uvc-heading ult-adjust-bottom-margin ultimate-heading-342769ebe27cd3221 uvc-3811  uvc-heading-default-font-sizes\" data-hspacer=\"no_spacer\"  data-halign=\"left\" style=\"text-align:left\"><div class=\"uvc-heading-spacer no_spacer\" style=\"top\"><\/div><div class=\"uvc-main-heading ult-responsive\"  data-ultimate-target='.uvc-heading.ultimate-heading-342769ebe27cd3221 h2'  data-responsive-json-new='{\"font-size\":\"\",\"line-height\":\"\"}' ><h2 style=\"--font-weight:theme;\">FORUM WONCA 2026<\/h2><\/div><\/div>[vc_empty_space][\/vc_column][\/vc_row][vc_row][vc_column][vc_column_text css=&#8221;&#8221;]Vous \u00eates seul(e) et souhaitez profiter du tarif de groupe ?<br data-start=\"381\" data-end=\"384\" \/>Votre groupe est presque complet et il vous manque encore quelques personnes ?<\/p>\n<p data-start=\"466\" data-end=\"680\">Pour r\u00e9pondre \u00e0 vos nombreuses demandes, nous mettons en place\u00a0<strong data-start=\"529\" data-end=\"554\">un forum collaboratif<\/strong>, sp\u00e9cialement con\u00e7u pour\u00a0<strong data-start=\"580\" data-end=\"619\">mettre en relation des participants<\/strong>, \u00e0 la mani\u00e8re d\u2019une plateforme d\u2019annonces.<\/p>\n<p><strong>Comment fonctionne le forum collaboratif ?<\/strong><\/p>\n<ul>\n<li>Publiez une annonce en cr\u00e9ant une conversation :\n<ul>\n<li><strong>\u00ab Je suis membre d\u2019une structure du CMG et je souhaite cr\u00e9er un groupe de 20 personnes \u00bb<\/strong><\/li>\n<li>ou\u00a0<strong>\u00ab Je suis jeune m\u00e9decin et je cherche une place dans un groupe incomplet \u00bb<\/strong><\/li>\n<\/ul>\n<\/li>\n<li>\u00c9changez librement avec les autres participants pour compl\u00e9ter votre groupe.<\/li>\n<\/ul>\n<ul>\n<li>Une fois le groupe de 20 personnes constitu\u00e9, une personne du groupe devra remplir le formulaire de demande d\u2019inscription disponible sur le site et l\u2019envoyer \u00e0 l\u2019adresse indiqu\u00e9e : <a href=\"https:\/\/woncaeurope2026.org\/fr\/inscription-groupe-old\/\" data-saferedirecturl=\"https:\/\/www.google.com\/url?q=https:\/\/woncaeurope2026.org\/fr\/inscription-groupe\/&amp;source=gmail&amp;ust=1765555817436000&amp;usg=AOvVaw274VhhFhxfj9MLmsXeJlaY\">https:\/\/woncaeurope2026.org\/fr\/inscription-groupe\/<\/a><\/li>\n<\/ul>\n<p>Tous les membres du groupe seront contact\u00e9s par le service d\u2019inscription dans les meilleurs d\u00e9lais pour finaliser leur inscription.<\/p>\n<p><strong>A noter : t<\/strong><strong>ous les membres d\u2019un m\u00eame groupe doivent appartenir \u00e0 la m\u00eame cat\u00e9gorie tarifaire.<\/strong><\/p>\n<p>Ce forum est avant tout un\u00a0<strong>outil d\u2019entraide<\/strong>, permettant \u00e0 chacun, de trouver des partenaires et de profiter des avantages de l\u2019inscription group\u00e9e.[\/vc_column_text][vc_empty_space][\/vc_column][\/vc_row][vc_row css=&#8221;.vc_custom_1765464302253{margin-top: 0px !important;margin-right: 0px !important;margin-bottom: 0px !important;margin-left: 0px !important;border-top-width: 0px !important;border-right-width: 0px !important;border-bottom-width: 0px !important;border-left-width: 0px !important;padding-top: 0px !important;padding-right: 0px !important;padding-bottom: 0px !important;padding-left: 0px !important;border-left-style: initial !important;border-right-style: initial !important;border-top-style: initial !important;border-bottom-style: initial !important;border-color: #1E73BE !important;}&#8221;][vc_column][vc_raw_html css=&#8221;.vc_custom_1765552578840{border-color: #1E73BE00 !important;}&#8221;]JTVCYmJwLWZvcnVtLWluZGV4JTVE[\/vc_raw_html][\/vc_column][\/vc_row][vc_row][vc_column][vc_empty_space][\/vc_column][\/vc_row][vc_row][vc_column][vc_column_text][\/vc_column_text][\/vc_column][\/vc_row]<\/p>\n<\/div>","protected":false},"excerpt":{"rendered":"<p>[vc_row][vc_column][vc_empty_space][vc_empty_space][\/vc_column][\/vc_row][vc_row][vc_column][vc_column_text css=&#8221;&#8221;]Vous \u00eates seul(e) et souhaitez profiter du tarif de groupe ?Votre groupe est presque complet et il vous manque encore quelques personnes ? Pour r\u00e9pondre \u00e0 vos nombreuses demandes, nous mettons en place\u00a0un forum collaboratif, sp\u00e9cialement con\u00e7u pour\u00a0mettre en relation des participants, \u00e0 la mani\u00e8re d\u2019une plateforme d\u2019annonces. Comment fonctionne le forum collaboratif ?&hellip;<\/p>\n","protected":false},"author":1,"featured_media":0,"parent":0,"menu_order":0,"comment_status":"closed","ping_status":"closed","template":"","meta":{"_bbp_topic_count":0,"_bbp_reply_count":0,"_bbp_total_topic_count":0,"_bbp_total_reply_count":0,"_bbp_voice_count":0,"_bbp_anonymous_reply_count":0,"_bbp_topic_count_hidden":0,"_bbp_reply_count_hidden":0,"_bbp_forum_subforum_count":0,"inline_featured_image":false,"footnotes":""},"class_list":["post-4768","page","type-page","status-publish","hentry","description-off"],"_links":{"self":[{"href":"https:\/\/woncaeurope2026.org\/fr\/wp-json\/wp\/v2\/pages\/4768","targetHints":{"allow":["GET"]}}],"collection":[{"href":"https:\/\/woncaeurope2026.org\/fr\/wp-json\/wp\/v2\/pages"}],"about":[{"href":"https:\/\/woncaeurope2026.org\/fr\/wp-json\/wp\/v2\/types\/page"}],"author":[{"embeddable":true,"href":"https:\/\/woncaeurope2026.org\/fr\/wp-json\/wp\/v2\/users\/1"}],"replies":[{"embeddable":true,"href":"https:\/\/woncaeurope2026.org\/fr\/wp-json\/wp\/v2\/comments?post=4768"}],"version-history":[{"count":20,"href":"https:\/\/woncaeurope2026.org\/fr\/wp-json\/wp\/v2\/pages\/4768\/revisions"}],"predecessor-version":[{"id":4865,"href":"https:\/\/woncaeurope2026.org\/fr\/wp-json\/wp\/v2\/pages\/4768\/revisions\/4865"}],"wp:attachment":[{"href":"https:\/\/woncaeurope2026.org\/fr\/wp-json\/wp\/v2\/media?parent=4768"}],"curies":[{"name":"wp","href":"https:\/\/api.w.org\/{rel}","templated":true}]}}