{"id":4296,"date":"2026-01-30T14:01:48","date_gmt":"2026-01-30T14:01:48","guid":{"rendered":"https:\/\/woncaeurope2026.org\/?page_id=4296"},"modified":"2026-01-20T15:16:16","modified_gmt":"2026-01-20T15:16:16","slug":"accompagnant","status":"publish","type":"page","link":"https:\/\/woncaeurope2026.org\/fr\/accompagnant\/","title":{"rendered":"Accompagnant"},"content":{"rendered":"<div class=\"wpb-content-wrapper\"><p>[vc_row][vc_column][vc_column_text][\/vc_column_text][\/vc_column][\/vc_row][vc_row][vc_column][vc_column_text][\/vc_column_text][\/vc_column][\/vc_row][vc_row][vc_column][vc_column_text][\/vc_column_text][\/vc_column][\/vc_row][vc_row][vc_column width=&#8221;2\/3&#8243;]<div id=\"ultimate-heading-300269e5c9742b832\" class=\"uvc-heading ult-adjust-bottom-margin ultimate-heading-300269e5c9742b832 uvc-5672  uvc-heading-default-font-sizes\" data-hspacer=\"no_spacer\"  data-halign=\"left\" style=\"text-align:left\"><div class=\"uvc-heading-spacer no_spacer\" style=\"top\"><\/div><div class=\"uvc-main-heading ult-responsive\"  data-ultimate-target='.uvc-heading.ultimate-heading-300269e5c9742b832 h2'  data-responsive-json-new='{\"font-size\":\"\",\"line-height\":\"\"}' ><h2 style=\"font-weight:bold;color:#002060;\">FRAIS D\u2019INSCRIPTIONS : 150 \u20ac<\/h2><\/div><\/div>[vc_column_text css=&#8221;&#8221;]Les frais d\u2019inscriptions comprennent :<\/p>\n<div class=\"corp\"><img decoding=\"async\" src=\"https:\/\/woncaeurope2026.org\/wp-content\/uploads\/2025\/11\/circle-check-regular-full.png\" \/>L&#8217;acc\u00e8s \u00e0 l&#8217;exposition<\/div>\n<div class=\"corp\"><img decoding=\"async\" src=\"https:\/\/woncaeurope2026.org\/wp-content\/uploads\/2025\/11\/circle-check-regular-full.png\" \/> L\u2019acc\u00e8s au cocktail de bienvenue mardi soir<\/div>\n<div class=\"corp\"><img decoding=\"async\" src=\"https:\/\/woncaeurope2026.org\/wp-content\/uploads\/2025\/11\/circle-check-regular-full.png\" \/> L\u2019acc\u00e8s aux c\u00e9r\u00e9monies d\u2019Ouverture et de cl\u00f4ture, aux remises des prix<\/div>\n<div class=\"corp\"><img decoding=\"async\" src=\"https:\/\/woncaeurope2026.org\/wp-content\/uploads\/2025\/11\/circle-check-regular-full.png\" \/> Les goodies du congr\u00e8s<\/div>\n<div class=\"corp\">\n<p><img decoding=\"async\" src=\"https:\/\/woncaeurope2026.org\/wp-content\/uploads\/2025\/11\/circle-check-regular-full.png\" \/><\/p>\n<div style=\"display: inline-block;\">La visite priv\u00e9e du Louvre pour les 3000 premiers inscrits (limit\u00e9 \u00e0 1 accompagnant de plus de 18 ans par inscrits)<\/div>\n<\/div>\n<div class=\"corp\"><img decoding=\"async\" src=\"https:\/\/woncaeurope2026.org\/wp-content\/uploads\/2025\/12\/circle-xmark-regular-full-3.png\" \/> l\u2019acc\u00e8s aux sessions scientifiques n\u2019est pas autoris\u00e9<\/div>\n<p>[\/vc_column_text][\/vc_column][vc_column width=&#8221;1\/3&#8243;][vc_raw_html css=&#8221;&#8221;]JTNDc3R5bGUlM0UlMEElMjAlMjAlMjAlMjBhJTNBaG92ZXIlMkMlMjBhJTIwYSUzQWhvdmVyJTdCJTBBJTIwJTIwJTIwJTIwJTIwJTIwJTIwJTIwY29sb3IlM0ElMjNmZmYlM0IlMEElMjAlMjAlMjAlMjAlN0QlMEElM0MlMkZzdHlsZSUzRSUwQSUwQSUzQ2ElMjBocmVmJTNEJTIyaHR0cHMlM0ElMkYlMkZvdmVyY29tZS5rZXk0ZXZlbnRzLmNvbSUyRnJlZ2lzdGVyLmFzcHglM0ZlJTNENzc4JTI2cHJvZmlsZWhhc2glM0QyN2ExZjc0NC01MTZjLTQ5NGYtODU1ZC1jOWVmMjFmYjAyNzklMjIlMjBjbGFzcyUzRCUyMmJ0bi1pY29uLXRvcCUyMiUzRSUwQSUyMCUyMCUyMCUyMCUyMCUyMCUyMCUyMCUzQ3NwYW4lM0VDbGlxdWV6JTIwaWNpJTIwcG91ciUyMHZvdXMlMjBpbnNjcmlyZSUzQyUyRnNwYW4lM0UlMEElMjAlMjAlMjAlMjAlM0MlMkZhJTNF[\/vc_raw_html][\/vc_column][\/vc_row][vc_row][vc_column][vc_column_text][\/vc_column_text][\/vc_column][\/vc_row][vc_row][vc_column][vc_column_text]<\/p>\n<p>[\/vc_column_text][\/vc_column][\/vc_row]<\/p>\n<\/div>","protected":false},"excerpt":{"rendered":"<p>[vc_row][vc_column][vc_column_text][\/vc_column_text][\/vc_column][\/vc_row][vc_row][vc_column][vc_column_text][\/vc_column_text][\/vc_column][\/vc_row][vc_row][vc_column][vc_column_text][\/vc_column_text][\/vc_column][\/vc_row][vc_row][vc_column width=&#8221;2\/3&#8243;][vc_column_text css=&#8221;&#8221;]Les frais d\u2019inscriptions comprennent : L&#8217;acc\u00e8s \u00e0 l&#8217;exposition L\u2019acc\u00e8s au cocktail de bienvenue mardi soir L\u2019acc\u00e8s aux c\u00e9r\u00e9monies d\u2019Ouverture et de cl\u00f4ture, aux remises des prix Les goodies du congr\u00e8s La visite priv\u00e9e du Louvre pour les 3000 premiers inscrits (limit\u00e9 \u00e0 1 accompagnant de plus de 18 ans par inscrits) l\u2019acc\u00e8s aux&hellip;<\/p>\n","protected":false},"author":1,"featured_media":0,"parent":0,"menu_order":0,"comment_status":"closed","ping_status":"closed","template":"","meta":{"_bbp_topic_count":0,"_bbp_reply_count":0,"_bbp_total_topic_count":0,"_bbp_total_reply_count":0,"_bbp_voice_count":0,"_bbp_anonymous_reply_count":0,"_bbp_topic_count_hidden":0,"_bbp_reply_count_hidden":0,"_bbp_forum_subforum_count":0,"inline_featured_image":false,"footnotes":""},"class_list":["post-4296","page","type-page","status-publish","hentry","description-off"],"_links":{"self":[{"href":"https:\/\/woncaeurope2026.org\/fr\/wp-json\/wp\/v2\/pages\/4296","targetHints":{"allow":["GET"]}}],"collection":[{"href":"https:\/\/woncaeurope2026.org\/fr\/wp-json\/wp\/v2\/pages"}],"about":[{"href":"https:\/\/woncaeurope2026.org\/fr\/wp-json\/wp\/v2\/types\/page"}],"author":[{"embeddable":true,"href":"https:\/\/woncaeurope2026.org\/fr\/wp-json\/wp\/v2\/users\/1"}],"replies":[{"embeddable":true,"href":"https:\/\/woncaeurope2026.org\/fr\/wp-json\/wp\/v2\/comments?post=4296"}],"version-history":[{"count":26,"href":"https:\/\/woncaeurope2026.org\/fr\/wp-json\/wp\/v2\/pages\/4296\/revisions"}],"predecessor-version":[{"id":5253,"href":"https:\/\/woncaeurope2026.org\/fr\/wp-json\/wp\/v2\/pages\/4296\/revisions\/5253"}],"wp:attachment":[{"href":"https:\/\/woncaeurope2026.org\/fr\/wp-json\/wp\/v2\/media?parent=4296"}],"curies":[{"name":"wp","href":"https:\/\/api.w.org\/{rel}","templated":true}]}}