{"id":4256,"date":"2026-01-30T14:15:06","date_gmt":"2026-01-30T14:15:06","guid":{"rendered":"https:\/\/woncaeurope2026.org\/?page_id=4256"},"modified":"2026-02-06T11:07:27","modified_gmt":"2026-02-06T11:07:27","slug":"visa-lettre-dinvitation","status":"publish","type":"page","link":"https:\/\/woncaeurope2026.org\/fr\/visa-lettre-dinvitation\/","title":{"rendered":"Visa \/ Lettre d&#8217;invitation"},"content":{"rendered":"<div class=\"wpb-content-wrapper\"><p>[vc_row][vc_column]<div id=\"ultimate-heading-653169e5c739730e4\" class=\"uvc-heading ult-adjust-bottom-margin ultimate-heading-653169e5c739730e4 uvc-3676  uvc-heading-default-font-sizes\" data-hspacer=\"no_spacer\"  data-halign=\"left\" style=\"text-align:left\"><div class=\"uvc-heading-spacer no_spacer\" style=\"top\"><\/div><div class=\"uvc-main-heading ult-responsive\"  data-ultimate-target='.uvc-heading.ultimate-heading-653169e5c739730e4 h2'  data-responsive-json-new='{\"font-size\":\"\",\"line-height\":\"\"}' ><h2 style=\"--font-weight:theme;\">1 - VISA<\/h2><\/div><\/div>[vc_empty_space][vc_column_text css=&#8221;&#8221;]<\/p>\n<p>En r\u00e8gle g\u00e9n\u00e9rale, sauf dispense, un visa est n\u00e9cessaire pour entrer en France. Il doit \u00eatre sollicit\u00e9 avant le d\u00e9part aupr\u00e8s de l\u2019ambassade ou du consulat de France comp\u00e9tent dans le pays de r\u00e9sidence du demandeur. Pour plus d\u2019informations pour votre demande, visitez le site du minist\u00e8re des Affaires \u00c9trang\u00e8res.<\/p>\n<p>[\/vc_column_text][vc_raw_html css=&#8221;&#8221;]JTNDc3R5bGUlM0VhJTNBaG92ZXIlMkMlMjBhJTIwYSUzQWhvdmVyJTIwJTdCJTBBJTIwJTIwJTIwJTIwJTIwJTIwJTIwJTIwY29sb3IlM0ElMjAlMjNmZmYlM0IlMEElMjAlMjAlMjAlMjAlN0QlMEElM0MlMkZzdHlsZSUzRSUwQSUzQ2ElMjBocmVmJTNEJTIyaHR0cHMlM0ElMkYlMkZ3d3cuZGlwbG9tYXRpZS5nb3V2LmZyJTJGZnIlMkZ2ZW5pci1lbi1mcmFuY2UlMkYlMjIlMjByZWwlM0QlMjJub2ZvbGxvdyUyMiUyMGNsYXNzJTNEJTIyYnRuLWljb24tdG9wJTIyJTNFJTBBJTIwJTIwJTIwJTIwJTNDc3BhbiUzRVBsdXMlMjBkJTI3aW5mb3JtYXRpb24lMjBpY2klM0MlMkZzcGFuJTNFJTBBJTIwJTIwJTIwJTIwJTNDaW1nJTIwc3JjJTNEJTIyaHR0cHMlM0ElMkYlMkZ3b25jYWV1cm9wZTIwMjYub3JnJTJGd3AtY29udGVudCUyRnVwbG9hZHMlMkYyMDI1JTJGMTElMkZmMWM1YzU2Mi0xYTY4LTRlZTYtYTlhZC0zZWVlY2U3NWUzNmYucG5nJTIyJTIwJTJGJTNFJTBBJTNDJTJGYSUzRQ==[\/vc_raw_html][\/vc_column][\/vc_row][vc_row][vc_column]<div id=\"ultimate-heading-335069e5c73973149\" class=\"uvc-heading ult-adjust-bottom-margin ultimate-heading-335069e5c73973149 uvc-1748  uvc-heading-default-font-sizes\" data-hspacer=\"no_spacer\"  data-halign=\"left\" style=\"text-align:left\"><div class=\"uvc-heading-spacer no_spacer\" style=\"top\"><\/div><div class=\"uvc-main-heading ult-responsive\"  data-ultimate-target='.uvc-heading.ultimate-heading-335069e5c73973149 h2'  data-responsive-json-new='{\"font-size\":\"\",\"line-height\":\"\"}' ><h2 style=\"--font-weight:theme;\">2 - LETTRE D INVITATION POUR VISA<\/h2><\/div><\/div>[vc_empty_space][vc_column_text css=&#8221;&#8221;]Pour toute demande de lettre d&#8217;invitation \u00e0 des fins d&#8217;obtention de Visa pour entrer en France, proc\u00e9dez \u00e0 votre demande d\u00e8s que possible.<\/p>\n<p>Pour cela, il est n\u00e9cessaire de vous inscrire selon la proc\u00e9dure standard ; le paiement n\u2019est pas obligatoire pour obtenir votre lettre de visa.<\/p>\n<p>Pour vous inscrire \u00e0 des fins de lettre d\u2019invitation cliquer que le bouton ci-dessous.[\/vc_column_text][vc_raw_html css=&#8221;&#8221;]JTNDc3R5bGUlM0VhJTNBaG92ZXIlMkMlMjBhJTIwYSUzQWhvdmVyJTIwJTdCJTBBJTIwJTIwJTIwJTIwJTIwJTIwJTIwJTIwY29sb3IlM0ElMjAlMjNmZmYlM0IlMEElMjAlMjAlMjAlMjAlN0QlMEElM0MlMkZzdHlsZSUzRSUwQSUzQ2ElMjBocmVmJTNEJTIyaHR0cHMlM0ElMkYlMkZ3b25jYWV1cm9wZTIwMjYub3JnJTJGZnIlMkZsaWVucy1pbnNjcmlwdGlvbiUyRiUyMiUyMGNsYXNzJTNEJTIyYnRuLWljb24tdG9wJTIyJTNFJTBBJTIwJTIwJTIwJTIwJTNDc3BhbiUzRUNsaXF1ZXolMjBpY2klMjBwb3VyJTIwdm91cyUyMGluc2NyaXJlJTNDJTJGc3BhbiUzRSUwQSUyMCUyMCUyMCUyMCUzQ2ltZyUyMHNyYyUzRCUyMmh0dHBzJTNBJTJGJTJGd29uY2FldXJvcGUyMDI2Lm9yZyUyRndwLWNvbnRlbnQlMkZ1cGxvYWRzJTJGMjAyNSUyRjExJTJGaWQtY2FyZC1jbGlwLXNvbGlkLWZ1bGwuc3ZnJTIyJTIwJTJGJTNFJTBBJTNDJTJGYSUzRQ==[\/vc_raw_html][\/vc_column][\/vc_row][vc_row][vc_column][\/vc_column][\/vc_row][vc_row][vc_column][\/vc_column][\/vc_row]<\/p>\n<\/div>","protected":false},"excerpt":{"rendered":"<p>[vc_row][vc_column][vc_empty_space][vc_column_text css=&#8221;&#8221;] En r\u00e8gle g\u00e9n\u00e9rale, sauf dispense, un visa est n\u00e9cessaire pour entrer en France. Il doit \u00eatre sollicit\u00e9 avant le d\u00e9part aupr\u00e8s de l\u2019ambassade ou du consulat de France comp\u00e9tent dans le pays de r\u00e9sidence du demandeur. Pour plus d\u2019informations pour votre demande, visitez le site du minist\u00e8re des Affaires \u00c9trang\u00e8res. [\/vc_column_text][vc_raw_html css=&#8221;&#8221;]JTNDc3R5bGUlM0VhJTNBaG92ZXIlMkMlMjBhJTIwYSUzQWhvdmVyJTIwJTdCJTBBJTIwJTIwJTIwJTIwJTIwJTIwJTIwJTIwY29sb3IlM0ElMjAlMjNmZmYlM0IlMEElMjAlMjAlMjAlMjAlN0QlMEElM0MlMkZzdHlsZSUzRSUwQSUzQ2ElMjBocmVmJTNEJTIyaHR0cHMlM0ElMkYlMkZ3d3cuZGlwbG9tYXRpZS5nb3V2LmZyJTJGZnIlMkZ2ZW5pci1lbi1mcmFuY2UlMkYlMjIlMjByZWwlM0QlMjJub2ZvbGxvdyUyMiUyMGNsYXNzJTNEJTIyYnRuLWljb24tdG9wJTIyJTNFJTBBJTIwJTIwJTIwJTIwJTNDc3BhbiUzRVBsdXMlMjBkJTI3aW5mb3JtYXRpb24lMjBpY2klM0MlMkZzcGFuJTNFJTBBJTIwJTIwJTIwJTIwJTNDaW1nJTIwc3JjJTNEJTIyaHR0cHMlM0ElMkYlMkZ3b25jYWV1cm9wZTIwMjYub3JnJTJGd3AtY29udGVudCUyRnVwbG9hZHMlMkYyMDI1JTJGMTElMkZmMWM1YzU2Mi0xYTY4LTRlZTYtYTlhZC0zZWVlY2U3NWUzNmYucG5nJTIyJTIwJTJGJTNFJTBBJTNDJTJGYSUzRQ==[\/vc_raw_html][\/vc_column][\/vc_row][vc_row][vc_column][vc_empty_space][vc_column_text css=&#8221;&#8221;]Pour&hellip;<\/p>\n","protected":false},"author":1,"featured_media":0,"parent":0,"menu_order":0,"comment_status":"closed","ping_status":"closed","template":"","meta":{"_bbp_topic_count":0,"_bbp_reply_count":0,"_bbp_total_topic_count":0,"_bbp_total_reply_count":0,"_bbp_voice_count":0,"_bbp_anonymous_reply_count":0,"_bbp_topic_count_hidden":0,"_bbp_reply_count_hidden":0,"_bbp_forum_subforum_count":0,"inline_featured_image":false,"footnotes":""},"class_list":["post-4256","page","type-page","status-publish","hentry","description-off"],"_links":{"self":[{"href":"https:\/\/woncaeurope2026.org\/fr\/wp-json\/wp\/v2\/pages\/4256","targetHints":{"allow":["GET"]}}],"collection":[{"href":"https:\/\/woncaeurope2026.org\/fr\/wp-json\/wp\/v2\/pages"}],"about":[{"href":"https:\/\/woncaeurope2026.org\/fr\/wp-json\/wp\/v2\/types\/page"}],"author":[{"embeddable":true,"href":"https:\/\/woncaeurope2026.org\/fr\/wp-json\/wp\/v2\/users\/1"}],"replies":[{"embeddable":true,"href":"https:\/\/woncaeurope2026.org\/fr\/wp-json\/wp\/v2\/comments?post=4256"}],"version-history":[{"count":14,"href":"https:\/\/woncaeurope2026.org\/fr\/wp-json\/wp\/v2\/pages\/4256\/revisions"}],"predecessor-version":[{"id":5811,"href":"https:\/\/woncaeurope2026.org\/fr\/wp-json\/wp\/v2\/pages\/4256\/revisions\/5811"}],"wp:attachment":[{"href":"https:\/\/woncaeurope2026.org\/fr\/wp-json\/wp\/v2\/media?parent=4256"}],"curies":[{"name":"wp","href":"https:\/\/api.w.org\/{rel}","templated":true}]}}