{"id":4088,"date":"2026-01-30T12:56:15","date_gmt":"2026-01-30T12:56:15","guid":{"rendered":"https:\/\/woncaeurope2026.org\/?page_id=4088"},"modified":"2026-02-06T11:06:00","modified_gmt":"2026-02-06T11:06:00","slug":"liens-inscription","status":"publish","type":"page","link":"https:\/\/woncaeurope2026.org\/fr\/liens-inscription\/","title":{"rendered":"Liens inscription"},"content":{"rendered":"<div class=\"wpb-content-wrapper\"><p>[vc_row][vc_column][vc_column_text][\/vc_column_text][\/vc_column][\/vc_row][vc_row][vc_column]<div id=\"ultimate-heading-555769e5c52fbd8ab\" class=\"uvc-heading ult-adjust-bottom-margin ultimate-heading-555769e5c52fbd8ab uvc-8107  uvc-heading-default-font-sizes\" data-hspacer=\"no_spacer\"  data-halign=\"left\" style=\"text-align:left\"><div class=\"uvc-heading-spacer no_spacer\" style=\"top\"><\/div><div class=\"uvc-main-heading ult-responsive\"  data-ultimate-target='.uvc-heading.ultimate-heading-555769e5c52fbd8ab h2'  data-responsive-json-new='{\"font-size\":\"\",\"line-height\":\"\"}' ><h2 style=\"font-weight:bold;color:#002060;\">FRAIS INSCRIPTIONS<\/h2><\/div><\/div>[vc_empty_space height=&#8221;10px&#8221;][vc_column_text css=&#8221;&#8221;]Les frais d\u2019inscriptions comprennent :<\/p>\n<div class=\"corp\"><img decoding=\"async\" src=\"https:\/\/woncaeurope2026.org\/wp-content\/uploads\/2025\/11\/circle-check-regular-full.png\" \/>L&#8217;acc\u00e8s \u00e0 l&#8217;int\u00e9gralit\u00e9 des sessions du congr\u00e8s<\/div>\n<div class=\"corp\"><img decoding=\"async\" src=\"https:\/\/woncaeurope2026.org\/wp-content\/uploads\/2025\/11\/circle-check-regular-full.png\" \/>L&#8217;acc\u00e8s \u00e0 l&#8217;exposition<\/div>\n<div class=\"corp\"><img decoding=\"async\" src=\"https:\/\/woncaeurope2026.org\/wp-content\/uploads\/2025\/11\/circle-check-regular-full.png\" \/>L\u2019acc\u00e8s au cocktail de bienvenue mardi soir<\/div>\n<div class=\"corp\"><img decoding=\"async\" src=\"https:\/\/woncaeurope2026.org\/wp-content\/uploads\/2025\/11\/circle-check-regular-full.png\" \/>L\u2019acc\u00e8s aux d\u00e9jeuners de mercredi, jeudi et vendredi<\/div>\n<div class=\"corp\"><img decoding=\"async\" src=\"https:\/\/woncaeurope2026.org\/wp-content\/uploads\/2025\/11\/circle-check-regular-full.png\" \/>Les documents du congr\u00e8s<\/div>\n<div class=\"corp\"><img decoding=\"async\" src=\"https:\/\/woncaeurope2026.org\/wp-content\/uploads\/2025\/11\/circle-check-regular-full.png\" \/>La visite priv\u00e9e du Louvre pour les 3000 premiers inscrits<\/div>\n<p>[\/vc_column_text][\/vc_column][\/vc_row][vc_row][vc_column][vc_column_text][\/vc_column_text][\/vc_column][\/vc_row][vc_row][vc_column width=&#8221;1\/4&#8243;][\/vc_column][vc_column width=&#8221;1\/4&#8243;][vc_raw_html css=&#8221;&#8221;]JTNDc3R5bGUlM0UlMEElMjAlMjAlMjAlMjBhJTNBaG92ZXIlMkMlMjBhJTIwYSUzQWhvdmVyJTdCJTBBJTIwJTIwJTIwJTIwJTIwJTIwJTIwJTIwY29sb3IlM0ElMjNmZmYlM0IlMEElMjAlMjAlMjAlMjAlN0QlMEElM0MlMkZzdHlsZSUzRSUwQSUwQSUzQ2ElMjBocmVmJTNEJTIyaHR0cHMlM0ElMkYlMkZ3b25jYWV1cm9wZTIwMjYub3JnJTJGZnIlMkZwYXlzLWVuLWRldmVsb3BwZW1lbnQlMkYlMjIlMjBjbGFzcyUzRCUyMmJ0bi1pY29uLXRvcCUyMGJ0bi1kZXYlMjIlM0UlMEElMjAlMjAlMjAlMjAlMjAlMjAlMjAlMjAlM0NzcGFuJTNFUGF5cyUyMGVuJTIwZCVDMyVBOXZlbG9wcGVtZW50JTNDJTJGc3BhbiUzRSUwQSUyMCUyMCUyMCUyMCUzQyUyRmElM0U=[\/vc_raw_html][\/vc_column][vc_column width=&#8221;1\/4&#8243;][vc_raw_html css=&#8221;&#8221;]JTNDc3R5bGUlM0UlMEElMjAlMjAlMjAlMjBhJTNBaG92ZXIlMkMlMjBhJTIwYSUzQWhvdmVyJTdCJTBBJTIwJTIwJTIwJTIwJTIwJTIwJTIwJTIwY29sb3IlM0ElMjNmZmYlM0IlMEElMjAlMjAlMjAlMjAlN0QlMEElM0MlMkZzdHlsZSUzRSUwQSUwQSUzQ2ElMjBocmVmJTNEJTIyaHR0cHMlM0ElMkYlMkZ3b25jYWV1cm9wZTIwMjYub3JnJTJGZnIlMkZhdXRyZXMtcGF5cyUyRiUyMiUyMGNsYXNzJTNEJTIyYnRuLWljb24tdG9wJTIwYnRuLWF1dHJlJTIyJTNFJTBBJTIwJTIwJTIwJTIwJTIwJTIwJTIwJTIwJTNDc3BhbiUzRUF1dHJlcyUyMHBheXMlM0MlMkZzcGFuJTNFJTBBJTIwJTIwJTIwJTIwJTNDJTJGYSUzRQ==[\/vc_raw_html][\/vc_column][vc_column width=&#8221;1\/4&#8243;][\/vc_column][\/vc_row]<\/p>\n<\/div>","protected":false},"excerpt":{"rendered":"<p>[vc_row][vc_column][vc_column_text][\/vc_column_text][\/vc_column][\/vc_row][vc_row][vc_column][vc_empty_space height=&#8221;10px&#8221;][vc_column_text css=&#8221;&#8221;]Les frais d\u2019inscriptions comprennent : L&#8217;acc\u00e8s \u00e0 l&#8217;int\u00e9gralit\u00e9 des sessions du congr\u00e8s L&#8217;acc\u00e8s \u00e0 l&#8217;exposition L\u2019acc\u00e8s au cocktail de bienvenue mardi soir L\u2019acc\u00e8s aux d\u00e9jeuners de mercredi, jeudi et vendredi Les documents du congr\u00e8s La visite priv\u00e9e du Louvre pour les 3000 premiers inscrits [\/vc_column_text][\/vc_column][\/vc_row][vc_row][vc_column][vc_column_text][\/vc_column_text][\/vc_column][\/vc_row][vc_row][vc_column width=&#8221;1\/4&#8243;][\/vc_column][vc_column width=&#8221;1\/4&#8243;][vc_raw_html css=&#8221;&#8221;]JTNDc3R5bGUlM0UlMEElMjAlMjAlMjAlMjBhJTNBaG92ZXIlMkMlMjBhJTIwYSUzQWhvdmVyJTdCJTBBJTIwJTIwJTIwJTIwJTIwJTIwJTIwJTIwY29sb3IlM0ElMjNmZmYlM0IlMEElMjAlMjAlMjAlMjAlN0QlMEElM0MlMkZzdHlsZSUzRSUwQSUwQSUzQ2ElMjBocmVmJTNEJTIyaHR0cHMlM0ElMkYlMkZ3b25jYWV1cm9wZTIwMjYub3JnJTJGZnIlMkZwYXlzLWVuLWRldmVsb3BwZW1lbnQlMkYlMjIlMjBjbGFzcyUzRCUyMmJ0bi1pY29uLXRvcCUyMGJ0bi1kZXYlMjIlM0UlMEElMjAlMjAlMjAlMjAlMjAlMjAlMjAlMjAlM0NzcGFuJTNFUGF5cyUyMGVuJTIwZCVDMyVBOXZlbG9wcGVtZW50JTNDJTJGc3BhbiUzRSUwQSUyMCUyMCUyMCUyMCUzQyUyRmElM0U=[\/vc_raw_html][\/vc_column][vc_column width=&#8221;1\/4&#8243;][vc_raw_html css=&#8221;&#8221;]JTNDc3R5bGUlM0UlMEElMjAlMjAlMjAlMjBhJTNBaG92ZXIlMkMlMjBhJTIwYSUzQWhvdmVyJTdCJTBBJTIwJTIwJTIwJTIwJTIwJTIwJTIwJTIwY29sb3IlM0ElMjNmZmYlM0IlMEElMjAlMjAlMjAlMjAlN0QlMEElM0MlMkZzdHlsZSUzRSUwQSUwQSUzQ2ElMjBocmVmJTNEJTIyaHR0cHMlM0ElMkYlMkZ3b25jYWV1cm9wZTIwMjYub3JnJTJGZnIlMkZhdXRyZXMtcGF5cyUyRiUyMiUyMGNsYXNzJTNEJTIyYnRuLWljb24tdG9wJTIwYnRuLWF1dHJlJTIyJTNFJTBBJTIwJTIwJTIwJTIwJTIwJTIwJTIwJTIwJTNDc3BhbiUzRUF1dHJlcyUyMHBheXMlM0MlMkZzcGFuJTNFJTBBJTIwJTIwJTIwJTIwJTNDJTJGYSUzRQ==[\/vc_raw_html][\/vc_column][vc_column width=&#8221;1\/4&#8243;][\/vc_column][\/vc_row]<\/p>\n","protected":false},"author":1,"featured_media":0,"parent":0,"menu_order":0,"comment_status":"closed","ping_status":"closed","template":"","meta":{"_bbp_topic_count":0,"_bbp_reply_count":0,"_bbp_total_topic_count":0,"_bbp_total_reply_count":0,"_bbp_voice_count":0,"_bbp_anonymous_reply_count":0,"_bbp_topic_count_hidden":0,"_bbp_reply_count_hidden":0,"_bbp_forum_subforum_count":0,"inline_featured_image":false,"footnotes":""},"class_list":["post-4088","page","type-page","status-publish","hentry","description-off"],"_links":{"self":[{"href":"https:\/\/woncaeurope2026.org\/fr\/wp-json\/wp\/v2\/pages\/4088","targetHints":{"allow":["GET"]}}],"collection":[{"href":"https:\/\/woncaeurope2026.org\/fr\/wp-json\/wp\/v2\/pages"}],"about":[{"href":"https:\/\/woncaeurope2026.org\/fr\/wp-json\/wp\/v2\/types\/page"}],"author":[{"embeddable":true,"href":"https:\/\/woncaeurope2026.org\/fr\/wp-json\/wp\/v2\/users\/1"}],"replies":[{"embeddable":true,"href":"https:\/\/woncaeurope2026.org\/fr\/wp-json\/wp\/v2\/comments?post=4088"}],"version-history":[{"count":19,"href":"https:\/\/woncaeurope2026.org\/fr\/wp-json\/wp\/v2\/pages\/4088\/revisions"}],"predecessor-version":[{"id":5807,"href":"https:\/\/woncaeurope2026.org\/fr\/wp-json\/wp\/v2\/pages\/4088\/revisions\/5807"}],"wp:attachment":[{"href":"https:\/\/woncaeurope2026.org\/fr\/wp-json\/wp\/v2\/media?parent=4088"}],"curies":[{"name":"wp","href":"https:\/\/api.w.org\/{rel}","templated":true}]}}