{"id":4062,"date":"2026-01-30T09:42:07","date_gmt":"2026-01-30T09:42:07","guid":{"rendered":"https:\/\/woncaeurope2026.org\/?page_id=4062"},"modified":"2026-02-11T08:24:42","modified_gmt":"2026-02-11T08:24:42","slug":"inscription","status":"publish","type":"page","link":"https:\/\/woncaeurope2026.org\/fr\/inscription\/","title":{"rendered":"INSCRIPTION"},"content":{"rendered":"<div class=\"wpb-content-wrapper\"><p><span data-mce-type=\"bookmark\" style=\"display: inline-block; width: 0px; overflow: hidden; line-height: 0;\" class=\"mce_SELRES_start\">\ufeff<\/span>[vc_row disable_element=&#8221;yes&#8221;][vc_column]<style type=\"text\/css\" data-type=\"the7_shortcodes-inline-css\">#default-btn-66adfc8653ad665c4e5036f7a0451eba.ico-right-side > i {\n  margin-right: 0px;\n  margin-left: 8px;\n}\n#default-btn-66adfc8653ad665c4e5036f7a0451eba > i {\n  margin-right: 8px;\n}\n<\/style><div class=\"btn-align-center\"><a href=\"#\" class=\"default-btn-shortcode dt-btn dt-btn-m link-hover-off ico-right-side anchor-link monbouton \" id=\"default-btn-66adfc8653ad665c4e5036f7a0451eba\"><span>Cliquez ici pour inscrire un groupe<\/span><i class=\"icomoon-the7-font-the7-login-04\"><\/i><\/a><\/div>[vc_column_text css=&#8221;&#8221;]<\/p>\n<p style=\"text-align: center;\"><b><i>* \u00c0 partir de 20 personnes<\/i><\/b><\/p>\n<p>[\/vc_column_text]<style type=\"text\/css\" data-type=\"the7_shortcodes-inline-css\">#default-btn-01ddc5c55ea06345af683c8fc425ce39.ico-right-side > i {\n  margin-right: 0px;\n  margin-left: 8px;\n}\n#default-btn-01ddc5c55ea06345af683c8fc425ce39 > i {\n  margin-right: 8px;\n}\n<\/style><div class=\"btn-align-center\"><a href=\"#\" class=\"default-btn-shortcode dt-btn dt-btn-m link-hover-off ico-right-side anchor-link monbouton \" id=\"default-btn-01ddc5c55ea06345af683c8fc425ce39\"><span>Accompagnant Cliquez ici pour vous inscrire<\/span><i class=\"icomoon-the7-font-rss\"><\/i><\/a><\/div><style type=\"text\/css\" data-type=\"the7_shortcodes-inline-css\">#default-btn-493dea4f75992155092b9e521ea8767b.ico-right-side > i {\n  margin-right: 0px;\n  margin-left: 8px;\n}\n#default-btn-493dea4f75992155092b9e521ea8767b > i {\n  margin-right: 8px;\n}\n<\/style><div class=\"btn-align-center\"><a href=\"#\" class=\"default-btn-shortcode dt-btn dt-btn-m link-hover-off ico-right-side anchor-link monbouton \" id=\"default-btn-493dea4f75992155092b9e521ea8767b\"><span>Visa \/ Lettre d&#8217;invitation<\/span><i class=\"icomoon-the7-font-the7-login-02\"><\/i><\/a><\/div><style type=\"text\/css\" data-type=\"the7_shortcodes-inline-css\">#default-btn-493dea4f75992155092b9e521ea8767b.ico-right-side > i {\n  margin-right: 0px;\n  margin-left: 8px;\n}\n#default-btn-493dea4f75992155092b9e521ea8767b > i {\n  margin-right: 8px;\n}\n<\/style><div class=\"btn-align-center\"><a href=\"#\" class=\"default-btn-shortcode dt-btn dt-btn-m link-hover-off ico-right-side anchor-link monbouton \" id=\"default-btn-493dea4f75992155092b9e521ea8767b\"><span>Cliquez ici pour vous inscrire<\/span><i class=\"icomoon-the7-font-the7-login-02\"><\/i><\/a><\/div>[vc_column_text][\/vc_column_text][\/vc_column][\/vc_row]<span data-mce-type=\"bookmark\" style=\"display: inline-block; width: 0px; overflow: hidden; line-height: 0;\" class=\"mce_SELRES_end\">\ufeff<\/span>[vc_row][vc_column width=&#8221;1\/4&#8243;][vc_raw_html css=&#8221;&#8221;]JTNDc3R5bGUlM0UlMEElMjAlMjAlMjAlMjBhJTNBaG92ZXIlMkMlMjBhJTIwYSUzQWhvdmVyJTdCJTBBJTIwJTIwJTIwJTIwJTIwJTIwJTIwJTIwY29sb3IlM0ElMjNmZmYlM0IlMEElMjAlMjAlMjAlMjAlN0QlMEElM0MlMkZzdHlsZSUzRSUwQSUwQSUzQ2ElMjBocmVmJTNEJTIyaHR0cHMlM0ElMkYlMkZ3b25jYWV1cm9wZTIwMjYub3JnJTJGZnIlMkZsaWVucy1pbnNjcmlwdGlvbiUyRiUyMiUyMGNsYXNzJTNEJTIyYnRuLWljb24tdG9wJTIwYnRuLWluc2NyaSUyMiUzRSUwQSUyMCUyMCUyMCUyMCUyMCUyMCUyMCUyMCUzQ2ltZyUyMHNyYyUzRCUyMmh0dHBzJTNBJTJGJTJGd29uY2FldXJvcGUyMDI2Lm9yZyUyRndwLWNvbnRlbnQlMkZ1cGxvYWRzJTJGMjAyNSUyRjExJTJGdXNlci1zb2xpZC1mdWxsLTEuc3ZnJTIyJTIwJTJGJTNFJTBBJTIwJTIwJTIwJTIwJTIwJTIwJTIwJTIwJTNDc3BhbiUzRUluc2NyaXB0aW9uJTIwaW5kaXZpZHVlbGxlJTNDJTJGc3BhbiUzRSUwQSUyMCUyMCUyMCUyMCUzQyUyRmElM0U=[\/vc_raw_html][\/vc_column][vc_column width=&#8221;1\/4&#8243;][vc_raw_html css=&#8221;&#8221;]JTNDc3R5bGUlM0UlMEElMjAlMjAlMjAlMjBhJTNBaG92ZXIlMkMlMjBhJTIwYSUzQWhvdmVyJTdCJTBBJTIwJTIwJTIwJTIwJTIwJTIwJTIwJTIwY29sb3IlM0ElMjNmZmYlM0IlMEElMjAlMjAlMjAlMjAlN0QlMEElM0MlMkZzdHlsZSUzRSUwQSUwQSUzQ2ElMjBocmVmJTNEJTIyaHR0cHMlM0ElMkYlMkZ3b25jYWV1cm9wZTIwMjYub3JnJTJGZnIlMkZpbnNjcmlwdGlvbi1ncm91cGUlMkYlMjIlMjBjbGFzcyUzRCUyMmJ0bi1pY29uLXRvcCUyMGJ0bi1ncm91cGUlMjIlM0UlMEElMjAlMjAlMjAlMjAlMjAlMjAlMjAlMjAlM0NpbWclMjBzcmMlM0QlMjJodHRwcyUzQSUyRiUyRndvbmNhZXVyb3BlMjAyNi5vcmclMkZ3cC1jb250ZW50JTJGdXBsb2FkcyUyRjIwMjUlMkYxMSUyRnVzZXJzLXNvbGlkLWZ1bGwuc3ZnJTIyJTIwJTJGJTNFJTBBJTIwJTIwJTIwJTIwJTIwJTIwJTIwJTIwJTNDc3BhbiUzRUluc2NyaXB0aW9uJTIwZGUlMjBncm91cGUlM0MlMkZzcGFuJTNFJTBBJTIwJTIwJTIwJTIwJTNDJTJGYSUzRQ==[\/vc_raw_html][\/vc_column][vc_column width=&#8221;1\/4&#8243; css=&#8221;.vc_custom_1763736905582{padding-top: 0px !important;border-color: #253E6E !important;}&#8221;][vc_raw_html css=&#8221;&#8221;]JTNDc3R5bGUlM0UlMEElMjAlMjAlMjAlMjBhJTNBaG92ZXIlMkMlMjBhJTIwYSUzQWhvdmVyJTdCJTBBJTIwJTIwJTIwJTIwJTIwJTIwJTIwJTIwY29sb3IlM0ElMjNmZmYlM0IlMEElMjAlMjAlMjAlMjAlN0QlMEElM0MlMkZzdHlsZSUzRSUwQSUwQSUzQ2ElMjBocmVmJTNEJTIyaHR0cHMlM0ElMkYlMkZ3b25jYWV1cm9wZTIwMjYub3JnJTJGZnIlMkZhY2NvbXBhZ25hbnQlMkYlMjIlMjBjbGFzcyUzRCUyMmJ0bi1pY29uLXRvcCUyMGJ0bi1hY2MlMjIlM0UlMEElMjAlMjAlMjAlMjAlMjAlMjAlMjAlMjAlM0NpbWclMjBzcmMlM0QlMjJodHRwcyUzQSUyRiUyRndvbmNhZXVyb3BlMjAyNi5vcmclMkZ3cC1jb250ZW50JTJGdXBsb2FkcyUyRjIwMjUlMkYxMSUyRmhhbmRzaGFrZS1yZWd1bGFyLWZ1bGwuc3ZnJTIyJTIwJTJGJTNFJTBBJTIwJTIwJTIwJTIwJTIwJTIwJTIwJTIwJTNDc3BhbiUzRUluc2NyaXB0aW9uJTIwQWNjb21wYWduYW50JTNDJTJGc3BhbiUzRSUwQSUyMCUyMCUyMCUyMCUzQyUyRmElM0U=[\/vc_raw_html][\/vc_column][vc_column width=&#8221;1\/4&#8243;][vc_raw_html css=&#8221;&#8221;]JTNDc3R5bGUlM0UlMEElMjAlMjAlMjAlMjBhJTNBaG92ZXIlMkMlMjBhJTIwYSUzQWhvdmVyJTdCJTBBJTIwJTIwJTIwJTIwJTIwJTIwJTIwJTIwY29sb3IlM0ElMjNmZmYlM0IlMEElMjAlMjAlMjAlMjAlN0QlMEElM0MlMkZzdHlsZSUzRSUwQSUwQSUzQ2ElMjBocmVmJTNEJTIyaHR0cHMlM0ElMkYlMkZ3b25jYWV1cm9wZTIwMjYub3JnJTJGZnIlMkZ2aXNhLWxldHRyZS1kaW52aXRhdGlvbiUyRiUyMiUyMGNsYXNzJTNEJTIyYnRuLWljb24tdG9wJTIwYnRuLXZpc2ElMjIlM0UlMEElMjAlMjAlMjAlMjAlMjAlMjAlMjAlMjAlM0NpbWclMjBzcmMlM0QlMjJodHRwcyUzQSUyRiUyRndvbmNhZXVyb3BlMjAyNi5vcmclMkZ3cC1jb250ZW50JTJGdXBsb2FkcyUyRjIwMjUlMkYxMSUyRmVudmVsb3BlLXJlZ3VsYXItZnVsbC5zdmclMjIlMjAlMkYlM0UlMEElMjAlMjAlMjAlMjAlMjAlMjAlMjAlMjAlM0NzcGFuJTNFVmlzYSUyMCUyRiUyMExldHRyZSUyMGQlMjdpbnZpdGF0aW9uJTNDJTJGc3BhbiUzRSUwQSUyMCUyMCUyMCUyMCUzQyUyRmElM0U=[\/vc_raw_html][\/vc_column][\/vc_row][vc_row][vc_column][vc_column_text css=&#8221;&#8221;]\n<table id=\"tablepress-1\" class=\"tablepress tablepress-id-1 tbody-has-connected-cells\">\n<thead>\n<tr class=\"row-1\">\n\t<th class=\"column-1\"><center>Categories<\/center><\/th><th class=\"column-2\"><center>REGULAR<br>jusqu'au 16 juin 2026<\/center><\/th><th class=\"column-3\"><center>ON SITE<br>\u00e0 partir du 17 juin<\/center><\/th>\n<\/tr>\n<\/thead>\n<tbody class=\"row-striping row-hover\">\n<tr class=\"row-2\">\n\t<td class=\"column-1\"><strong>Membre direct WONCA<sup>1<\/sup><\/strong><\/td><td class=\"column-2\"><center>750 \u20ac<\/center><\/td><td class=\"column-3\"><center>850 \u20ac<\/center><\/td>\n<\/tr>\n<tr class=\"row-3\">\n\t<td class=\"column-1\"><strong>Membre du CMG<sup>2<\/sup><\/strong><\/td><td class=\"column-2\"><center>750 \u20ac<\/center><\/td><td class=\"column-3\"><center>850 \u20ac<\/center><\/td>\n<\/tr>\n<tr class=\"row-4\">\n\t<td class=\"column-1\"><strong>Non membre<sup>3<\/sup><\/strong><\/td><td class=\"column-2\"><center>850 \u20ac<\/center><\/td><td class=\"column-3\"><center>950 \u20ac<\/center><\/td>\n<\/tr>\n<tr class=\"row-5\">\n\t<td class=\"column-1\"><strong>Jeune m\u00e9decin \/ Interne<sup>4<\/sup><\/strong><\/td><td class=\"column-2\"><center>450 \u20ac<\/center><\/td><td class=\"column-3\"><center>550 \u20ac<\/center><\/td>\n<\/tr>\n<tr class=\"row-6\">\n\t<td class=\"column-1\"><strong>\u00c9tudiant<sup>5<\/sup><\/strong><\/td><td class=\"column-2\"><center>250 \u20ac<\/center><\/td><td class=\"column-3\"><center>350 \u20ac<\/center><\/td>\n<\/tr>\n<tr class=\"row-7\">\n\t<td class=\"column-1\"><strong>Param\u00e9dical \/ Professionnel en sciences sociales<sup>6<\/sup><\/strong><\/td><td class=\"column-2\"><center>300 \u20ac<\/center><\/td><td class=\"column-3\"><center>350 \u20ac<\/center><\/td>\n<\/tr>\n<tr class=\"row-8\">\n\t<td class=\"column-1\"><strong>Accompagnant<sup>7<\/sup><\/strong><\/td><td class=\"column-2\"><center>150 \u20ac<\/center><\/td><td class=\"column-3\"><center>150 \u20ac<\/center><\/td>\n<\/tr>\n<tr class=\"row-9\">\n\t<td class=\"column-1\"><strong>Groupe > 20 personnes<\/strong><\/td><td colspan=\"2\" class=\"column-2\"><center>10% de r\u00e9duction<\/center><\/td>\n<\/tr>\n<tr class=\"row-10\">\n\t<td class=\"column-1\"><\/td><td class=\"column-2\"><\/td><td class=\"column-3\"><\/td>\n<\/tr>\n<\/tbody>\n<\/table>\n<!-- #tablepress-1 from cache -->[\/vc_column_text][\/vc_column][\/vc_row][vc_row][vc_column]<div id=\"ultimate-heading-19369e592aa108e8\" class=\"uvc-heading ult-adjust-bottom-margin ultimate-heading-19369e592aa108e8 uvc-7718  uvc-heading-default-font-sizes\" data-hspacer=\"no_spacer\"  data-halign=\"center\" style=\"text-align:center\"><div class=\"uvc-heading-spacer no_spacer\" style=\"top\"><\/div><div class=\"uvc-main-heading ult-responsive\"  data-ultimate-target='.uvc-heading.ultimate-heading-19369e592aa108e8 h2'  data-responsive-json-new='{\"font-size\":\"\",\"line-height\":\"\"}' ><h2 style=\"--font-weight:theme;color:#B41B36;\">Pays en d\u00e9veloppement<\/h2><\/div><\/div>[vc_empty_space][vc_column_text css=&#8221;&#8221;]Pour b\u00e9n\u00e9ficier du tarif r\u00e9serv\u00e9 aux pays en d\u00e9veloppement, le participant doit \u00eatre r\u00e9sident dans un pays class\u00e9 selon la politique \u00e9tablie par WONCA. La liste des pays \u00e9ligibles est disponible en <a href=\"https:\/\/woncaeurope2026.org\/wp-content\/uploads\/2025\/10\/Pays-en-developpement-FR.pdf\"><strong>cliquant ici<\/strong><\/a>.[\/vc_column_text][\/vc_column][\/vc_row][vc_row][vc_column][vc_column_text css=&#8221;&#8221;]\n<table id=\"tablepress-3\" class=\"tablepress tablepress-id-3 tbody-has-connected-cells\">\n<thead>\n<tr class=\"row-1\">\n\t<th class=\"column-1\"><center>Cat\u00e9gories<\/center><\/th><th class=\"column-2\"><center>REGULAR<br>jusqu'au 16 juin 2026<\/center><\/th><th class=\"column-3\"><center>ON SITE<br>\u00e0 partir du 17 juin<\/center><\/th>\n<\/tr>\n<\/thead>\n<tbody class=\"row-striping row-hover\">\n<tr class=\"row-2\">\n\t<td class=\"column-1\"><strong>Non membre<sup>3<\/sup><\/strong><\/td><td class=\"column-2\"><center>595 \u20ac<\/center><\/td><td class=\"column-3\"><center>665 \u20ac<\/center><\/td>\n<\/tr>\n<tr class=\"row-3\">\n\t<td class=\"column-1\"><strong>Membre direct WONCA<sup>1<\/sup><\/strong><\/td><td class=\"column-2\"><center>525 \u20ac<\/center><\/td><td class=\"column-3\"><center>595 \u20ac<\/center><\/td>\n<\/tr>\n<tr class=\"row-4\">\n\t<td class=\"column-1\"><strong>Jeune m\u00e9decin \/ Interne<sup>4<\/sup><\/strong><\/td><td class=\"column-2\"><center>315 \u20ac<\/center><\/td><td class=\"column-3\"><center>385 \u20ac<\/center><\/td>\n<\/tr>\n<tr class=\"row-5\">\n\t<td class=\"column-1\"><strong>\u00c9tudiant<sup>5<\/sup><\/strong><\/td><td class=\"column-2\"><center>175 \u20ac<\/center><\/td><td class=\"column-3\"><center>245 \u20ac<\/center><\/td>\n<\/tr>\n<tr class=\"row-6\">\n\t<td class=\"column-1\"><strong>Param\u00e9dical \/ Professionnel en sciences sociales<sup>6<\/sup><\/strong><\/td><td class=\"column-2\"><center>210 \u20ac<\/center><\/td><td class=\"column-3\"><center>245 \u20ac<\/center><\/td>\n<\/tr>\n<tr class=\"row-7\">\n\t<td class=\"column-1\"><strong>Accompagnant<sup>7<\/sup><\/strong><\/td><td class=\"column-2\"><center>150 \u20ac<\/center><\/td><td class=\"column-3\"><center>150 \u20ac<\/center><\/td>\n<\/tr>\n<tr class=\"row-8\">\n\t<td class=\"column-1\"><strong>Groupe > 20 personnes<\/strong><\/td><td colspan=\"2\" class=\"column-2\"><center>10% de r\u00e9duction<\/center><\/td>\n<\/tr>\n<\/tbody>\n<\/table>\n<!-- #tablepress-3 from cache -->[\/vc_column_text][\/vc_column][\/vc_row][vc_row][vc_column][vc_column_text css=&#8221;&#8221;]1* Pour b\u00e9n\u00e9ficier de ce tarif, le participant doit avoir souscrit une adh\u00e9sion individuelle directe aupr\u00e8s de WONCA. \u00catre simplement membre d\u2019une organisation affili\u00e9e \u00e0 WONCA n\u2019est malheureusement pas suffisant. Vous pouvez devenir membre direct en remplissant le formulaire d\u2019adh\u00e9sion disponible en <a href=\"https:\/\/membership.globalfamilydoctor.com\/general\/register_member_type.asp\" target=\"_blank\" rel=\"noopener\">cliquant ici<\/a>.<\/p>\n<p>2* Tarif r\u00e9serv\u00e9 aux membres des structures suivantes : ADESA, AFMG, AFML, CNGE, Fayr-GP, FFGQ, fmc ActioN, FMF-G\u00e9, IJFR, Les G\u00e9n\u00e9ralistes CSMF, M\u00e9decins de Montagne, MG Form, MG France, ReAGJIR, SFDRMG, SFMG, SFTG, SM BALINT, SML, SOS M\u00e9decins, USPCS . Une attestation d\u2019adh\u00e9sion pour l\u2019ann\u00e9e en cours doit \u00eatre jointe.<\/p>\n<p>3* Tarif applicable aux participants n\u2019ayant pas d\u2019adh\u00e9sion WONCA directe ni de statut de membre d\u2019une structure membre du CMG.<\/p>\n<p>4* M\u00e9decin en formation en m\u00e9decine g\u00e9n\u00e9rale ou dans les cinq premi\u00e8res ann\u00e9es de pratique apr\u00e8s l\u2019obtention du dipl\u00f4me. Une confirmation de statut est requise de la part de l\u2019institution responsable de la formation ou de la recherche dans le pays\/r\u00e9gion concern\u00e9.<\/p>\n<p>5* \u00c9tudiant de premier cycle universitaire. Une confirmation de statut \u00e9tudiant est obligatoire et doit \u00eatre fournie par l\u2019universit\u00e9.<\/p>\n<p>6* Inclut le professionnel de sant\u00e9 ou de sciences sociales collaborant dans le domaine de la m\u00e9decine g\u00e9n\u00e9rale. Sont exclus : les repr\u00e9sentants de l\u2019industrie.<\/p>\n<p>7* Un accompagnant est d\u00e9fini comme un partenaire, un ami ou un enfant adulte (18+) sans int\u00e9r\u00eat scientifique, professionnel ou commercial pour la conf\u00e9rence. Ne peuvent pas s&#8217;inscrire en tant qu&#8217;accompagnants :<br \/>\n\u2013 les coll\u00e8gues ou associ\u00e9s en m\u00e9decine g\u00e9n\u00e9rale ou dans des domaines connexes<br \/>\n\u2013 les \u00e9tudiants inscrits dans des programmes de m\u00e9decine ou de sant\u00e9[\/vc_column_text][\/vc_column][\/vc_row][vc_row][vc_column][vc_column_text css=&#8221;&#8221;]Le secr\u00e9tariat du <strong>Congr\u00e8s Wonca Europe 2026<\/strong> doit \u00eatre inform\u00e9 <strong>par \u00e9crit \u00e0 l&#8217;adresse<\/strong> <a href=\"mailto:registration@woncaeurope2026.org\">registration@woncaeurope2026.org<\/a> en cas d&#8217;annulation.<br \/>\nLes annulations par t\u00e9l\u00e9phone ne seront pas accept\u00e9es. Les remboursements appropri\u00e9s seront effectu\u00e9s apr\u00e8s l&#8217;\u00e9v\u00e9nement.<br \/>\nLes conditions d&#8217;annulation suivantes s&#8217;appliquent :[\/vc_column_text][\/vc_column][\/vc_row][vc_row][vc_column][vc_column_text css=&#8221;&#8221;]\n<table id=\"tablepress-4\" class=\"tablepress tablepress-id-4\">\n<thead>\n<tr class=\"row-1\">\n\t<th class=\"column-1\"><strong>Annulations re\u00e7ues<\/strong><\/th><th class=\"column-2\"><strong>Remboursement<\/strong><\/th>\n<\/tr>\n<\/thead>\n<tbody class=\"row-striping row-hover\">\n<tr class=\"row-2\">\n\t<td class=\"column-1\">Jusqu'au 31 mars 2026<\/td><td class=\"column-2\">75 % des frais d'inscription<\/td>\n<\/tr>\n<tr class=\"row-3\">\n\t<td class=\"column-1\">Du 1er au 30 avril 2026<\/td><td class=\"column-2\">50 % des frais d'inscription<\/td>\n<\/tr>\n<tr class=\"row-4\">\n\t<td class=\"column-1\">\u00c0 partir du 1er mai 2026<\/td><td class=\"column-2\">Aucun remboursement<\/td>\n<\/tr>\n<\/tbody>\n<\/table>\n<!-- #tablepress-4 from cache -->[\/vc_column_text][\/vc_column][\/vc_row][vc_row][vc_column][vc_column_text css=&#8221;&#8221;]<strong>Changement de nom<\/strong><br \/>\nSi vous ne pouvez pas assister \u00e0 l&#8217;\u00e9v\u00e9nement, vous pourrez <strong>envoyer un coll\u00e8gue \u00e0 votre place.<\/strong><br \/>\nDes <strong>frais de traitement de 50 EUR<\/strong> seront factur\u00e9s pour chaque changement de nom.<br \/>\nLes changement de nom doivent \u00eatre signal\u00e9s par \u00e9crit au secr\u00e9tariat du <strong>Congr\u00e8s Wonca Europe 2026<\/strong> \u00e0 <a href=\"mailto:registration@woncaeurope2026.org\">registration@woncaeurope2026.org<\/a>[\/vc_column_text][\/vc_column][\/vc_row]<\/p>\n<\/div>","protected":false},"excerpt":{"rendered":"<p>\ufeff[vc_row disable_element=&#8221;yes&#8221;][vc_column][vc_column_text css=&#8221;&#8221;] * \u00c0 partir de 20 personnes [\/vc_column_text][vc_column_text][\/vc_column_text][\/vc_column][\/vc_row]\ufeff[vc_row][vc_column width=&#8221;1\/4&#8243;][vc_raw_html css=&#8221;&#8221;]JTNDc3R5bGUlM0UlMEElMjAlMjAlMjAlMjBhJTNBaG92ZXIlMkMlMjBhJTIwYSUzQWhvdmVyJTdCJTBBJTIwJTIwJTIwJTIwJTIwJTIwJTIwJTIwY29sb3IlM0ElMjNmZmYlM0IlMEElMjAlMjAlMjAlMjAlN0QlMEElM0MlMkZzdHlsZSUzRSUwQSUwQSUzQ2ElMjBocmVmJTNEJTIyaHR0cHMlM0ElMkYlMkZ3b25jYWV1cm9wZTIwMjYub3JnJTJGZnIlMkZsaWVucy1pbnNjcmlwdGlvbiUyRiUyMiUyMGNsYXNzJTNEJTIyYnRuLWljb24tdG9wJTIwYnRuLWluc2NyaSUyMiUzRSUwQSUyMCUyMCUyMCUyMCUyMCUyMCUyMCUyMCUzQ2ltZyUyMHNyYyUzRCUyMmh0dHBzJTNBJTJGJTJGd29uY2FldXJvcGUyMDI2Lm9yZyUyRndwLWNvbnRlbnQlMkZ1cGxvYWRzJTJGMjAyNSUyRjExJTJGdXNlci1zb2xpZC1mdWxsLTEuc3ZnJTIyJTIwJTJGJTNFJTBBJTIwJTIwJTIwJTIwJTIwJTIwJTIwJTIwJTNDc3BhbiUzRUluc2NyaXB0aW9uJTIwaW5kaXZpZHVlbGxlJTNDJTJGc3BhbiUzRSUwQSUyMCUyMCUyMCUyMCUzQyUyRmElM0U=[\/vc_raw_html][\/vc_column][vc_column width=&#8221;1\/4&#8243;][vc_raw_html css=&#8221;&#8221;]JTNDc3R5bGUlM0UlMEElMjAlMjAlMjAlMjBhJTNBaG92ZXIlMkMlMjBhJTIwYSUzQWhvdmVyJTdCJTBBJTIwJTIwJTIwJTIwJTIwJTIwJTIwJTIwY29sb3IlM0ElMjNmZmYlM0IlMEElMjAlMjAlMjAlMjAlN0QlMEElM0MlMkZzdHlsZSUzRSUwQSUwQSUzQ2ElMjBocmVmJTNEJTIyaHR0cHMlM0ElMkYlMkZ3b25jYWV1cm9wZTIwMjYub3JnJTJGZnIlMkZpbnNjcmlwdGlvbi1ncm91cGUlMkYlMjIlMjBjbGFzcyUzRCUyMmJ0bi1pY29uLXRvcCUyMGJ0bi1ncm91cGUlMjIlM0UlMEElMjAlMjAlMjAlMjAlMjAlMjAlMjAlMjAlM0NpbWclMjBzcmMlM0QlMjJodHRwcyUzQSUyRiUyRndvbmNhZXVyb3BlMjAyNi5vcmclMkZ3cC1jb250ZW50JTJGdXBsb2FkcyUyRjIwMjUlMkYxMSUyRnVzZXJzLXNvbGlkLWZ1bGwuc3ZnJTIyJTIwJTJGJTNFJTBBJTIwJTIwJTIwJTIwJTIwJTIwJTIwJTIwJTNDc3BhbiUzRUluc2NyaXB0aW9uJTIwZGUlMjBncm91cGUlM0MlMkZzcGFuJTNFJTBBJTIwJTIwJTIwJTIwJTNDJTJGYSUzRQ==[\/vc_raw_html][\/vc_column][vc_column width=&#8221;1\/4&#8243; css=&#8221;.vc_custom_1763736905582{padding-top: 0px !important;border-color: #253E6E !important;}&#8221;][vc_raw_html css=&#8221;&#8221;]JTNDc3R5bGUlM0UlMEElMjAlMjAlMjAlMjBhJTNBaG92ZXIlMkMlMjBhJTIwYSUzQWhvdmVyJTdCJTBBJTIwJTIwJTIwJTIwJTIwJTIwJTIwJTIwY29sb3IlM0ElMjNmZmYlM0IlMEElMjAlMjAlMjAlMjAlN0QlMEElM0MlMkZzdHlsZSUzRSUwQSUwQSUzQ2ElMjBocmVmJTNEJTIyaHR0cHMlM0ElMkYlMkZ3b25jYWV1cm9wZTIwMjYub3JnJTJGZnIlMkZhY2NvbXBhZ25hbnQlMkYlMjIlMjBjbGFzcyUzRCUyMmJ0bi1pY29uLXRvcCUyMGJ0bi1hY2MlMjIlM0UlMEElMjAlMjAlMjAlMjAlMjAlMjAlMjAlMjAlM0NpbWclMjBzcmMlM0QlMjJodHRwcyUzQSUyRiUyRndvbmNhZXVyb3BlMjAyNi5vcmclMkZ3cC1jb250ZW50JTJGdXBsb2FkcyUyRjIwMjUlMkYxMSUyRmhhbmRzaGFrZS1yZWd1bGFyLWZ1bGwuc3ZnJTIyJTIwJTJGJTNFJTBBJTIwJTIwJTIwJTIwJTIwJTIwJTIwJTIwJTNDc3BhbiUzRUluc2NyaXB0aW9uJTIwQWNjb21wYWduYW50JTNDJTJGc3BhbiUzRSUwQSUyMCUyMCUyMCUyMCUzQyUyRmElM0U=[\/vc_raw_html][\/vc_column][vc_column width=&#8221;1\/4&#8243;][vc_raw_html css=&#8221;&#8221;]JTNDc3R5bGUlM0UlMEElMjAlMjAlMjAlMjBhJTNBaG92ZXIlMkMlMjBhJTIwYSUzQWhvdmVyJTdCJTBBJTIwJTIwJTIwJTIwJTIwJTIwJTIwJTIwY29sb3IlM0ElMjNmZmYlM0IlMEElMjAlMjAlMjAlMjAlN0QlMEElM0MlMkZzdHlsZSUzRSUwQSUwQSUzQ2ElMjBocmVmJTNEJTIyaHR0cHMlM0ElMkYlMkZ3b25jYWV1cm9wZTIwMjYub3JnJTJGZnIlMkZ2aXNhLWxldHRyZS1kaW52aXRhdGlvbiUyRiUyMiUyMGNsYXNzJTNEJTIyYnRuLWljb24tdG9wJTIwYnRuLXZpc2ElMjIlM0UlMEElMjAlMjAlMjAlMjAlMjAlMjAlMjAlMjAlM0NpbWclMjBzcmMlM0QlMjJodHRwcyUzQSUyRiUyRndvbmNhZXVyb3BlMjAyNi5vcmclMkZ3cC1jb250ZW50JTJGdXBsb2FkcyUyRjIwMjUlMkYxMSUyRmVudmVsb3BlLXJlZ3VsYXItZnVsbC5zdmclMjIlMjAlMkYlM0UlMEElMjAlMjAlMjAlMjAlMjAlMjAlMjAlMjAlM0NzcGFuJTNFVmlzYSUyMCUyRiUyMExldHRyZSUyMGQlMjdpbnZpdGF0aW9uJTNDJTJGc3BhbiUzRSUwQSUyMCUyMCUyMCUyMCUzQyUyRmElM0U=[\/vc_raw_html][\/vc_column][\/vc_row][vc_row][vc_column][vc_column_text css=&#8221;&#8221;][\/vc_column_text][\/vc_column][\/vc_row][vc_row][vc_column][vc_empty_space][vc_column_text css=&#8221;&#8221;]Pour b\u00e9n\u00e9ficier du tarif r\u00e9serv\u00e9 aux pays en d\u00e9veloppement, le participant doit \u00eatre r\u00e9sident dans un pays class\u00e9 selon la politique \u00e9tablie par WONCA. La liste des pays \u00e9ligibles est disponible&hellip;<\/p>\n","protected":false},"author":1,"featured_media":0,"parent":0,"menu_order":0,"comment_status":"closed","ping_status":"closed","template":"","meta":{"_bbp_topic_count":0,"_bbp_reply_count":0,"_bbp_total_topic_count":0,"_bbp_total_reply_count":0,"_bbp_voice_count":0,"_bbp_anonymous_reply_count":0,"_bbp_topic_count_hidden":0,"_bbp_reply_count_hidden":0,"_bbp_forum_subforum_count":0,"inline_featured_image":false,"footnotes":""},"class_list":["post-4062","page","type-page","status-publish","hentry","description-off"],"_links":{"self":[{"href":"https:\/\/woncaeurope2026.org\/fr\/wp-json\/wp\/v2\/pages\/4062","targetHints":{"allow":["GET"]}}],"collection":[{"href":"https:\/\/woncaeurope2026.org\/fr\/wp-json\/wp\/v2\/pages"}],"about":[{"href":"https:\/\/woncaeurope2026.org\/fr\/wp-json\/wp\/v2\/types\/page"}],"author":[{"embeddable":true,"href":"https:\/\/woncaeurope2026.org\/fr\/wp-json\/wp\/v2\/users\/1"}],"replies":[{"embeddable":true,"href":"https:\/\/woncaeurope2026.org\/fr\/wp-json\/wp\/v2\/comments?post=4062"}],"version-history":[{"count":97,"href":"https:\/\/woncaeurope2026.org\/fr\/wp-json\/wp\/v2\/pages\/4062\/revisions"}],"predecessor-version":[{"id":5827,"href":"https:\/\/woncaeurope2026.org\/fr\/wp-json\/wp\/v2\/pages\/4062\/revisions\/5827"}],"wp:attachment":[{"href":"https:\/\/woncaeurope2026.org\/fr\/wp-json\/wp\/v2\/media?parent=4062"}],"curies":[{"name":"wp","href":"https:\/\/api.w.org\/{rel}","templated":true}]}}