{"id":3792,"date":"2025-10-17T14:02:09","date_gmt":"2025-10-17T14:02:09","guid":{"rendered":"https:\/\/woncaeurope2026.org\/?page_id=3792"},"modified":"2025-10-17T14:07:11","modified_gmt":"2025-10-17T14:07:11","slug":"conditions-generales-de-vente","status":"publish","type":"page","link":"https:\/\/woncaeurope2026.org\/fr\/conditions-generales-de-vente\/","title":{"rendered":"Conditions G\u00e9n\u00e9rales de Vente"},"content":{"rendered":"<div class=\"wpb-content-wrapper\"><p>[vc_row][vc_column]<div id=\"ultimate-heading-849669eb75d79ba08\" class=\"uvc-heading ult-adjust-bottom-margin ultimate-heading-849669eb75d79ba08 uvc-4277  uvc-heading-default-font-sizes\" data-hspacer=\"no_spacer\"  data-halign=\"left\" style=\"text-align:left\"><div class=\"uvc-heading-spacer no_spacer\" style=\"top\"><\/div><div class=\"uvc-main-heading ult-responsive\"  data-ultimate-target='.uvc-heading.ultimate-heading-849669eb75d79ba08 h2'  data-responsive-json-new='{\"font-size\":\"\",\"line-height\":\"\"}' ><h2 style=\"--font-weight:theme;\">Conditions G\u00e9n\u00e9rales de Vente<\/h2><\/div><\/div>[vc_empty_space][vc_column_text css=&#8221;&#8221;]<\/p>\n<ol>\n<li><strong> Objet<\/strong><\/li>\n<\/ol>\n<p>Les pr\u00e9sentes Conditions G\u00e9n\u00e9rales de Vente (ci-apr\u00e8s \u00ab CGV \u00bb) s\u2019appliquent \u00e0 toute inscription, r\u00e9servation d\u2019h\u00e9bergement, transport ou prestation annexe effectu\u00e9e via le site <strong>woncaeurope2026.org<\/strong> dans le cadre du congr\u00e8s WONCA Europe 2026.<br \/>\nElles d\u00e9finissent les droits et obligations des parties \u2014 l\u2019organisateur (\u00ab l\u2019Organisateur \u00bb) et le participant (ou client \/ utilisateur) \u2014 pour toutes les prestations propos\u00e9es au public via le site Internet.<\/p>\n<ol start=\"2\">\n<li><strong> Parties contractantes<\/strong><\/li>\n<\/ol>\n<ul>\n<li style=\"list-style-type: none;\">\n<ul>\n<li><strong>L\u2019Organisateur<\/strong> : Overcome<br \/>\n13-15 rue des Sablons<br \/>\n75116 Paris &#8211; France<\/li>\n<li><strong>Le Participant \/ Client<\/strong> : toute personne physique ou morale proc\u00e9dant \u00e0 une inscription ou r\u00e9servation sur le site (professionnel ou non).<\/li>\n<\/ul>\n<\/li>\n<\/ul>\n<ol start=\"3\">\n<li><strong> Acceptation des CGV<\/strong><\/li>\n<\/ol>\n<p>Toute inscription ou r\u00e9servation implique l\u2019acceptation sans r\u00e9serve des pr\u00e9sentes CGV. Le Participant d\u00e9clare avoir pris connaissance des CGV et les accepter avant de finaliser sa commande \/ inscription.<\/p>\n<ol start=\"4\">\n<li><strong> Prestations concern\u00e9es<\/strong><\/li>\n<\/ol>\n<p>Les prestations couvertes par les pr\u00e9sentes CGV incluent notamment :<\/p>\n<ul>\n<li style=\"list-style-type: none;\">\n<ul>\n<li>l\u2019inscription au congr\u00e8s (formule compl\u00e8te, demi-journ\u00e9es, sessions sociales\u2026)<\/li>\n<li>les r\u00e9servations d\u2019h\u00e9bergement (h\u00f4tels partenaires, nuit\u00e9es\u2026)<\/li>\n<li>les services de transport (navettes, transferts, etc.), le cas \u00e9ch\u00e9ant<\/li>\n<li>les services annexes (d\u00e9jeuners, visites, excursions, \u00e9v\u00e9nements sociaux)<\/li>\n<\/ul>\n<\/li>\n<\/ul>\n<ol start=\"5\">\n<li><strong> Tarifs et modalit\u00e9s de paiement<\/strong><\/li>\n<\/ol>\n<p>5.1 <strong>Tarifs<\/strong> :<br \/>\nLes tarifs sont indiqu\u00e9s en euros (\u20ac), toutes taxes comprises (TTC), sauf mention contraire. Ils peuvent varier selon la cat\u00e9gorie (membre \/ non-membre, inscription anticip\u00e9e, tarifs \u00e9tudiants, etc.).<\/p>\n<p>5.2 <strong>Modalit\u00e9s de paiement<\/strong> :<br \/>\nLe paiement peut s\u2019effectuer via les moyens propos\u00e9s sur le site (carte bancaire, virement, etc.).<br \/>\nLa validation de l\u2019inscription \/ r\u00e9servation n\u2019est effective qu\u2019apr\u00e8s r\u00e9ception du paiement complet ou de l\u2019acompte requis (le cas \u00e9ch\u00e9ant).<br \/>\nSi le paiement est r\u00e9alis\u00e9 par virement, le Participant doit joindre une preuve de virement afin de confirmer la r\u00e9servation.<\/p>\n<ol start=\"6\">\n<li><strong> Confirmation &amp; documents<\/strong><\/li>\n<\/ol>\n<p>D\u00e8s r\u00e9ception du paiement, l\u2019Organisateur envoie une confirmation \u00e9crite (par email) accompagn\u00e9e, le cas \u00e9ch\u00e9ant, d\u2019un re\u00e7u \/ facture. Pour l\u2019h\u00e9bergement ou transport, les d\u00e9tails pratiques (lieu, horaires, conditions) seront pr\u00e9cis\u00e9s dans ce courriel.<\/p>\n<ol start=\"7\">\n<li><strong> Annulations &amp; modifications par le Participant<\/strong><\/li>\n<\/ol>\n<p>7.1 <strong>Droit de r\u00e9tractation<\/strong> :<br \/>\nConform\u00e9ment \u00e0 la r\u00e9glementation europ\u00e9enne relative aux services immat\u00e9riels, le droit de r\u00e9tractation <strong>ne s\u2019applique pas<\/strong> aux services d\u2019h\u00e9bergement, transport ou \u00e9v\u00e9nements culturels lorsque la prestation doit commencer \u00e0 une date d\u00e9termin\u00e9e, ou \u00e0 des services dont l\u2019ex\u00e9cution a commenc\u00e9 avant la fin du d\u00e9lai l\u00e9gal.<\/p>\n<p>&nbsp;<\/p>\n<p>7.2 <strong>Politique d\u2019annulation \/ remboursement<\/strong> (\u00e0 adapter selon vos besoins) :<\/p>\n<table style=\"height: 178px;\" width=\"805\">\n<thead>\n<tr>\n<td><strong>D\u00e9lai avant la date de l\u2019\u00c9v\u00e9nement<\/strong><\/td>\n<td><strong>Pourcentage remboursable<\/strong><\/td>\n<td><strong>Conditions \/ frais de dossier<\/strong><\/td>\n<\/tr>\n<\/thead>\n<tbody>\n<tr>\n<td>\u2265 60 jours<\/td>\n<td>100 %<\/td>\n<td>aucun frais (ou frais minimes)<\/td>\n<\/tr>\n<tr>\n<td>30 \u00e0 59 jours<\/td>\n<td>50 %<\/td>\n<td>frais d\u2019administration<\/td>\n<\/tr>\n<tr>\n<td>15 \u00e0 29 jours<\/td>\n<td>20 %<\/td>\n<td>frais plus \u00e9lev\u00e9s<\/td>\n<\/tr>\n<tr>\n<td>&lt; 15 jours<\/td>\n<td>0 %<\/td>\n<td>aucun remboursement possible<\/td>\n<\/tr>\n<\/tbody>\n<\/table>\n<p>&nbsp;<\/p>\n<p>Le Participant peut demander l\u2019annulation par \u00e9crit (email), en mentionnant son nom, num\u00e9ro de r\u00e9servation \/ inscription, motif.<br \/>\nL\u2019Organisateur informe par \u00e9crit (email) de la r\u00e9ception de la demande. Le remboursement (le cas \u00e9ch\u00e9ant) sera effectu\u00e9 selon le mode de paiement initial, dans un d\u00e9lai raisonnable (par exemple 30 jours).<\/p>\n<ol start=\"8\">\n<li><strong> Modifications ou annulation du congr\u00e8s par l\u2019Organisateur<\/strong><\/li>\n<\/ol>\n<p>8.1 <strong>Modification<\/strong> :<br \/>\nL\u2019Organisateur se r\u00e9serve le droit de modifier certaines modalit\u00e9s (programme, horaires, lieu, intervenants). Il s\u2019efforcera d\u2019informer les Participants dans les meilleurs d\u00e9lais. Ces modifications ne donnent pas droit \u00e0 remboursement ou indemnit\u00e9, sauf si elles affectent substantiellement la nature de la prestation.<\/p>\n<p>8.2 <strong>Annulation<\/strong> :<br \/>\nSi l\u2019\u00c9v\u00e9nement doit \u00eatre annul\u00e9 par l\u2019Organisateur pour des raisons ind\u00e9pendantes de sa volont\u00e9 (force majeure, sanction administrative, \u00e9v\u00e9nement impr\u00e9vu, etc.), l\u2019Organisateur proposera aux Participants un report ou un remboursement partiel ou int\u00e9gral (\u00e0 d\u00e9finir). L\u2019Organisateur ne pourra \u00eatre tenu responsable des frais accessoires engag\u00e9s par le Participant (voyage, h\u00e9bergement hors contrat, etc.), sauf faute grave.<\/p>\n<ol start=\"9\">\n<li><strong> Responsabilit\u00e9 &amp; assurances<\/strong><\/li>\n<\/ol>\n<p>Le Participant reconna\u00eet qu\u2019il participe \u00e0 l\u2019\u00c9v\u00e9nement sous sa propre responsabilit\u00e9.<br \/>\nL\u2019Organisateur ne pourra \u00eatre tenu responsable des dommages indirects, pertes d\u2019exploitation, vols, incidents survenant pendant l\u2019\u00c9v\u00e9nement ou sur le trajet, sauf faute lourde ou dolosive.<br \/>\nIl est conseill\u00e9 aux Participants de souscrire une assurance responsabilit\u00e9 civile et une assurance annulation.<\/p>\n<ol start=\"10\">\n<li><strong> Obligations du Participant<\/strong><\/li>\n<\/ol>\n<ul>\n<li style=\"list-style-type: none;\">\n<ul>\n<li>Fournir des informations exactes et compl\u00e8tes lors de l\u2019inscription \/ r\u00e9servation.<\/li>\n<li>Respecter les horaires, r\u00e8glements de l\u2019\u00c9v\u00e9nement (code de conduite, s\u00e9curit\u00e9, consignes sanitaires, etc.).<\/li>\n<li>Ne pas c\u00e9der sa place sans autorisation.<\/li>\n<li>En cas de non-pr\u00e9sentation, l\u2019organisateur peut consid\u00e9rer l\u2019inscription comme d\u00e9finitive (aucun remboursement).<\/li>\n<\/ul>\n<\/li>\n<\/ul>\n<ol start=\"11\">\n<li><strong> Propri\u00e9t\u00e9 intellectuelle<\/strong><\/li>\n<\/ol>\n<p>Tous les supports p\u00e9dagogiques, contenus, logos, images diffus\u00e9s dans le cadre de l\u2019\u00c9v\u00e9nement restent la propri\u00e9t\u00e9 exclusive de l\u2019Organisateur ou des auteurs. Leur reproduction, diffusion, exploitation \u00e0 des fins commerciales est interdite sans autorisation.<\/p>\n<ol start=\"12\">\n<li><strong> Donn\u00e9es personnelles<\/strong><\/li>\n<\/ol>\n<p>L\u2019Organisateur collecte et traite les donn\u00e9es personnelles des Participants conform\u00e9ment \u00e0 la <strong>R\u00e8glementation g\u00e9n\u00e9rale sur la protection des donn\u00e9es (RGPD)<\/strong>.<br \/>\nLes donn\u00e9es sont utilis\u00e9es pour la gestion de l\u2019inscription, l\u2019envoi d\u2019informations, la facturation, la communication li\u00e9e \u00e0 l\u2019\u00c9v\u00e9nement.<br \/>\nLe Participant dispose d\u2019un droit d\u2019acc\u00e8s, rectification, suppression et portabilit\u00e9 de ses donn\u00e9es, qu\u2019il peut exercer en contactant l\u2019Organisateur \u00e0 l\u2019adresse indiqu\u00e9e.<\/p>\n<ol start=\"13\">\n<li><strong> Force majeure<\/strong><\/li>\n<\/ol>\n<p>Aucune des parties ne sera tenue responsable des retards ou manquements \u00e0 ses obligations en cas de force majeure (catastrophe naturelle, gr\u00e8ve, pand\u00e9mie, d\u00e9cision administrative, etc.).<\/p>\n<ol start=\"14\">\n<li><strong> Loi applicable &amp; juridiction comp\u00e9tente<\/strong><\/li>\n<\/ol>\n<p>Les pr\u00e9sentes CGV sont r\u00e9gies par le <strong>droit fran\u00e7ais<\/strong> (puisque l\u2019\u00c9v\u00e9nement se d\u00e9roule en France).<br \/>\nEn cas de litige, le Tribunal comp\u00e9tent sera celui du ressort du si\u00e8ge de l\u2019Organisateur, sauf dispositions l\u00e9gales imp\u00e9ratives contraires.<\/p>\n<ol start=\"15\">\n<li><strong> Dispositions diverses<\/strong><\/li>\n<\/ol>\n<ul>\n<li style=\"list-style-type: none;\">\n<ul>\n<li>Si une clause des CGV est jug\u00e9e invalide, les autres restent en vigueur.<\/li>\n<li>L\u2019Organisateur peut modifier les CGV \u00e0 tout moment, \u00e0 condition de les publier sur le site <strong>avant<\/strong> leur application.<\/li>\n<li>Les Participants sont invit\u00e9s \u00e0 consulter les CGV \u00e0 chaque utilisation.<\/li>\n<\/ul>\n<\/li>\n<\/ul>\n<p>[\/vc_column_text][\/vc_column][\/vc_row]<\/p>\n<\/div>","protected":false},"excerpt":{"rendered":"<p>[vc_row][vc_column][vc_empty_space][vc_column_text css=&#8221;&#8221;] Objet Les pr\u00e9sentes Conditions G\u00e9n\u00e9rales de Vente (ci-apr\u00e8s \u00ab CGV \u00bb) s\u2019appliquent \u00e0 toute inscription, r\u00e9servation d\u2019h\u00e9bergement, transport ou prestation annexe effectu\u00e9e via le site woncaeurope2026.org dans le cadre du congr\u00e8s WONCA Europe 2026. Elles d\u00e9finissent les droits et obligations des parties \u2014 l\u2019organisateur (\u00ab l\u2019Organisateur \u00bb) et le participant (ou client \/&hellip;<\/p>\n","protected":false},"author":1,"featured_media":0,"parent":0,"menu_order":0,"comment_status":"closed","ping_status":"closed","template":"","meta":{"_bbp_topic_count":0,"_bbp_reply_count":0,"_bbp_total_topic_count":0,"_bbp_total_reply_count":0,"_bbp_voice_count":0,"_bbp_anonymous_reply_count":0,"_bbp_topic_count_hidden":0,"_bbp_reply_count_hidden":0,"_bbp_forum_subforum_count":0,"inline_featured_image":false,"footnotes":""},"class_list":["post-3792","page","type-page","status-publish","hentry","description-off"],"_links":{"self":[{"href":"https:\/\/woncaeurope2026.org\/fr\/wp-json\/wp\/v2\/pages\/3792","targetHints":{"allow":["GET"]}}],"collection":[{"href":"https:\/\/woncaeurope2026.org\/fr\/wp-json\/wp\/v2\/pages"}],"about":[{"href":"https:\/\/woncaeurope2026.org\/fr\/wp-json\/wp\/v2\/types\/page"}],"author":[{"embeddable":true,"href":"https:\/\/woncaeurope2026.org\/fr\/wp-json\/wp\/v2\/users\/1"}],"replies":[{"embeddable":true,"href":"https:\/\/woncaeurope2026.org\/fr\/wp-json\/wp\/v2\/comments?post=3792"}],"version-history":[{"count":3,"href":"https:\/\/woncaeurope2026.org\/fr\/wp-json\/wp\/v2\/pages\/3792\/revisions"}],"predecessor-version":[{"id":3794,"href":"https:\/\/woncaeurope2026.org\/fr\/wp-json\/wp\/v2\/pages\/3792\/revisions\/3794"}],"wp:attachment":[{"href":"https:\/\/woncaeurope2026.org\/fr\/wp-json\/wp\/v2\/media?parent=3792"}],"curies":[{"name":"wp","href":"https:\/\/api.w.org\/{rel}","templated":true}]}}