{"id":3787,"date":"2025-10-17T14:00:23","date_gmt":"2025-10-17T14:00:23","guid":{"rendered":"https:\/\/woncaeurope2026.org\/?page_id=3787"},"modified":"2025-10-17T14:01:23","modified_gmt":"2025-10-17T14:01:23","slug":"gestion-des-cookies","status":"publish","type":"page","link":"https:\/\/woncaeurope2026.org\/fr\/gestion-des-cookies\/","title":{"rendered":"Gestion des cookies"},"content":{"rendered":"<div class=\"wpb-content-wrapper\"><p>[vc_row][vc_column]<div id=\"ultimate-heading-223769eb60ce2cd8f\" class=\"uvc-heading ult-adjust-bottom-margin ultimate-heading-223769eb60ce2cd8f uvc-1337  uvc-heading-default-font-sizes\" data-hspacer=\"no_spacer\"  data-halign=\"left\" style=\"text-align:left\"><div class=\"uvc-heading-spacer no_spacer\" style=\"top\"><\/div><div class=\"uvc-main-heading ult-responsive\"  data-ultimate-target='.uvc-heading.ultimate-heading-223769eb60ce2cd8f h2'  data-responsive-json-new='{\"font-size\":\"\",\"line-height\":\"\"}' ><h2 style=\"--font-weight:theme;\">Gestion des cookies<\/h2><\/div><\/div>[vc_empty_space][vc_column_text css=&#8221;&#8221;]<strong>Politique de gestion des cookies<\/strong><\/p>\n<ol>\n<li><strong> D\u00e9finition des cookies<\/strong><\/li>\n<\/ol>\n<p>Un cookie est un petit fichier texte enregistr\u00e9 sur votre terminal (ordinateur, tablette, smartphone) lorsque vous visitez un site internet. Les cookies permettent au site de reconna\u00eetre votre appareil lors de votre visite suivante, de m\u00e9moriser vos pr\u00e9f\u00e9rences, et d\u2019am\u00e9liorer votre exp\u00e9rience utilisateur.<\/p>\n<ol start=\"2\">\n<li><strong> Objectifs des cookies utilis\u00e9s<\/strong><\/li>\n<\/ol>\n<p>Le site woncaeurope2026.org utilise plusieurs cat\u00e9gories de cookies :<\/p>\n<table style=\"height: 248px;\" width=\"848\">\n<tbody>\n<tr>\n<td width=\"158\"><strong>Cookies strictement n\u00e9cessaires<\/strong><\/td>\n<td width=\"441\">Ils sont indispensables au fonctionnement du site. Exemples : gestion de session, s\u00e9curit\u00e9, navigation sur le site. Sans ces cookies, certaines parties du site ne fonctionneraient pas correctement.<\/td>\n<\/tr>\n<tr>\n<td width=\"158\"><strong>Cookies de performance, analytiques<\/strong><\/td>\n<td width=\"441\">Permettent de mesurer l\u2019audience, de collecter des donn\u00e9es agr\u00e9g\u00e9es (pages visit\u00e9es, dur\u00e9e, erreurs \u00e9ventuelles), afin d\u2019am\u00e9liorer le fonctionnement du site.<\/td>\n<\/tr>\n<tr>\n<td width=\"158\"><strong>Cookies de pr\u00e9f\u00e9rence<\/strong><\/td>\n<td width=\"441\">Permettent de m\u00e9moriser vos choix (langue, affichage, etc.) pour vous offrir une exp\u00e9rience personnalis\u00e9e.<\/td>\n<\/tr>\n<tr>\n<td width=\"158\"><strong>Cookies marketing, publicitaires<\/strong><\/td>\n<td width=\"441\">Utilis\u00e9s pour suivre les visiteurs \u00e0 des fins de publicit\u00e9 cibl\u00e9e ou de profilage afin d&#8217;afficher des annonces adapt\u00e9es \u00e0 vos centres d\u2019int\u00e9r\u00eat.<\/td>\n<\/tr>\n<\/tbody>\n<\/table>\n<ol start=\"3\">\n<li><strong> Consentement<\/strong><\/li>\n<\/ol>\n<ul>\n<li style=\"list-style-type: none;\">\n<ul>\n<li>D\u00e8s votre premi\u00e8re visite sur le site, une banni\u00e8re ou un module de consentement s\u2019affiche, vous informant de l\u2019usage des cookies, de leurs cat\u00e9gories, et du fait que vous pouvez accepter ou refuser certains types de cookies (\u00e0 l\u2019exception des cookies strictement n\u00e9cessaires).<\/li>\n<li>Le consentement est libre, sp\u00e9cifique, \u00e9clair\u00e9 et univoque.<\/li>\n<\/ul>\n<\/li>\n<\/ul>\n<ol start=\"4\">\n<li><strong> Refus et d\u00e9sactivation<\/strong><\/li>\n<\/ol>\n<ul>\n<li style=\"list-style-type: none;\">\n<ul>\n<li>Si vous refusez les cookies marketing ou analytiques, le site continuera de fonctionner mais certaines fonctionnalit\u00e9s pourront \u00eatre d\u00e9grad\u00e9es.<\/li>\n<li>Vous pouvez \u00e9galement d\u00e9sactiver les cookies via les param\u00e8tres de votre navigateur ; cependant, cela peut entra\u00eener une exp\u00e9rience moins optimis\u00e9e.<\/li>\n<\/ul>\n<\/li>\n<\/ul>\n<ol start=\"5\">\n<li><strong> Dur\u00e9e de conservation<\/strong><\/li>\n<\/ol>\n<ul>\n<li style=\"list-style-type: none;\">\n<ul>\n<li>Les cookies strictement n\u00e9cessaires sont conserv\u00e9s pendant la session de navigation ou pour une dur\u00e9e d\u00e9termin\u00e9e justifi\u00e9e techniquement.<\/li>\n<li>Les cookies analytiques et de pr\u00e9f\u00e9rence ont une dur\u00e9e de conservation raisonnable, par exemple 12 mois (ou selon la l\u00e9gislation locale ou les recommandations CNIL).<\/li>\n<li>Les cookies marketing\/publicitaires peuvent avoir une dur\u00e9e de conservation plus longue, mais toujours dans le respect des r\u00e8gles applicables.<\/li>\n<\/ul>\n<\/li>\n<\/ul>\n<ol start=\"6\">\n<li><strong> Liste des cookies utilis\u00e9s<\/strong><\/li>\n<\/ol>\n<p>Voici un exemple de tableau \u00e0 compl\u00e9ter selon les cookies r\u00e9ellement utilis\u00e9s :<\/p>\n<table style=\"height: 133px;\" width=\"830\">\n<thead>\n<tr>\n<td><strong>Nom du cookie<\/strong><\/td>\n<td><strong>Prestataire<\/strong><\/td>\n<td><strong>Cat\u00e9gorie<\/strong><\/td>\n<td><strong>Finalit\u00e9<\/strong><\/td>\n<td><strong>Dur\u00e9e<\/strong><\/td>\n<\/tr>\n<\/thead>\n<tbody>\n<tr>\n<td>_ga<\/td>\n<td>Google Analytics<\/td>\n<td>Performance \/ analytique<\/td>\n<td>Mesurer l\u2019audience du site<\/td>\n<td>12 mois<\/td>\n<\/tr>\n<tr>\n<td>_gid<\/td>\n<td>Google Analytics<\/td>\n<td>Performance \/ analytique<\/td>\n<td>Diff\u00e9rencier les utilisateurs<\/td>\n<td>24 heures<\/td>\n<\/tr>\n<tr>\n<td>cookie langue<\/td>\n<td>WONCA Europe 2026<\/td>\n<td>Pr\u00e9f\u00e9rence<\/td>\n<td>M\u00e9moriser la langue choisie<\/td>\n<td>1 mois<\/td>\n<\/tr>\n<tr>\n<td>cookie pub<\/td>\n<td>Prestataire tiers<\/td>\n<td>Marketing<\/td>\n<td>Afficher des annonces cibl\u00e9es<\/td>\n<td>6 mois<\/td>\n<\/tr>\n<\/tbody>\n<\/table>\n<ol start=\"7\">\n<li><strong> Informations sur les tiers<\/strong><\/li>\n<\/ol>\n<ul>\n<li style=\"list-style-type: none;\">\n<ul>\n<li>Certains cookies peuvent \u00eatre d\u00e9pos\u00e9s ou lus par des services externes (ex : Google Analytics, r\u00e9seaux sociaux, plateformes de diffusion de vid\u00e9o ou services de publicit\u00e9). Ces tiers peuvent collecter des donn\u00e9es selon leurs propres politiques de confidentialit\u00e9.<\/li>\n<li>Le site WONCA Europe 2026 indique clairement lesquels, ainsi que les liens vers les politiques de confidentialit\u00e9 de ces prestataires.<\/li>\n<\/ul>\n<\/li>\n<\/ul>\n<ol start=\"8\">\n<li><strong> Droits des utilisateurs<\/strong><\/li>\n<\/ol>\n<p>Conform\u00e9ment au RGPD, vous disposez des droits suivants :<\/p>\n<ul>\n<li style=\"list-style-type: none;\">\n<ul>\n<li>droit d\u2019acc\u00e8s : obtenir une copie des donn\u00e9es personnelles vous concernant ;<\/li>\n<li>droit de rectification : corriger des donn\u00e9es inexactes ;<\/li>\n<li>droit \u00e0 l\u2019effacement (\u201cdroit \u00e0 l\u2019oubli\u201d) dans les cas pr\u00e9vus par la loi ;<\/li>\n<li>droit \u00e0 la limitation du traitement ;<\/li>\n<li>droit d\u2019opposition : notamment au traitement par des cookies marketing ;<\/li>\n<li>droit \u00e0 la portabilit\u00e9 des donn\u00e9es dans les cas applicables.<\/li>\n<\/ul>\n<\/li>\n<\/ul>\n<p>Vous pouvez exercer ces droits en contactant l\u2019administrateur du site : <a href=\"mailto:woncaeurope2026@overcome.fr\" target=\"_blank\" rel=\"noopener\"><em>woncaeurope2026@overcome.fr<\/em><\/a> ou via le formulaire de contact du site.<\/p>\n<ol start=\"9\">\n<li><strong> Responsable du traitement<\/strong><\/li>\n<\/ol>\n<p><strong>WONCA Europe 2026<\/strong><br \/>\nAdresse : 13-15 rue des Sablons, 75116 Paris, France<br \/>\nContact : <a href=\"mailto:woncaeurope2026@overcome.fr\">woncaeurope2026@overcome.fr<\/a>[\/vc_column_text][\/vc_column][\/vc_row]<\/p>\n<\/div>","protected":false},"excerpt":{"rendered":"<p>[vc_row][vc_column][vc_empty_space][vc_column_text css=&#8221;&#8221;]Politique de gestion des cookies D\u00e9finition des cookies Un cookie est un petit fichier texte enregistr\u00e9 sur votre terminal (ordinateur, tablette, smartphone) lorsque vous visitez un site internet. Les cookies permettent au site de reconna\u00eetre votre appareil lors de votre visite suivante, de m\u00e9moriser vos pr\u00e9f\u00e9rences, et d\u2019am\u00e9liorer votre exp\u00e9rience utilisateur. Objectifs des cookies&hellip;<\/p>\n","protected":false},"author":1,"featured_media":0,"parent":0,"menu_order":0,"comment_status":"closed","ping_status":"closed","template":"","meta":{"_bbp_topic_count":0,"_bbp_reply_count":0,"_bbp_total_topic_count":0,"_bbp_total_reply_count":0,"_bbp_voice_count":0,"_bbp_anonymous_reply_count":0,"_bbp_topic_count_hidden":0,"_bbp_reply_count_hidden":0,"_bbp_forum_subforum_count":0,"inline_featured_image":false,"footnotes":""},"class_list":["post-3787","page","type-page","status-publish","hentry","description-off"],"_links":{"self":[{"href":"https:\/\/woncaeurope2026.org\/fr\/wp-json\/wp\/v2\/pages\/3787","targetHints":{"allow":["GET"]}}],"collection":[{"href":"https:\/\/woncaeurope2026.org\/fr\/wp-json\/wp\/v2\/pages"}],"about":[{"href":"https:\/\/woncaeurope2026.org\/fr\/wp-json\/wp\/v2\/types\/page"}],"author":[{"embeddable":true,"href":"https:\/\/woncaeurope2026.org\/fr\/wp-json\/wp\/v2\/users\/1"}],"replies":[{"embeddable":true,"href":"https:\/\/woncaeurope2026.org\/fr\/wp-json\/wp\/v2\/comments?post=3787"}],"version-history":[{"count":4,"href":"https:\/\/woncaeurope2026.org\/fr\/wp-json\/wp\/v2\/pages\/3787\/revisions"}],"predecessor-version":[{"id":3791,"href":"https:\/\/woncaeurope2026.org\/fr\/wp-json\/wp\/v2\/pages\/3787\/revisions\/3791"}],"wp:attachment":[{"href":"https:\/\/woncaeurope2026.org\/fr\/wp-json\/wp\/v2\/media?parent=3787"}],"curies":[{"name":"wp","href":"https:\/\/api.w.org\/{rel}","templated":true}]}}