{"id":2809,"date":"2025-09-19T13:03:20","date_gmt":"2025-09-19T13:03:20","guid":{"rendered":"https:\/\/woncaeurope2026.org\/?page_id=2809"},"modified":"2025-09-19T13:10:27","modified_gmt":"2025-09-19T13:10:27","slug":"conditions-dinscription","status":"publish","type":"page","link":"https:\/\/woncaeurope2026.org\/fr\/conditions-dinscription\/","title":{"rendered":"Conditions d\u2019inscription"},"content":{"rendered":"<div class=\"wpb-content-wrapper\"><p>[vc_row][vc_column]<div id=\"ultimate-heading-850869d03fb73ea84\" class=\"uvc-heading ult-adjust-bottom-margin ultimate-heading-850869d03fb73ea84 uvc-7456  uvc-heading-default-font-sizes\" data-hspacer=\"no_spacer\"  data-halign=\"center\" style=\"text-align:center\"><div class=\"uvc-heading-spacer no_spacer\" style=\"top\"><\/div><div class=\"uvc-main-heading ult-responsive\"  data-ultimate-target='.uvc-heading.ultimate-heading-850869d03fb73ea84 h2'  data-responsive-json-new='{\"font-size\":\"\",\"line-height\":\"\"}' ><h2 style=\"font-weight:bold;color:#1A294F;\">Annulations et remboursements<\/h2><\/div><\/div>[vc_empty_space][vc_column_text css=&#8221;&#8221;]Le secr\u00e9tariat d<strong>u Congr\u00e8s Wonca Europe 2026 <\/strong>doit \u00eatre inform\u00e9 <strong>par \u00e9crit \u00e0 l\u2019adresse <a href=\"mailto:registration@woncaeurope2026.org\" target=\"_blank\" rel=\"noopener\">registration@woncaeurope2026.org<\/a><\/strong> en cas d\u2019annulation.<br \/>\nLes annulations par t\u00e9l\u00e9phone ne seront pas accept\u00e9es. Les remboursements appropri\u00e9s seront effectu\u00e9s apr\u00e8s l\u2019\u00e9v\u00e9nement.<\/p>\n<p>Les conditions d\u2019annulation suivantes s\u2019appliquent :<\/p>\n<table>\n<thead>\n<tr>\n<td><strong>Annulations re\u00e7ues<\/strong><\/td>\n<td><strong>Remboursement<\/strong><\/td>\n<\/tr>\n<tr>\n<td>Jusqu\u2019au 31 mars 2026<\/td>\n<td>25 % des frais d\u2019inscription<\/td>\n<\/tr>\n<tr>\n<td>Du 1er au 30 avril 2026<\/td>\n<td>50 % des frais d\u2019inscription<\/td>\n<\/tr>\n<tr>\n<td>\u00c0 partir du 1er mai 2026<\/td>\n<td>Aucun remboursement<\/td>\n<\/tr>\n<\/thead>\n<\/table>\n<p>[\/vc_column_text]<div id=\"ultimate-heading-999969d03fb73eaee\" class=\"uvc-heading ult-adjust-bottom-margin ultimate-heading-999969d03fb73eaee uvc-187  uvc-heading-default-font-sizes\" data-hspacer=\"no_spacer\"  data-halign=\"center\" style=\"text-align:center\"><div class=\"uvc-heading-spacer no_spacer\" style=\"top\"><\/div><div class=\"uvc-main-heading ult-responsive\"  data-ultimate-target='.uvc-heading.ultimate-heading-999969d03fb73eaee h2'  data-responsive-json-new='{\"font-size\":\"\",\"line-height\":\"\"}' ><h2 style=\"font-weight:bold;color:#1A294F;\">Changement de nom<\/h2><\/div><\/div>[vc_empty_space][vc_column_text css=&#8221;&#8221;]Si vous ne pouvez pas assister \u00e0 l\u2019\u00e9v\u00e9nement, vous pourrez <strong>envoyer un coll\u00e8gue \u00e0 votre place<\/strong>.<br \/>\nDes <strong>frais de traitement de 50 EUR<\/strong> seront factur\u00e9s pour chaque changement de nom.<br \/>\nLes changements de nom doivent \u00eatre signal\u00e9s par \u00e9crit au secr\u00e9tariat du <strong>Congr\u00e8s Wonca Europe 2026<\/strong> \u00a0\u00e0 <a href=\"mailto:registration@woncaeurope2026.org\" target=\"_blank\" rel=\"noopener\"><strong>registration@woncaeurope2026.org<\/strong><\/a>[\/vc_column_text][vc_empty_space]<div id=\"ultimate-heading-543669d03fb73eb3d\" class=\"uvc-heading ult-adjust-bottom-margin ultimate-heading-543669d03fb73eb3d uvc-5787  uvc-heading-default-font-sizes\" data-hspacer=\"no_spacer\"  data-halign=\"center\" style=\"text-align:center\"><div class=\"uvc-heading-spacer no_spacer\" style=\"top\"><\/div><div class=\"uvc-main-heading ult-responsive\"  data-ultimate-target='.uvc-heading.ultimate-heading-543669d03fb73eb3d h2'  data-responsive-json-new='{\"font-size\":\"\",\"line-height\":\"\"}' ><h2 style=\"font-weight:bold;color:#1A294F;\">Passeport et visa<\/h2><\/div><\/div>[vc_empty_space][vc_column_text css=&#8221;&#8221;]Pour plus d\u2019informations, veuillez cliquer ici.[\/vc_column_text][\/vc_column][\/vc_row]<\/p>\n<\/div>","protected":false},"excerpt":{"rendered":"<p>[vc_row][vc_column][vc_empty_space][vc_column_text css=&#8221;&#8221;]Le secr\u00e9tariat du Congr\u00e8s Wonca Europe 2026 doit \u00eatre inform\u00e9 par \u00e9crit \u00e0 l\u2019adresse registration@woncaeurope2026.org en cas d\u2019annulation. Les annulations par t\u00e9l\u00e9phone ne seront pas accept\u00e9es. Les remboursements appropri\u00e9s seront effectu\u00e9s apr\u00e8s l\u2019\u00e9v\u00e9nement. Les conditions d\u2019annulation suivantes s\u2019appliquent : Annulations re\u00e7ues Remboursement Jusqu\u2019au 31 mars 2026 25 % des frais d\u2019inscription Du 1er au&hellip;<\/p>\n","protected":false},"author":51,"featured_media":0,"parent":0,"menu_order":0,"comment_status":"closed","ping_status":"closed","template":"","meta":{"_bbp_topic_count":0,"_bbp_reply_count":0,"_bbp_total_topic_count":0,"_bbp_total_reply_count":0,"_bbp_voice_count":0,"_bbp_anonymous_reply_count":0,"_bbp_topic_count_hidden":0,"_bbp_reply_count_hidden":0,"_bbp_forum_subforum_count":0,"inline_featured_image":false,"footnotes":""},"class_list":["post-2809","page","type-page","status-publish","hentry","description-off"],"_links":{"self":[{"href":"https:\/\/woncaeurope2026.org\/fr\/wp-json\/wp\/v2\/pages\/2809","targetHints":{"allow":["GET"]}}],"collection":[{"href":"https:\/\/woncaeurope2026.org\/fr\/wp-json\/wp\/v2\/pages"}],"about":[{"href":"https:\/\/woncaeurope2026.org\/fr\/wp-json\/wp\/v2\/types\/page"}],"author":[{"embeddable":true,"href":"https:\/\/woncaeurope2026.org\/fr\/wp-json\/wp\/v2\/users\/51"}],"replies":[{"embeddable":true,"href":"https:\/\/woncaeurope2026.org\/fr\/wp-json\/wp\/v2\/comments?post=2809"}],"version-history":[{"count":4,"href":"https:\/\/woncaeurope2026.org\/fr\/wp-json\/wp\/v2\/pages\/2809\/revisions"}],"predecessor-version":[{"id":2817,"href":"https:\/\/woncaeurope2026.org\/fr\/wp-json\/wp\/v2\/pages\/2809\/revisions\/2817"}],"wp:attachment":[{"href":"https:\/\/woncaeurope2026.org\/fr\/wp-json\/wp\/v2\/media?parent=2809"}],"curies":[{"name":"wp","href":"https:\/\/api.w.org\/{rel}","templated":true}]}}