{"id":1991,"date":"2025-07-01T10:26:12","date_gmt":"2025-07-01T10:26:12","guid":{"rendered":"https:\/\/woncaeurope2026.org\/?page_id=1991"},"modified":"2026-03-05T10:33:58","modified_gmt":"2026-03-05T10:33:58","slug":"programme-social","status":"publish","type":"page","link":"https:\/\/woncaeurope2026.org\/fr\/programme-social\/","title":{"rendered":"PROGRAMME SOCIAL"},"content":{"rendered":"<div class=\"wpb-content-wrapper\"><p>[vc_row][vc_column]<div id=\"ultimate-heading-759369e5ab639f443\" class=\"uvc-heading ult-adjust-bottom-margin ultimate-heading-759369e5ab639f443 uvc-7583  uvc-heading-default-font-sizes\" data-hspacer=\"no_spacer\"  data-halign=\"left\" style=\"text-align:left\"><div class=\"uvc-heading-spacer no_spacer\" style=\"top\"><\/div><div class=\"uvc-main-heading ult-responsive\"  data-ultimate-target='.uvc-heading.ultimate-heading-759369e5ab639f443 h2'  data-responsive-json-new='{\"font-size\":\"\",\"line-height\":\"\"}' ><h2 style=\"--font-weight:theme;color:#1A294F;\">PROGRAMME SOCIAL<\/h2><\/div><\/div>[vc_empty_space]<div id=\"ultimate-heading-654469e5ab639f4d8\" class=\"uvc-heading ult-adjust-bottom-margin ultimate-heading-654469e5ab639f4d8 uvc-4916  uvc-heading-default-font-sizes\" data-hspacer=\"no_spacer\"  data-halign=\"center\" style=\"text-align:center\"><div class=\"uvc-heading-spacer no_spacer\" style=\"top\"><\/div><div class=\"uvc-sub-heading ult-responsive\"  data-ultimate-target='.uvc-heading.ultimate-heading-654469e5ab639f4d8 .uvc-sub-heading '  data-responsive-json-new='{\"font-size\":\"\",\"line-height\":\"\"}'  style=\"font-weight:normal;\"><\/p>\n<p style=\"text-align: left;\">Au-del\u00e0 des sessions scientifiques, le congr\u00e8s Wonca Europe 2026 vous invite \u00e0 vivre Paris autrement : rencontres inoubliables, moments de convivialit\u00e9 et exp\u00e9riences uniques vous attendent.<\/p>\n<p><\/div><\/div>[vc_empty_space][\/vc_column][\/vc_row][vc_row][vc_column width=&#8221;1\/2&#8243;]<div id=\"ultimate-heading-91569e5ab639f548\" class=\"uvc-heading ult-adjust-bottom-margin ultimate-heading-91569e5ab639f548 uvc-256  uvc-heading-default-font-sizes\" data-hspacer=\"no_spacer\"  data-halign=\"left\" style=\"text-align:left\"><div class=\"uvc-heading-spacer no_spacer\" style=\"top\"><\/div><div class=\"uvc-main-heading ult-responsive\"  data-ultimate-target='.uvc-heading.ultimate-heading-91569e5ab639f548 h4'  data-responsive-json-new='{\"font-size\":\"\",\"line-height\":\"\"}' ><h4 style=\"font-weight:bold;color:#B41B36;\">Visite priv\u00e9e du Mus\u00e9e du Louvre \u2013 Mardi 30 juin 2026<\/h4><\/div><\/div>[vc_column_text css=&#8221;&#8221;]Pour les <strong>3 000 premiers inscrits<\/strong>, une opportunit\u00e9 exceptionnelle : une visite priv\u00e9e du Louvre.<br \/>\nAdmirez la Joconde, la Victoire de Samothrace et la V\u00e9nus de Milo dans un cadre exclusif, loin de l\u2019agitation habituelle.<br \/>\n<em>Un moment rare, pour d\u00e9couvrir Paris et son patrimoine comme jamais auparavant.<\/em>[\/vc_column_text][vc_empty_space][\/vc_column][vc_column width=&#8221;1\/2&#8243;][vc_empty_space height=&#8221;10px&#8221;][vc_single_image image=&#8221;6198&#8243; img_size=&#8221;550*190&#8243; alignment=&#8221;center&#8221; style=&#8221;vc_box_rounded&#8221; css=&#8221;&#8221;][\/vc_column][\/vc_row][vc_row][vc_column width=&#8221;1\/2&#8243;]<div id=\"ultimate-heading-905569e5ab639f5b9\" class=\"uvc-heading ult-adjust-bottom-margin ultimate-heading-905569e5ab639f5b9 uvc-2100  uvc-heading-default-font-sizes\" data-hspacer=\"no_spacer\"  data-halign=\"left\" style=\"text-align:left\"><div class=\"uvc-heading-spacer no_spacer\" style=\"top\"><\/div><div class=\"uvc-main-heading ult-responsive\"  data-ultimate-target='.uvc-heading.ultimate-heading-905569e5ab639f5b9 h4'  data-responsive-json-new='{\"font-size\":\"\",\"line-height\":\"\"}' ><h4 style=\"font-weight:bold;color:#B41B36;\">Footing\/marche dans Paris \u2013 Mercredi 1er juillet 2026<\/h4><\/div><\/div>[vc_column_text css=&#8221;&#8221;]D\u00e9couvrez Paris autrement\u2026<br \/>\nExplorez ses rues embl\u00e9matiques, son architecture historique et ses monuments qui se r\u00e9v\u00e8lent au fil des foul\u00e9es.<br \/>\n<em>\u00c0 vos baskets ! Laissez-vous surprendre \u00e0 chaque pas !<\/em>[\/vc_column_text][vc_empty_space][\/vc_column][vc_column width=&#8221;1\/2&#8243;][vc_empty_space height=&#8221;10px&#8221;][vc_single_image image=&#8221;6200&#8243; img_size=&#8221;550*190&#8243; alignment=&#8221;center&#8221; style=&#8221;vc_box_rounded&#8221; css=&#8221;&#8221;][\/vc_column][\/vc_row][vc_row][vc_column width=&#8221;1\/2&#8243;]<div id=\"ultimate-heading-210069e5ab639f62b\" class=\"uvc-heading ult-adjust-bottom-margin ultimate-heading-210069e5ab639f62b uvc-7783  uvc-heading-default-font-sizes\" data-hspacer=\"no_spacer\"  data-halign=\"left\" style=\"text-align:left\"><div class=\"uvc-heading-spacer no_spacer\" style=\"top\"><\/div><div class=\"uvc-main-heading ult-responsive\"  data-ultimate-target='.uvc-heading.ultimate-heading-210069e5ab639f62b h4'  data-responsive-json-new='{\"font-size\":\"\",\"line-height\":\"\"}' ><h4 style=\"font-weight:bold;color:#B41B36;\">Soir\u00e9e de Gala \u2013 Jeudi 2 juillet 2026<\/h4><\/div><\/div>[vc_column_text css=&#8221;&#8221;]Une soir\u00e9e m\u00e9morable vous attend pour f\u00eater la m\u00e9decine g\u00e9n\u00e9rale europ\u00e9enne \u00e0 Paris.<br \/>\nVivez un moment \u00e9l\u00e9gant, festif et convivial, pour c\u00e9l\u00e9brer ensemble la conf\u00e9rence Wonca Europe 2026 \u00e0 Paris.<br \/>\n<em>Cette soir\u00e9e promet d\u2019\u00eatre exceptionnelle !<\/em>[\/vc_column_text][vc_empty_space height=&#8221;10px&#8221;][\/vc_column][vc_column width=&#8221;1\/2&#8243;][vc_empty_space height=&#8221;10px&#8221;][vc_single_image image=&#8221;6202&#8243; img_size=&#8221;550*190&#8243; alignment=&#8221;center&#8221; style=&#8221;vc_box_rounded&#8221; css=&#8221;&#8221;][\/vc_column][\/vc_row][vc_row][vc_column][vc_column_text css=&#8221;&#8221;]<\/p>\n<p style=\"text-align: center;\"><strong>D\u2019autres \u00e9v\u00e9nements viendront enrichir ce programme :<\/strong><br \/>\n<strong>Restez \u00e0 l\u2019\u00e9coute, nous vous d\u00e9voilerons bient\u00f4t d\u2019autres surprises qui feront battre le coeur de Paris au rythme du congr\u00e8s.<\/strong><\/p>\n<p>[\/vc_column_text][\/vc_column][\/vc_row]<\/p>\n<\/div>","protected":false},"excerpt":{"rendered":"<p>[vc_row][vc_column][vc_empty_space][vc_empty_space][\/vc_column][\/vc_row][vc_row][vc_column width=&#8221;1\/2&#8243;][vc_column_text css=&#8221;&#8221;]Pour les 3 000 premiers inscrits, une opportunit\u00e9 exceptionnelle : une visite priv\u00e9e du Louvre. Admirez la Joconde, la Victoire de Samothrace et la V\u00e9nus de Milo dans un cadre exclusif, loin de l\u2019agitation habituelle. Un moment rare, pour d\u00e9couvrir Paris et son patrimoine comme jamais auparavant.[\/vc_column_text][vc_empty_space][\/vc_column][vc_column width=&#8221;1\/2&#8243;][vc_empty_space height=&#8221;10px&#8221;][vc_single_image image=&#8221;6198&#8243; img_size=&#8221;550*190&#8243; alignment=&#8221;center&#8221; style=&#8221;vc_box_rounded&#8221;&hellip;<\/p>\n","protected":false},"author":6,"featured_media":0,"parent":0,"menu_order":0,"comment_status":"closed","ping_status":"closed","template":"","meta":{"_bbp_topic_count":0,"_bbp_reply_count":0,"_bbp_total_topic_count":0,"_bbp_total_reply_count":0,"_bbp_voice_count":0,"_bbp_anonymous_reply_count":0,"_bbp_topic_count_hidden":0,"_bbp_reply_count_hidden":0,"_bbp_forum_subforum_count":0,"inline_featured_image":false,"footnotes":""},"class_list":["post-1991","page","type-page","status-publish","hentry","description-off"],"_links":{"self":[{"href":"https:\/\/woncaeurope2026.org\/fr\/wp-json\/wp\/v2\/pages\/1991","targetHints":{"allow":["GET"]}}],"collection":[{"href":"https:\/\/woncaeurope2026.org\/fr\/wp-json\/wp\/v2\/pages"}],"about":[{"href":"https:\/\/woncaeurope2026.org\/fr\/wp-json\/wp\/v2\/types\/page"}],"author":[{"embeddable":true,"href":"https:\/\/woncaeurope2026.org\/fr\/wp-json\/wp\/v2\/users\/6"}],"replies":[{"embeddable":true,"href":"https:\/\/woncaeurope2026.org\/fr\/wp-json\/wp\/v2\/comments?post=1991"}],"version-history":[{"count":41,"href":"https:\/\/woncaeurope2026.org\/fr\/wp-json\/wp\/v2\/pages\/1991\/revisions"}],"predecessor-version":[{"id":6213,"href":"https:\/\/woncaeurope2026.org\/fr\/wp-json\/wp\/v2\/pages\/1991\/revisions\/6213"}],"wp:attachment":[{"href":"https:\/\/woncaeurope2026.org\/fr\/wp-json\/wp\/v2\/media?parent=1991"}],"curies":[{"name":"wp","href":"https:\/\/api.w.org\/{rel}","templated":true}]}}