{"id":1983,"date":"2025-05-09T08:28:47","date_gmt":"2025-05-09T08:28:47","guid":{"rendered":"https:\/\/woncaeurope2026.org\/?page_id=1983"},"modified":"2026-03-09T23:35:22","modified_gmt":"2026-03-09T23:35:22","slug":"bourses","status":"publish","type":"page","link":"https:\/\/woncaeurope2026.org\/fr\/bourses\/","title":{"rendered":"BURSARIES"},"content":{"rendered":"<div class=\"wpb-content-wrapper\"><p>[vc_row][vc_column]<div id=\"ultimate-heading-675869e5ab62e84d2\" class=\"uvc-heading ult-adjust-bottom-margin ultimate-heading-675869e5ab62e84d2 uvc-2184  uvc-heading-default-font-sizes\" data-hspacer=\"no_spacer\"  data-halign=\"left\" style=\"text-align:left\"><div class=\"uvc-heading-spacer no_spacer\" style=\"top\"><\/div><div class=\"uvc-main-heading ult-responsive\"  data-ultimate-target='.uvc-heading.ultimate-heading-675869e5ab62e84d2 h2'  data-responsive-json-new='{\"font-size\":\"\",\"line-height\":\"\"}' ><h2 style=\"--font-weight:theme;color:#1A294F;\">BOURSES<\/h2><\/div><\/div>[vc_empty_space]<div id=\"ultimate-heading-10169e5ab62e8560\" class=\"uvc-heading ult-adjust-bottom-margin ultimate-heading-10169e5ab62e8560 uvc-2972  uvc-heading-default-font-sizes\" data-hspacer=\"no_spacer\"  data-halign=\"left\" style=\"text-align:left\"><div class=\"uvc-heading-spacer no_spacer\" style=\"top\"><\/div><div class=\"uvc-main-heading ult-responsive\"  data-ultimate-target='.uvc-heading.ultimate-heading-10169e5ab62e8560 h3'  data-responsive-json-new='{\"font-size\":\"\",\"line-height\":\"\"}' ><h3 style=\"font-weight:bold;color:#B41B36;\">Contexte et objectifs<\/h3><\/div><\/div>[vc_column_text css=&#8221;&#8221;]WONCA Europe et le <strong>Mouvement europ\u00e9en des jeunes m\u00e9decins g\u00e9n\u00e9ralistes (EYFDM)<\/strong> collaborent pour <strong>soutenir financi\u00e8rement de jeunes m\u00e9decins g\u00e9n\u00e9ralistes<\/strong> de toute la r\u00e9gion Europe de WONCA et les rapprocher de la communaut\u00e9 internationale de m\u00e9decine g\u00e9n\u00e9rale.\u00a0La richesse et la force de cette communaut\u00e9 reposent sur la diversit\u00e9 de ses membres. Chaque membre compte, mais <strong>il ne peut y avoir d\u2019\u00e9galit\u00e9 sans \u00e9quit\u00e9<\/strong>.<\/p>\n<p>Ce fonds de bourses a \u00e9t\u00e9 cr\u00e9\u00e9 afin d<strong>\u2019\u00e9galiser les chances de participation<\/strong> au congr\u00e8s WONCA Europe et \u00e0 la <strong>pr\u00e9\u2011conf\u00e9rence du Mouvement europ\u00e9en des jeunes m\u00e9decins g\u00e9n\u00e9ralistes (EYFDM)<\/strong> \u00e0 Paris, en soutenant particuli\u00e8rement les personnes pour lesquelles les contraintes financi\u00e8res constitueraient un obstacle.\u00a0La participation \u00e0 ces \u00e9v\u00e9nements peut renforcer la motivation \u00e0 devenir un excellent m\u00e9decin g\u00e9n\u00e9raliste et contribuer \u00e0 la cr\u00e9ation d\u2019un r\u00e9seau solide de professionnels \u00e0 travers l\u2019Europe.<\/p>\n<p>Notre objectif est de <strong>renforcer les soins primaires \u00e0 l\u2019\u00e9chelle mondiale<\/strong> en inspirant, connectant et soutenant celles et ceux qui les exercent.[\/vc_column_text]<div id=\"ultimate-heading-107669e5ab62e85b1\" class=\"uvc-heading ult-adjust-bottom-margin ultimate-heading-107669e5ab62e85b1 uvc-3052  uvc-heading-default-font-sizes\" data-hspacer=\"no_spacer\"  data-halign=\"left\" style=\"text-align:left\"><div class=\"uvc-heading-spacer no_spacer\" style=\"top\"><\/div><div class=\"uvc-main-heading ult-responsive\"  data-ultimate-target='.uvc-heading.ultimate-heading-107669e5ab62e85b1 h3'  data-responsive-json-new='{\"font-size\":\"\",\"line-height\":\"\"}' ><h3 style=\"font-weight:bold;color:#B41B36;\">Montant de la Bourse<\/h3><\/div><\/div>[vc_column_text css=&#8221;&#8221;]Au moins 10 candidats recevront une aide financi\u00e8re comprise entre<strong> 500 \u20ac et 1\u202f000 \u20ac<\/strong> pour participer \u00e0\u00a0la pr\u00e9\u2011conf\u00e9rence du Mouvement europ\u00e9en des jeunes m\u00e9decins g\u00e9n\u00e9ralistes (EYFDM) et au congr\u00e8s WONCA Europe \u00e0 Paris.\u00a0La bourse peut couvrir :<\/p>\n<ul>\n<li>les frais d\u2019inscription \u00e0 la pr\u00e9\u2011conf\u00e9rence EYFDM 2026<\/li>\n<li>les frais d\u2019inscription au congr\u00e8s WONCA Europe Paris 2026<\/li>\n<li>les billets d\u2019avion<\/li>\n<li>l\u2019h\u00e9bergement<\/li>\n<li>un \u00e9v\u00e9nement social EYFDM<\/li>\n<\/ul>\n<p>Les frais d\u00e9passant le montant attribu\u00e9 restent \u00e0 la charge du b\u00e9n\u00e9ficiaire.[\/vc_column_text]<div id=\"ultimate-heading-460169e5ab62e85fd\" class=\"uvc-heading ult-adjust-bottom-margin ultimate-heading-460169e5ab62e85fd uvc-792  uvc-heading-default-font-sizes\" data-hspacer=\"no_spacer\"  data-halign=\"left\" style=\"text-align:left\"><div class=\"uvc-heading-spacer no_spacer\" style=\"top\"><\/div><div class=\"uvc-main-heading ult-responsive\"  data-ultimate-target='.uvc-heading.ultimate-heading-460169e5ab62e85fd h3'  data-responsive-json-new='{\"font-size\":\"\",\"line-height\":\"\"}' ><h3 style=\"font-weight:bold;color:#B41B36;\">Documents<\/h3><\/div><\/div>[vc_column_text css=&#8221;&#8221;]<\/p>\n<ol>\n<li>Le formulaire de candidature (enregistr\u00e9 sous le nom : <em data-start=\"125\" data-end=\"150\">Nom_AF_Paris2026_Europe<\/em>) (voir ci-dessous)<\/li>\n<li>Justificatif du statut de jeune m\u00e9decin g\u00e9n\u00e9raliste : m\u00e9decin en formation en m\u00e9decine g\u00e9n\u00e9rale ou dans les 5 premi\u00e8res ann\u00e9es apr\u00e8s la fin de la formation (enregistr\u00e9 sous le nom : Nom_Statut_Paris2026_Europe).<\/li>\n<li>Photo du candidat (enregistr\u00e9e sous le nom : Nom_Photo_Paris2026_Europe)<\/li>\n<\/ol>\n<p>Tous les documents doivent \u00eatre envoy\u00e9s par e-mail \u00e0 :\u00a0<a href=\"mailto:EYFDMBursaries2026@woncaeurope2026.org\">EYFDMBursaries2026@woncaeurope2026.org<\/a>[\/vc_column_text]<div id=\"ultimate-heading-92169e5ab62e8646\" class=\"uvc-heading ult-adjust-bottom-margin ultimate-heading-92169e5ab62e8646 uvc-2910  uvc-heading-default-font-sizes\" data-hspacer=\"no_spacer\"  data-halign=\"left\" style=\"text-align:left\"><div class=\"uvc-heading-spacer no_spacer\" style=\"top\"><\/div><div class=\"uvc-main-heading ult-responsive\"  data-ultimate-target='.uvc-heading.ultimate-heading-92169e5ab62e8646 h3'  data-responsive-json-new='{\"font-size\":\"\",\"line-height\":\"\"}' ><h3 style=\"font-weight:bold;color:#B41B36;\">Calendrier<\/h3><\/div><\/div>[vc_column_text css=&#8221;&#8221;]Tous les documents doivent \u00eatre envoy\u00e9s \u00e0 l\u2019adresse suivante : <a href=\"mailto:EYFDMBursaries2026@woncaeurope2026.org\">EYFDMBursaries2026@woncaeurope2026.org<\/a> <strong>au plus tard le 8 mars 2026.<\/strong><br \/>\nLes candidats seront inform\u00e9s des r\u00e9sultats <strong>par e-mail au plus tard le 14 avril 2026.<\/strong>[\/vc_column_text]<div id=\"ultimate-heading-269869e5ab62e868f\" class=\"uvc-heading ult-adjust-bottom-margin ultimate-heading-269869e5ab62e868f uvc-4531  uvc-heading-default-font-sizes\" data-hspacer=\"no_spacer\"  data-halign=\"left\" style=\"text-align:left\"><div class=\"uvc-heading-spacer no_spacer\" style=\"top\"><\/div><div class=\"uvc-main-heading ult-responsive\"  data-ultimate-target='.uvc-heading.ultimate-heading-269869e5ab62e868f h3'  data-responsive-json-new='{\"font-size\":\"\",\"line-height\":\"\"}' ><h3 style=\"font-weight:bold;color:#B41B36;\">Autres exigences<\/h3><\/div><\/div>[vc_column_text css=&#8221;&#8221;]Le candidat devra :<\/p>\n<ol>\n<li>r\u00e9diger un retour d\u2019exp\u00e9rience personnel de 250 \u00e0 500 mots dans le mois suivant sa participation \u00e0 l\u2019\u00e9v\u00e9nement ;<\/li>\n<li>transmettre les justificatifs des d\u00e9penses engag\u00e9es (par exemple : factures, re\u00e7us) ;<\/li>\n<li>participer aux deux \u00e9v\u00e9nements : le congr\u00e8s WONCA Europe et la pr\u00e9-conf\u00e9rence du Mouvement europ\u00e9en des jeunes m\u00e9decins g\u00e9n\u00e9ralistes (EYFDM).<\/li>\n<\/ol>\n<p><strong>Le remboursement sera effectu\u00e9 dans un d\u00e9lai maximal de deux mois apr\u00e8s la validation de l\u2019ensemble des exigences mentionn\u00e9es ci-dessus.<\/strong><\/p>\n<p>[\/vc_column_text]<div id=\"ultimate-heading-281569e5ab62e86d6\" class=\"uvc-heading ult-adjust-bottom-margin ultimate-heading-281569e5ab62e86d6 uvc-945  uvc-heading-default-font-sizes\" data-hspacer=\"no_spacer\"  data-halign=\"left\" style=\"text-align:left\"><div class=\"uvc-heading-spacer no_spacer\" style=\"top\"><\/div><div class=\"uvc-main-heading ult-responsive\"  data-ultimate-target='.uvc-heading.ultimate-heading-281569e5ab62e86d6 h3'  data-responsive-json-new='{\"font-size\":\"\",\"line-height\":\"\"}' ><h3 style=\"font-weight:bold;color:#B41B36;\">Jury<\/h3><\/div><\/div>[vc_column_text css=&#8221;&#8221;]La s\u00e9lection des b\u00e9n\u00e9ficiaires de la bourse sera effectu\u00e9e par un jury compos\u00e9 de repr\u00e9sentants de l\u2019EYFDM et de la WONCA Europe, qui \u00e9valuera les dossiers de candidature.[\/vc_column_text]<div id=\"ultimate-heading-985669e5ab62e871f\" class=\"uvc-heading ult-adjust-bottom-margin ultimate-heading-985669e5ab62e871f uvc-3556  uvc-heading-default-font-sizes\" data-hspacer=\"no_spacer\"  data-halign=\"left\" style=\"text-align:left\"><div class=\"uvc-heading-spacer no_spacer\" style=\"top\"><\/div><div class=\"uvc-main-heading ult-responsive\"  data-ultimate-target='.uvc-heading.ultimate-heading-985669e5ab62e871f h3'  data-responsive-json-new='{\"font-size\":\"\",\"line-height\":\"\"}' ><h3 style=\"font-weight:bold;color:#B41B36;\">Crit\u00e8res d\u2019\u00e9ligibilit\u00e9<\/h3><\/div><\/div>[vc_column_text css=&#8221;&#8221;]<strong>Pour b\u00e9n\u00e9ficier de la bourse, le candidat doit :<\/strong><\/p>\n<ul>\n<li>\u00eatre jeune m\u00e9decin g\u00e9n\u00e9raliste (m\u00e9decin en formation en m\u00e9decine g\u00e9n\u00e9rale ou dans les 5 ann\u00e9es suivant la fin de la formation, situation valable en septembre 2026) ;<\/li>\n<li>\u00eatre membre d\u2019une organisation nationale membre de WONCA Europe (adh\u00e9sion valide au 30 avril 2026). Vous pouvez le v\u00e9rifier ici : <a href=\"https:\/\/www.globalfamilydoctor.com\/AboutWonca\/Membership\/Regions.aspx\" target=\"_blank\" rel=\"noopener\">https:\/\/www.globalfamilydoctor.com\/AboutWonca\/Membership\/Regions.aspx<\/a><\/li>\n<li>prouver sa participation au congr\u00e8s WONCA Europe ainsi qu\u2019\u00e0 la pr\u00e9-conf\u00e9rence du Mouvement europ\u00e9en des jeunes m\u00e9decins g\u00e9n\u00e9ralistes (EYFDM) \u00e0 Paris ;<\/li>\n<li>envoyer un rapport d\u2019exp\u00e9rience dans le mois suivant l\u2019\u00e9v\u00e9nement ;<\/li>\n<li>ne pas r\u00e9sider en France ;<\/li>\n<li>ne pas avoir d\u00e9j\u00e0 b\u00e9n\u00e9fici\u00e9 d\u2019un fonds ou d\u2019une bourse WONCA \/ EYFDM (anciennement VdGM).<\/li>\n<\/ul>\n<p><strong>Le non-respect de l\u2019une de ces conditions, y compris l\u2019absence d\u2019envoi du rapport d\u2019exp\u00e9rience dans le d\u00e9lai d\u2019un mois apr\u00e8s l\u2019\u00e9v\u00e9nement ou l\u2019absence de justificatifs des d\u00e9penses engag\u00e9es, entra\u00eenera la perte du droit au remboursement.<\/strong>[\/vc_column_text]<div id=\"ultimate-heading-771369e5ab62e8766\" class=\"uvc-heading ult-adjust-bottom-margin ultimate-heading-771369e5ab62e8766 uvc-4720  uvc-heading-default-font-sizes\" data-hspacer=\"no_spacer\"  data-halign=\"left\" style=\"text-align:left\"><div class=\"uvc-heading-spacer no_spacer\" style=\"top\"><\/div><div class=\"uvc-main-heading ult-responsive\"  data-ultimate-target='.uvc-heading.ultimate-heading-771369e5ab62e8766 h3'  data-responsive-json-new='{\"font-size\":\"\",\"line-height\":\"\"}' ><h3 style=\"font-weight:bold;color:#B41B36;\">Utilisation de l\u2019intelligence artificielle (IA)<\/h3><\/div><\/div>[vc_column_text css=&#8221;&#8221;]Les candidats sont encourag\u00e9s \u00e0 soumettre des candidatures originales et personnalis\u00e9es. Les dossiers qui paraissent trop standardis\u00e9s ou qui reposent excessivement sur des sources externes sans r\u00e9elle contribution personnelle pourront <strong>recevoir une \u00e9valuation moins favorable.<\/strong>[\/vc_column_text]<div id=\"ultimate-heading-278169e5ab62e87ad\" class=\"uvc-heading ult-adjust-bottom-margin ultimate-heading-278169e5ab62e87ad uvc-1436  uvc-heading-default-font-sizes\" data-hspacer=\"no_spacer\"  data-halign=\"left\" style=\"text-align:left\"><div class=\"uvc-heading-spacer no_spacer\" style=\"top\"><\/div><div class=\"uvc-main-heading ult-responsive\"  data-ultimate-target='.uvc-heading.ultimate-heading-278169e5ab62e87ad h3'  data-responsive-json-new='{\"font-size\":\"\",\"line-height\":\"\"}' ><h3 style=\"font-weight:bold;color:#B41B36;\">Contactez-nous<\/h3><\/div><\/div>[vc_column_text css=&#8221;&#8221;]Pour toute question concernant le formulaire de candidature :\u00a0<a href=\"mailto:awards@eyfdm.eu\">awards@eyfdm.eu <\/a><\/p>\n<p>Pour toute question relative \u00e0 l\u2019inscription ou au remboursement :\u00a0<a href=\"mailto:EYFDMBursaries2026@woncaeurope2026.org\">EYFDMBursaries2026@woncaeurope2026.org<\/a>[\/vc_column_text]<div id=\"ultimate-heading-290769e5ab62e87f3\" class=\"uvc-heading ult-adjust-bottom-margin ultimate-heading-290769e5ab62e87f3 uvc-5479  uvc-heading-default-font-sizes\" data-hspacer=\"no_spacer\"  data-halign=\"left\" style=\"text-align:left\"><div class=\"uvc-heading-spacer no_spacer\" style=\"top\"><\/div><div class=\"uvc-main-heading ult-responsive\"  data-ultimate-target='.uvc-heading.ultimate-heading-290769e5ab62e87f3 h3'  data-responsive-json-new='{\"font-size\":\"\",\"line-height\":\"\"}' ><h3 style=\"font-weight:bold;color:#B41B36;\">Consentement<\/h3><\/div><\/div>[vc_column_text css=&#8221;&#8221;]En d\u00e9posant une candidature au Fonds, le candidat accepte :<\/p>\n<ul>\n<li>l\u2019utilisation de sa photo \u00e0 des fins de communication sur les r\u00e9seaux sociaux et\/ou le site internet de WONCA Europe et du Mouvement europ\u00e9en des jeunes m\u00e9decins g\u00e9n\u00e9ralistes (EYFDM) ;<\/li>\n<li>la publication de son compte rendu concernant les \u00e9v\u00e9nements auxquels il a particip\u00e9 (en pr\u00e9sentiel et\/ou en ligne) \u00e0 des fins de communication sur les r\u00e9seaux sociaux et\/ou le site internet de WONCA Europe et de l\u2019EYFDM.<\/li>\n<li>Informations relatives au RGPD<\/li>\n<\/ul>\n<p>Les deux consentements ci-dessus ont pour objectif de valoriser la participation aux \u00e9v\u00e9nements mentionn\u00e9s et de sensibiliser \u00e0 l\u2019importance du Fonds.\u00a0Les donn\u00e9es personnelles peuvent \u00eatre anonymis\u00e9es ou omises \u00e0 la demande du candidat.[\/vc_column_text]<div id=\"ultimate-heading-544169e5ab62e883b\" class=\"uvc-heading ult-adjust-bottom-margin ultimate-heading-544169e5ab62e883b uvc-4124  uvc-heading-default-font-sizes\" data-hspacer=\"no_spacer\"  data-halign=\"left\" style=\"text-align:left\"><div class=\"uvc-heading-spacer no_spacer\" style=\"top\"><\/div><div class=\"uvc-main-heading ult-responsive\"  data-ultimate-target='.uvc-heading.ultimate-heading-544169e5ab62e883b h3'  data-responsive-json-new='{\"font-size\":\"\",\"line-height\":\"\"}' ><h3 style=\"font-weight:bold;color:#B41B36;\">Informations relatives au R\u00e8glement G\u00e9n\u00e9ral sur la Protection des Donn\u00e9es (RGPD)<\/h3><\/div><\/div>[vc_column_text css=&#8221;&#8221;]La fourniture de vos donn\u00e9es personnelles est obligatoire afin de pr\u00e9parer les aspects logistiques li\u00e9s \u00e0 votre participation au congr\u00e8s WONCA Europe 2026 et \u00e0 la pr\u00e9-conf\u00e9rence du Mouvement europ\u00e9en des jeunes m\u00e9decins g\u00e9n\u00e9ralistes (EYFDM) 2026 \u00e0 Paris. Vous pouvez refuser de fournir vos donn\u00e9es personnelles. Toutefois, dans ce cas, il ne sera pas possible de pr\u00e9parer correctement et valablement votre inscription \u00e0 la conf\u00e9rence ni votre d\u00e9placement, et vous perdrez votre droit \u00e0 b\u00e9n\u00e9ficier de ce Fonds.\u00a0WONCA Europe et OVERCOME, en tant que responsables du traitement des donn\u00e9es, collectent et utilisent uniquement les donn\u00e9es personnelles strictement n\u00e9cessaires \u00e0 la bonne gestion de la bourse, conform\u00e9ment aux \u00e9l\u00e9ments d\u00e9crits dans le pr\u00e9sent document.\u00a0Vos donn\u00e9es personnelles\u00a0ne seront pas transmises \u00e0 des tiers et\u00a0seront conserv\u00e9es uniquement pendant la dur\u00e9e n\u00e9cessaire aux finalit\u00e9s li\u00e9es \u00e0 la bourse (notamment \u00e0 des fins d\u2019audit budg\u00e9taire).\u00a0Conform\u00e9ment au RGPD, vous disposez d\u2019un droit d\u2019acc\u00e8s, de modification, de rectification et de suppression des donn\u00e9es que vous acceptez de partager.<\/p>\n<p>Dans certaines circonstances pr\u00e9vues par la loi, vous disposez \u00e9galement du droit de :<\/p>\n<ul>\n<li>d\u00e9finir des directives relatives au devenir de vos donn\u00e9es personnelles apr\u00e8s votre d\u00e9c\u00e8s ;<\/li>\n<li>vous opposer, en tout ou partie, au traitement de vos donn\u00e9es personnelles ;<\/li>\n<li>demander la limitation du traitement de vos donn\u00e9es personnelles ;<\/li>\n<li>demander, le cas \u00e9ch\u00e9ant, la portabilit\u00e9 de vos donn\u00e9es personnelles.<\/li>\n<\/ul>\n<p>Vous pouvez exercer l\u2019ensemble de ces droits en nous contactant par e-mail \u00e0 l\u2019adresse suivante : <a href=\"mailto:woncaeurope2026@overcome.fr\">woncaeurope2026@overcome.fr<\/a><\/p>\n<p>Pour toute question, suggestion ou r\u00e9clamation relative au RGPD, vous pouvez \u00e9galement nous contacter par e-mail \u00e0 l&#8217;adresse suivante : <a href=\"mailto:woncaeurope2026@overcome.fr\">woncaeurope2026@overcome.fr<\/a>[\/vc_column_text][\/vc_column][\/vc_row][vc_row disable_element=&#8221;yes&#8221;][vc_column]<div id=\"ultimate-heading-348769e5ab62e8883\" class=\"uvc-heading ult-adjust-bottom-margin ultimate-heading-348769e5ab62e8883 uvc-8941  uvc-heading-default-font-sizes\" data-hspacer=\"no_spacer\"  data-halign=\"left\" style=\"text-align:left\"><div class=\"uvc-heading-spacer no_spacer\" style=\"top\"><\/div><div class=\"uvc-main-heading ult-responsive\"  data-ultimate-target='.uvc-heading.ultimate-heading-348769e5ab62e8883 h3'  data-responsive-json-new='{\"font-size\":\"\",\"line-height\":\"\"}' ><h3 style=\"font-weight:bold;color:#B41B36;\">Formulaire de candidature<\/h3><\/div><\/div><div class=\" ubtn-ctn-left \"><a class=\"ubtn-link ult-adjust-bottom-margin ubtn-left ubtn-custom \" href=\"https:\/\/woncaeurope2026.org\/wp-content\/uploads\/2026\/02\/Fund-Paris-2026_v.03.02.2026.pdf\" target=\"_blank\" rel=\"noopener\" ><button type=\"button\" id=\"ubtn-8416\"  class=\"ubtn ult-adjust-bottom-margin ult-responsive ubtn-custom ubtn-no-hover-bg  none  ubtn-left   tooltip-69e5ab62e88cb\"  data-hover=\"\" data-border-color=\"\" data-bg=\"#111E41\" data-hover-bg=\"\" data-border-hover=\"\" data-shadow-hover=\"\" data-shadow-click=\"none\" data-shadow=\"\" data-shd-shadow=\"\"  data-ultimate-target='#ubtn-8416'  data-responsive-json-new='{\"font-size\":\"desktop:21px;\",\"line-height\":\"\"}'  style=\"font-weight:bold;width:400px;min-height:60px;padding:px px;border-radius:20px;border-width:1px;border-color:;border-style:solid;background: #111E41;color: #FFFFFF;\"><span class=\"ubtn-hover\" style=\"background-color:\"><\/span><span class=\"ubtn-data ubtn-text \" >T\u00e9l\u00e9charger le formulaire de candidature EYFDM<\/span><\/button><\/a><\/div>[\/vc_column][\/vc_row]<\/p>\n<\/div>","protected":false},"excerpt":{"rendered":"<p>[vc_row][vc_column][vc_empty_space][vc_column_text css=&#8221;&#8221;]WONCA Europe et le Mouvement europ\u00e9en des jeunes m\u00e9decins g\u00e9n\u00e9ralistes (EYFDM) collaborent pour soutenir financi\u00e8rement de jeunes m\u00e9decins g\u00e9n\u00e9ralistes de toute la r\u00e9gion Europe de WONCA et les rapprocher de la communaut\u00e9 internationale de m\u00e9decine g\u00e9n\u00e9rale.\u00a0La richesse et la force de cette communaut\u00e9 reposent sur la diversit\u00e9 de ses membres. Chaque membre compte, mais&hellip;<\/p>\n","protected":false},"author":1,"featured_media":0,"parent":0,"menu_order":0,"comment_status":"closed","ping_status":"closed","template":"","meta":{"_bbp_topic_count":0,"_bbp_reply_count":0,"_bbp_total_topic_count":0,"_bbp_total_reply_count":0,"_bbp_voice_count":0,"_bbp_anonymous_reply_count":0,"_bbp_topic_count_hidden":0,"_bbp_reply_count_hidden":0,"_bbp_forum_subforum_count":0,"inline_featured_image":false,"footnotes":""},"class_list":["post-1983","page","type-page","status-publish","hentry","description-off"],"_links":{"self":[{"href":"https:\/\/woncaeurope2026.org\/fr\/wp-json\/wp\/v2\/pages\/1983","targetHints":{"allow":["GET"]}}],"collection":[{"href":"https:\/\/woncaeurope2026.org\/fr\/wp-json\/wp\/v2\/pages"}],"about":[{"href":"https:\/\/woncaeurope2026.org\/fr\/wp-json\/wp\/v2\/types\/page"}],"author":[{"embeddable":true,"href":"https:\/\/woncaeurope2026.org\/fr\/wp-json\/wp\/v2\/users\/1"}],"replies":[{"embeddable":true,"href":"https:\/\/woncaeurope2026.org\/fr\/wp-json\/wp\/v2\/comments?post=1983"}],"version-history":[{"count":15,"href":"https:\/\/woncaeurope2026.org\/fr\/wp-json\/wp\/v2\/pages\/1983\/revisions"}],"predecessor-version":[{"id":6372,"href":"https:\/\/woncaeurope2026.org\/fr\/wp-json\/wp\/v2\/pages\/1983\/revisions\/6372"}],"wp:attachment":[{"href":"https:\/\/woncaeurope2026.org\/fr\/wp-json\/wp\/v2\/media?parent=1983"}],"curies":[{"name":"wp","href":"https:\/\/api.w.org\/{rel}","templated":true}]}}