{"id":1981,"date":"2025-05-09T08:02:24","date_gmt":"2025-05-09T08:02:24","guid":{"rendered":"https:\/\/woncaeurope2026.org\/?page_id=1981"},"modified":"2026-03-11T12:29:43","modified_gmt":"2026-03-11T12:29:43","slug":"abstracts-fr","status":"publish","type":"page","link":"https:\/\/woncaeurope2026.org\/fr\/abstracts-fr\/","title":{"rendered":"ABSTRACTS FR"},"content":{"rendered":"<div class=\"wpb-content-wrapper\"><p>[vc_row][vc_column]<div id=\"ultimate-heading-925769ebc8755b495\" class=\"uvc-heading ult-adjust-bottom-margin ultimate-heading-925769ebc8755b495 uvc-8060  uvc-heading-default-font-sizes\" data-hspacer=\"no_spacer\"  data-halign=\"left\" style=\"text-align:left\"><div class=\"uvc-heading-spacer no_spacer\" style=\"top\"><\/div><div class=\"uvc-main-heading ult-responsive\"  data-ultimate-target='.uvc-heading.ultimate-heading-925769ebc8755b495 h2'  data-responsive-json-new='{\"font-size\":\"\",\"line-height\":\"\"}' ><h2 style=\"font-weight:bold;color:#B41B36;\">L'APPEL \u00c0 SOUMISSION EST CLOS<\/h2><\/div><\/div>[vc_empty_space][vc_column_text css=&#8221;&#8221;]<\/p>\n<p data-start=\"0\" data-end=\"524\">Le Comit\u00e9 d\u2019Organisation et le Comit\u00e9 Scientifique invitent l\u2019ensemble des parties prenantes et chercheurs en <strong>M\u00e9decine G\u00e9n\u00e9rale et en M\u00e9decine de Famille,<\/strong> y compris ceux issus des sciences humaines et sociales (par exemple : sociologie, philosophie, anthropologie, \u00e9conomie, g\u00e9ographie, histoire), \u00e0 soumettre des abstracts pr\u00e9sentant leurs travaux et leurs exp\u00e9riences.<\/p>\n<p data-start=\"0\" data-end=\"524\"><strong>Tous les sujets sont les bienvenus, en particulier ceux li\u00e9s \u00e0 la libert\u00e9, l\u2019\u00e9quit\u00e9, la fraternit\u00e9 et l\u2019humanisme dans les soins de sant\u00e9 primaires.<\/strong><\/p>\n<p data-start=\"526\" data-end=\"573\"><strong>Quatre types de r\u00e9sum\u00e9s peuvent \u00eatre soumis :<\/strong><\/p>\n<ul>\n<li data-start=\"576\" data-end=\"593\">\u00c9tude originale<\/li>\n<li data-start=\"596\" data-end=\"621\">Revue de la litt\u00e9rature<\/li>\n<li data-start=\"624\" data-end=\"672\">Cas clinique ou r\u00e9flexion issue de la pratique<\/li>\n<li data-start=\"675\" data-end=\"684\">Atelier<\/li>\n<\/ul>\n<p data-start=\"686\" data-end=\"854\">Les pr\u00e9sentations pourront \u00eatre faites en <strong>anglais ou en fran\u00e7ais.<\/strong> Lors de la soumission du r\u00e9sum\u00e9, vous serez invit\u00e9 \u00e0 indiquer votre langue de pr\u00e9sentation pr\u00e9f\u00e9r\u00e9e.<\/p>\n<p data-start=\"856\" data-end=\"934\" data-is-last-node=\"\" data-is-only-node=\"\">Cet appel \u00e0 soumission est clos.<\/p>\n<p>[\/vc_column_text][\/vc_column][\/vc_row][vc_row disable_element=&#8221;yes&#8221;][vc_column]<div class=\" ubtn-ctn-center \"><a class=\"ubtn-link ult-adjust-bottom-margin ubtn-center ubtn-custom \" href=\"https:\/\/woncaeurope2026.org\/wp-content\/uploads\/2025\/11\/Wonca-Europe-2026-Conference-Submission-guidelines-25-novembre-2025.pdf\" title=\"Abstract Submission Guidelines - Wonca Europe Conference 2026\" target=\"_blank\" rel=\"noopener\" ><button type=\"button\" id=\"ubtn-6536\"  class=\"ubtn ult-adjust-bottom-margin ult-responsive ubtn-custom ubtn-no-hover-bg  none  ubtn-center   tooltip-69ebc8755b53c\"  data-hover=\"\" data-border-color=\"#111E41\" data-bg=\"#111E41\" data-hover-bg=\"\" data-border-hover=\"\" data-shadow-hover=\"\" data-shadow-click=\"none\" data-shadow=\"\" data-shd-shadow=\"\"  data-ultimate-target='#ubtn-6536'  data-responsive-json-new='{\"font-size\":\"desktop:16px;\",\"line-height\":\"\"}'  style=\"font-weight:bold;width:400px;min-height:60px;padding:px px;border-radius:20px;border-width:1px;border-color:#111E41;border-style:solid;background: #111E41;color: #FFFFFF;\"><span class=\"ubtn-hover\" style=\"background-color:\"><\/span><span class=\"ubtn-data ubtn-text \" >T\u00e9l\u00e9charger les instructions de soumission d\u2019un abstract<\/span><\/button><\/a><\/div><div class=\" ubtn-ctn-center \"><a class=\"ubtn-link ult-adjust-bottom-margin ubtn-center ubtn-custom \" href=\"https:\/\/www.submission.woncaeurope2026.org\/abstract.aspx?e=778&culture=en-GB\" title=\"Abstract Submission - Wonca Europe Conference 2026\" target=\"_blank\" rel=\"noopener\" ><button type=\"button\" id=\"ubtn-9926\"  class=\"ubtn ult-adjust-bottom-margin ult-responsive ubtn-custom ubtn-no-hover-bg  none  ubtn-center   tooltip-69ebc8755b65a\"  data-hover=\"\" data-border-color=\"#111E41\" data-bg=\"#111E41\" data-hover-bg=\"\" data-border-hover=\"\" data-shadow-hover=\"\" data-shadow-click=\"none\" data-shadow=\"\" data-shd-shadow=\"\"  data-ultimate-target='#ubtn-9926'  data-responsive-json-new='{\"font-size\":\"desktop:16px;\",\"line-height\":\"\"}'  style=\"font-weight:bold;width:400px;min-height:60px;padding:px px;border-radius:20px;border-width:1px;border-color:#111E41;border-style:solid;background: #111E41;color: #FFFFFF;\"><span class=\"ubtn-hover\" style=\"background-color:\"><\/span><span class=\"ubtn-data ubtn-text \" >Soumettre votre abstract<\/span><\/button><\/a><\/div>[\/vc_column][\/vc_row][vc_row][vc_column][vc_empty_space][vc_column_text css=&#8221;&#8221;]<\/p>\n<p data-start=\"35\" data-end=\"218\">Si vous avez des questions, veuillez contacter le secr\u00e9tariat scientifique :<\/p>\n<ul>\n<li data-start=\"35\" data-end=\"218\">Par t\u00e9l\u00e9phone : +33 (0)1 40 88 97 97<\/li>\n<li data-start=\"35\" data-end=\"218\">Par email : <a class=\"decorated-link cursor-pointer\" rel=\"noopener\" data-start=\"257\" data-end=\"287\">scientific@woncaeurope2026.org<\/a><\/li>\n<\/ul>\n<p>[\/vc_column_text][\/vc_column][\/vc_row]<\/p>\n<\/div>","protected":false},"excerpt":{"rendered":"<p>[vc_row][vc_column][vc_empty_space][vc_column_text css=&#8221;&#8221;] Le Comit\u00e9 d\u2019Organisation et le Comit\u00e9 Scientifique invitent l\u2019ensemble des parties prenantes et chercheurs en M\u00e9decine G\u00e9n\u00e9rale et en M\u00e9decine de Famille, y compris ceux issus des sciences humaines et sociales (par exemple : sociologie, philosophie, anthropologie, \u00e9conomie, g\u00e9ographie, histoire), \u00e0 soumettre des abstracts pr\u00e9sentant leurs travaux et leurs exp\u00e9riences. Tous les sujets&hellip;<\/p>\n","protected":false},"author":6,"featured_media":0,"parent":0,"menu_order":0,"comment_status":"closed","ping_status":"closed","template":"","meta":{"_bbp_topic_count":0,"_bbp_reply_count":0,"_bbp_total_topic_count":0,"_bbp_total_reply_count":0,"_bbp_voice_count":0,"_bbp_anonymous_reply_count":0,"_bbp_topic_count_hidden":0,"_bbp_reply_count_hidden":0,"_bbp_forum_subforum_count":0,"inline_featured_image":false,"footnotes":""},"class_list":["post-1981","page","type-page","status-publish","hentry","description-off"],"_links":{"self":[{"href":"https:\/\/woncaeurope2026.org\/fr\/wp-json\/wp\/v2\/pages\/1981","targetHints":{"allow":["GET"]}}],"collection":[{"href":"https:\/\/woncaeurope2026.org\/fr\/wp-json\/wp\/v2\/pages"}],"about":[{"href":"https:\/\/woncaeurope2026.org\/fr\/wp-json\/wp\/v2\/types\/page"}],"author":[{"embeddable":true,"href":"https:\/\/woncaeurope2026.org\/fr\/wp-json\/wp\/v2\/users\/6"}],"replies":[{"embeddable":true,"href":"https:\/\/woncaeurope2026.org\/fr\/wp-json\/wp\/v2\/comments?post=1981"}],"version-history":[{"count":35,"href":"https:\/\/woncaeurope2026.org\/fr\/wp-json\/wp\/v2\/pages\/1981\/revisions"}],"predecessor-version":[{"id":6481,"href":"https:\/\/woncaeurope2026.org\/fr\/wp-json\/wp\/v2\/pages\/1981\/revisions\/6481"}],"wp:attachment":[{"href":"https:\/\/woncaeurope2026.org\/fr\/wp-json\/wp\/v2\/media?parent=1981"}],"curies":[{"name":"wp","href":"https:\/\/api.w.org\/{rel}","templated":true}]}}