{"id":1454,"date":"2025-06-28T15:08:25","date_gmt":"2025-06-28T15:08:25","guid":{"rendered":"https:\/\/woncaeurope2026.org\/?page_id=1454"},"modified":"2026-03-05T16:16:55","modified_gmt":"2026-03-05T16:16:55","slug":"message-de-bienvenue","status":"publish","type":"page","link":"https:\/\/woncaeurope2026.org\/fr\/message-de-bienvenue\/","title":{"rendered":"MESSAGE DE BIENVENUE"},"content":{"rendered":"<div class=\"wpb-content-wrapper\"><p>[vc_row][vc_column]<div id=\"ultimate-heading-538369eb954a6c705\" class=\"uvc-heading ult-adjust-bottom-margin ultimate-heading-538369eb954a6c705 uvc-1853  uvc-heading-default-font-sizes\" data-hspacer=\"no_spacer\"  data-halign=\"left\" style=\"text-align:left\"><div class=\"uvc-heading-spacer no_spacer\" style=\"top\"><\/div><div class=\"uvc-main-heading ult-responsive\"  data-ultimate-target='.uvc-heading.ultimate-heading-538369eb954a6c705 h2'  data-responsive-json-new='{\"font-size\":\"\",\"line-height\":\"\"}' ><h2 style=\"--font-weight:theme;color:#1A294F;\">MESSAGE DE BIENVENUE<\/h2><\/div><\/div>[vc_empty_space]<div id=\"ultimate-heading-526769eb954a6c780\" class=\"uvc-heading ult-adjust-bottom-margin ultimate-heading-526769eb954a6c780 uvc-68  uvc-heading-default-font-sizes\" data-hspacer=\"no_spacer\"  data-halign=\"left\" style=\"text-align:left\"><div class=\"uvc-heading-spacer no_spacer\" style=\"top\"><\/div><div class=\"uvc-main-heading ult-responsive\"  data-ultimate-target='.uvc-heading.ultimate-heading-526769eb954a6c780 h3'  data-responsive-json-new='{\"font-size\":\"\",\"line-height\":\"\"}' ><h3 style=\"font-weight:bold;color:#B41B36;\">En 2026, le CMGF ouvre grand les bras pour accueillir toute la m\u00e9decine g\u00e9n\u00e9rale europ\u00e9enne \u00e0 Paris !<\/h3><\/div><\/div>[\/vc_column][\/vc_row][vc_row][vc_column width=&#8221;2\/5&#8243;][vc_empty_space height=&#8221;10&#8243;][vc_empty_space height=&#8221;10&#8243;][vc_empty_space height=&#8221;10&#8243;][vc_single_image image=&#8221;6131&#8243; img_size=&#8221;full&#8221; css=&#8221;&#8221;][\/vc_column][vc_column width=&#8221;3\/5&#8243;][vc_empty_space height=&#8221;25&#8243;][vc_column_text css=&#8221;&#8221;]<strong>\u00c7a n\u2019\u00e9tait pas arriv\u00e9 depuis 20 ans\u00a0<\/strong>: la branche europ\u00e9enne de la WONCA &#8211; l\u2019organisation mondiale de la m\u00e9decine g\u00e9n\u00e9rale &#8211; a confi\u00e9 \u00e0 la France l\u2019organisation de son prochain congr\u00e8s. Tous les chemins de l\u2019Europe vont donc mener \u00e0 Paris du 30 juin au 3 juillet 2026\u00a0!<\/p>\n<p>C\u2019est l\u2019occasion parfaite pour d\u00e9couvrir la Wonca et ses diff\u00e9rents r\u00e9seaux (EGPRN pour la recherche, EQuiP pour la qualit\u00e9, EURACT pour l\u2019enseignement, EURIPA pour la m\u00e9decine rurale, EUROPREV pour la pr\u00e9vention et EYFDM pour les jeunes m\u00e9decins) ainsi que ses nombreux <em>Special interest groups<\/em> (sant\u00e9 des m\u00e9decins, m\u00e9decine et mode de vie, prescription sociale, sant\u00e9 cardiovasculaire, gastroent\u00e9rologie, maladies infectieuses, sant\u00e9 respiratoire, immunit\u00e9 et allergies, diab\u00e8te).[\/vc_column_text]<div id=\"ultimate-heading-641369eb954a6c7d1\" class=\"uvc-heading ult-adjust-bottom-margin ultimate-heading-641369eb954a6c7d1 uvc-5510  uvc-heading-default-font-sizes\" data-hspacer=\"no_spacer\"  data-halign=\"left\" style=\"text-align:left\"><div class=\"uvc-heading-spacer no_spacer\" style=\"top\"><\/div><div class=\"uvc-main-heading ult-responsive\"  data-ultimate-target='.uvc-heading.ultimate-heading-641369eb954a6c7d1 h3'  data-responsive-json-new='{\"font-size\":\"\",\"line-height\":\"\"}' ><h3 style=\"font-weight:bold;color:#B41B36;\">Un th\u00e8me inspir\u00e9 de notre devise nationale<\/h3><\/div><\/div>[vc_empty_space height=&#8221;10&#8243;][vc_column_text css=&#8221;&#8221;]Le th\u00e8me du congr\u00e8s propose d\u2019interroger notre devise <strong>Libert\u00e9, Equit\u00e9, Fraternit\u00e9<\/strong>, au prisme de la m\u00e9decine g\u00e9n\u00e9rale :<\/p>\n<ul>\n<li><strong>Libert\u00e9<\/strong> de prescrire, de s\u2019installer, de d\u00e9cider, de refuser, de se pr\u00e9server<\/li>\n<li><strong>Equit\u00e9<\/strong> dans l\u2019acc\u00e8s aux m\u00e9decins, \u00e0 la pr\u00e9vention, aux traitements, \u00e0 la science<\/li>\n<li><strong>Fraternit\u00e9<\/strong> dans l\u2019interprofessionnalit\u00e9, dans nos organisations territoriales, dans la solidarit\u00e9 financi\u00e8re du syst\u00e8me, dans la diversit\u00e9 d\u2019exercices de la m\u00e9decine g\u00e9n\u00e9rale, dans la sant\u00e9 plan\u00e9taire<\/li>\n<\/ul>\n<p>Tout un programme pour r\u00e9v\u00e9ler et d\u00e9velopper l\u2019humanisme au c\u0153ur de notre m\u00e9decine g\u00e9n\u00e9rale ![\/vc_column_text][\/vc_column][\/vc_row][vc_row][vc_column]<div id=\"ultimate-heading-386869eb954a6c81d\" class=\"uvc-heading ult-adjust-bottom-margin ultimate-heading-386869eb954a6c81d uvc-2663  uvc-heading-default-font-sizes\" data-hspacer=\"no_spacer\"  data-halign=\"left\" style=\"text-align:left\"><div class=\"uvc-heading-spacer no_spacer\" style=\"top\"><\/div><div class=\"uvc-main-heading ult-responsive\"  data-ultimate-target='.uvc-heading.ultimate-heading-386869eb954a6c81d h3'  data-responsive-json-new='{\"font-size\":\"\",\"line-height\":\"\"}' ><h3 style=\"font-weight:bold;color:#B41B36;\">Une exp\u00e9rience inoubliable vous attend<\/h3><\/div><\/div>[vc_empty_space][vc_column_text css=&#8221;&#8221;]Dans un congr\u00e8s \u00e0 la fois <strong>francophone et anglophone<\/strong>, les habitu\u00e9s du CMGF comme les curieux n\u00e9ophytes vont pouvoir vivre un moment rare, qui s\u2019annonce d\u00e9j\u00e0 m\u00e9morable.<\/p>\n<p><strong>Alors ouvrez vos chakras<\/strong>\u00a0: nous allons montrer que notre arrogance l\u00e9gendaire et notre r\u00e9putation d\u2019\u00e9ternels insatisfaits ne sont que caricatures qui s\u2019effaceront bien vite dans la chaleur de notre accueil et la richesse de nos \u00e9changes,<\/p>\n<p><strong>Taillez vos crayons\u00a0<\/strong>: l\u2019appel \u00e0 communication qui vous permettra de soumettre travaux de recherche et partages d\u2019exp\u00e9riences est ouvert depuis septembre 2025,<\/p>\n<p><strong>Aiguisez vos plus beaux accents<\/strong>\u00a0: le congr\u00e8s proposera une traduction en direct de toutes les sessions,<\/p>\n<p><strong>Et pr\u00e9parez vos r\u00e9tines \u00e0 imprimer du beau, du raffin\u00e9, du grandiose<\/strong>\u00a0: la soir\u00e9e de gala nous fera d\u00e9couvrir la magie de Paris au fil de la Seine, et le Louvre nous ouvrira ses portes pour une visite priv\u00e9e d\u2019exception\u00a0!<\/p>\n<p><strong>Bloquez d\u00e8s aujourd\u2019hui votre agenda et rejoignez-nous<\/strong> pour vivre cette parenth\u00e8se enchant\u00e9e, pour une m\u00e9decine g\u00e9n\u00e9rale meilleure, anim\u00e9e de m\u00e9decins g\u00e9n\u00e9ralistes heureux.<\/p>\n<p style=\"text-align: right;\">Pr Paul Frapp\u00e9, Pr\u00e9sident du Comit\u00e9 d\u2019organisation<br \/>\nDr Cyril B\u00e8gue, Pr\u00e9sident du Comit\u00e9 d\u2019organisation<br \/>\nDr Sophie Sun, Pr\u00e9sidente du Comit\u00e9 scientifique<br \/>\nDr Pauline Girard, Pr\u00e9sidente du Comit\u00e9 scientifique<\/p>\n<p>[\/vc_column_text][vc_empty_space][\/vc_column][\/vc_row]<\/p>\n<\/div>","protected":false},"excerpt":{"rendered":"<p>[vc_row][vc_column][vc_empty_space][\/vc_column][\/vc_row][vc_row][vc_column width=&#8221;2\/5&#8243;][vc_empty_space height=&#8221;10&#8243;][vc_empty_space height=&#8221;10&#8243;][vc_empty_space height=&#8221;10&#8243;][vc_single_image image=&#8221;6131&#8243; img_size=&#8221;full&#8221; css=&#8221;&#8221;][\/vc_column][vc_column width=&#8221;3\/5&#8243;][vc_empty_space height=&#8221;25&#8243;][vc_column_text css=&#8221;&#8221;]\u00c7a n\u2019\u00e9tait pas arriv\u00e9 depuis 20 ans\u00a0: la branche europ\u00e9enne de la WONCA &#8211; l\u2019organisation mondiale de la m\u00e9decine g\u00e9n\u00e9rale &#8211; a confi\u00e9 \u00e0 la France l\u2019organisation de son prochain congr\u00e8s. Tous les chemins de l\u2019Europe vont donc mener \u00e0 Paris du 30 juin au&hellip;<\/p>\n","protected":false},"author":6,"featured_media":0,"parent":0,"menu_order":0,"comment_status":"closed","ping_status":"closed","template":"","meta":{"_bbp_topic_count":0,"_bbp_reply_count":0,"_bbp_total_topic_count":0,"_bbp_total_reply_count":0,"_bbp_voice_count":0,"_bbp_anonymous_reply_count":0,"_bbp_topic_count_hidden":0,"_bbp_reply_count_hidden":0,"_bbp_forum_subforum_count":0,"inline_featured_image":false,"footnotes":""},"class_list":["post-1454","page","type-page","status-publish","hentry","description-off"],"_links":{"self":[{"href":"https:\/\/woncaeurope2026.org\/fr\/wp-json\/wp\/v2\/pages\/1454","targetHints":{"allow":["GET"]}}],"collection":[{"href":"https:\/\/woncaeurope2026.org\/fr\/wp-json\/wp\/v2\/pages"}],"about":[{"href":"https:\/\/woncaeurope2026.org\/fr\/wp-json\/wp\/v2\/types\/page"}],"author":[{"embeddable":true,"href":"https:\/\/woncaeurope2026.org\/fr\/wp-json\/wp\/v2\/users\/6"}],"replies":[{"embeddable":true,"href":"https:\/\/woncaeurope2026.org\/fr\/wp-json\/wp\/v2\/comments?post=1454"}],"version-history":[{"count":26,"href":"https:\/\/woncaeurope2026.org\/fr\/wp-json\/wp\/v2\/pages\/1454\/revisions"}],"predecessor-version":[{"id":6252,"href":"https:\/\/woncaeurope2026.org\/fr\/wp-json\/wp\/v2\/pages\/1454\/revisions\/6252"}],"wp:attachment":[{"href":"https:\/\/woncaeurope2026.org\/fr\/wp-json\/wp\/v2\/media?parent=1454"}],"curies":[{"name":"wp","href":"https:\/\/api.w.org\/{rel}","templated":true}]}}