{"id":1448,"date":"2025-06-27T16:59:15","date_gmt":"2025-06-27T16:59:15","guid":{"rendered":"https:\/\/woncaeurope2026.org\/?page_id=1448"},"modified":"2026-04-02T10:23:56","modified_gmt":"2026-04-02T10:23:56","slug":"informations-generales","status":"publish","type":"page","link":"https:\/\/woncaeurope2026.org\/fr\/informations-generales\/","title":{"rendered":"INFORMATIONS GENERALES"},"content":{"rendered":"<div class=\"wpb-content-wrapper\"><p>[vc_row][vc_column]<div id=\"ultimate-heading-830169e5ab6b7f5b9\" class=\"uvc-heading ult-adjust-bottom-margin ultimate-heading-830169e5ab6b7f5b9 uvc-3139  uvc-heading-default-font-sizes\" data-hspacer=\"no_spacer\"  data-halign=\"left\" style=\"text-align:left\"><div class=\"uvc-heading-spacer no_spacer\" style=\"top\"><\/div><div class=\"uvc-main-heading ult-responsive\"  data-ultimate-target='.uvc-heading.ultimate-heading-830169e5ab6b7f5b9 h2'  data-responsive-json-new='{\"font-size\":\"\",\"line-height\":\"\"}' ><h2 style=\"--font-weight:theme;color:#1A294F;\">INFORMATIONS PRATIQUES<\/h2><\/div><\/div>[vc_empty_space][\/vc_column][\/vc_row][vc_row][vc_column width=&#8221;1\/2&#8243;][vc_column_text css=&#8221;&#8221;]<\/p>\n<h3><span style=\"color: #262161;\">LIEU DU CONGR\u00c8S<\/span><\/h3>\n<p>Le Palais des Congr\u00e8s,<br \/>\n2 Place de la Porte Maillot, 75017 Paris<br \/>\nAccueil : niveau 0<br \/>\nVestiaire : niveau 2<\/p>\n<p>&nbsp;<\/p>\n<h3><span style=\"color: #262161;\">DU 30 JUIN AU 3 JUILLET 2026<\/span><\/h3>\n<p>Horaires :<br \/>\nMardi 30 juin : 7h30 &#8211; 18h30<br \/>\nMercredi 1er juillet\u00a0 : 8h00 &#8211; 18h30<br \/>\nJeudi 2 juillet : 8h00 &#8211; 18h30<br \/>\nVendredi 3 juillet : 8h00 &#8211; 14h00[\/vc_column_text][\/vc_column][vc_column width=&#8221;1\/2&#8243;][vc_empty_space height=&#8221;45px&#8221; css=&#8221;.vc_custom_1758564509661{background-color: #FFFFFF !important;border-radius: 10px !important;border-color: #FFFFFF !important;}&#8221;][vc_single_image image=&#8221;2132&#8243; img_size=&#8221;large&#8221; alignment=&#8221;center&#8221; css=&#8221;&#8221;][vc_empty_space css=&#8221;.vc_custom_1758564324544{background-color: #FFFFFF !important;border-radius: 10px !important;border-color: #FFFFFF !important;}&#8221;][vc_empty_space height=&#8221;26px&#8221; css=&#8221;.vc_custom_1758564476525{background-color: #FFFFFF !important;border-radius: 10px !important;border-color: #FFFFFF !important;}&#8221;][\/vc_column][\/vc_row][vc_row][vc_column width=&#8221;1\/3&#8243;][vc_icon icon_fontawesome=&#8221;fas fa-bus-alt&#8221; color=&#8221;white&#8221; align=&#8221;center&#8221; css=&#8221;.vc_custom_1751389753897{background-color: #B41B36 !important;border-radius: 10px !important;border-color: #B41B36 !important;}&#8221;][vc_column_text css=&#8221;&#8221;]<\/p>\n<h6><span style=\"color: #262161;\"><strong>RER C et E<\/strong><\/span> (Neuilly\u2013Porte Maillot)<br \/>\n<span style=\"color: #262161;\"><strong>Metro<\/strong> Line 1<\/span> (Porte Maillot) <span style=\"color: #262161;\"><strong>Tramway T3b<\/strong><\/span> (Porte Maillot)<br \/>\n<span style=\"color: #262161;\"><strong>Bus<\/strong><\/span> 43, 73, 82, 244, PC1, PC3<br \/>\nParking \u00e0 disposition<\/h6>\n<h6><strong><span style=\"color: #262161;\">Covoiturage<\/span> :<\/strong> Profitez de votre trajet pour \u00e9changer avec des confr\u00e8res en proposant ou recherchant des places via <a style=\"text-decoration: underline; color: #008ecf;\" href=\"https:\/\/togetzer.com\/covoiturage-evenement\/57oi87\" target=\"_blank\" rel=\"noopener\">https:\/\/togetzer.com\/covoiturage-evenement\/57oi87<\/a><\/h6>\n<p>[\/vc_column_text][\/vc_column][vc_column width=&#8221;1\/3&#8243;][vc_icon icon_fontawesome=&#8221;fas fa-subway&#8221; color=&#8221;white&#8221; align=&#8221;center&#8221; css=&#8221;.vc_custom_1751389770113{background-color: #B41B36 !important;border-radius: 10px !important;border-color: #B41B36 !important;}&#8221;][vc_column_text css=&#8221;&#8221;]<\/p>\n<h6><strong><span style=\"color: #262161;\">Gare du Nord<\/span> :<\/strong> Metro Line 4 + Line 1, dur\u00e9e estim\u00e9e : 25 minutes<br \/>\n<strong><span style=\"color: #262161;\">Gare de Lyon<\/span> :<\/strong> Metro Line 1, dur\u00e9e estim\u00e9e : 20 minutes<br \/>\n<strong><span style=\"color: #262161;\">Gare Montparnasse<\/span> :<\/strong> Metro Line 6 + Line 1, dur\u00e9e estim\u00e9e : 25 minutes<br \/>\n<span style=\"color: #262161;\"><strong>Gare de l\u2019Est <\/strong><\/span>: Metro Line 7 + Line 1,\u00a0dur\u00e9e estim\u00e9e : 30 minutes<\/h6>\n<p>[\/vc_column_text][\/vc_column][vc_column width=&#8221;1\/3&#8243;][vc_icon icon_fontawesome=&#8221;fas fa-plane-arrival&#8221; color=&#8221;white&#8221; align=&#8221;center&#8221; css=&#8221;.vc_custom_1751389783897{background-color: #B41B36 !important;border-radius: 10px !important;border-color: #B41B36 !important;}&#8221;][vc_column_text css=&#8221;&#8221;]<\/p>\n<h6><span style=\"color: #262161;\"><strong>Depuis l&#8217;a\u00e9roport Roissy-Charles de Gaulle<\/strong><\/span> : 45 minutes en taxi<br \/>\nRER B direction Saint-R\u00e9my-l\u00e8s-Chevreuse jusqu\u2019\u00e0 Gare du Nord, RER E direction Nanterre la Folie jusqu&#8217;\u00e0 Neuilly &#8211; Porte Maillot<\/h6>\n<h6><span style=\"color: #262161;\"><strong>Depuis l&#8217;a\u00e9roport Paris-Orly<\/strong><\/span> : 30 minutes en taxi<br \/>\nM\u00e9tro ligne 14 direction Saint-Denis &#8211; Pleyel jusqu\u2019\u00e0 Saint-Lazare, RER E direction Nanterre la Folie jusqu&#8217;\u00e0 Neuilly &#8211; Porte Maillot<\/h6>\n<p>[\/vc_column_text][\/vc_column][\/vc_row][vc_row][vc_column][vc_empty_space css=&#8221;.vc_custom_1751390282856{background-color: #B41B36 !important;border-radius: 10px !important;border-color: #B41B36 !important;}&#8221;][vc_empty_space][\/vc_column][\/vc_row][vc_row][vc_column]<div id=\"ultimate-heading-597969e5ab6b7f64a\" class=\"uvc-heading ult-adjust-bottom-margin ultimate-heading-597969e5ab6b7f64a uvc-7592  uvc-heading-default-font-sizes\" data-hspacer=\"no_spacer\"  data-halign=\"left\" style=\"text-align:left\"><div class=\"uvc-heading-spacer no_spacer\" style=\"top\"><\/div><div class=\"uvc-main-heading ult-responsive\"  data-ultimate-target='.uvc-heading.ultimate-heading-597969e5ab6b7f64a h2'  data-responsive-json-new='{\"font-size\":\"\",\"line-height\":\"\"}' ><h2 style=\"--font-weight:theme;color:#1A294F;\">Accessibilit\u00e9 et Services<\/h2><\/div><\/div>[vc_empty_space][\/vc_column][\/vc_row][vc_row][vc_column width=&#8221;5\/6&#8243;]<div id=\"ultimate-heading-145769e5ab6b7f6c3\" class=\"uvc-heading ult-adjust-bottom-margin ultimate-heading-145769e5ab6b7f6c3 uvc-2211 inline-title uvc-heading-default-font-sizes\" data-hspacer=\"no_spacer\"  data-halign=\"left\" style=\"text-align:left\"><div class=\"uvc-heading-spacer no_spacer\" style=\"top\"><\/div><div class=\"uvc-main-heading ult-responsive\"  data-ultimate-target='.uvc-heading.ultimate-heading-145769e5ab6b7f6c3 h3'  data-responsive-json-new='{\"font-size\":\"\",\"line-height\":\"\"}' ><h3 style=\"font-weight:bold;color:#B41B36;margin-top:0px;margin-bottom:0px;\">Accessibilit\u00e9<\/h3><\/div><div class=\"uvc-sub-heading ult-responsive\"  data-ultimate-target='.uvc-heading.ultimate-heading-145769e5ab6b7f6c3 .uvc-sub-heading '  data-responsive-json-new='{\"font-size\":\"\",\"line-height\":\"\"}'  style=\"font-weight:normal;margin-top:0px;margin-bottom:0px;\">Le Palais des Congr\u00e8s de Paris est enti\u00e8rement accessible aux personnes \u00e0 mobilit\u00e9 r\u00e9duite. Tous les espaces int\u00e9rieurs et ext\u00e9rieurs sont \u00e9quip\u00e9s pour accueillir les fauteuils roulants et aides \u00e0 la mobilit\u00e9. Des ascenseurs et des toilettes accessibles sont disponibles \u00e0 tous les niveaux.<\/div><\/div>[vc_empty_space][\/vc_column][\/vc_row][vc_row][vc_column width=&#8221;5\/6&#8243;]<div id=\"ultimate-heading-573569e5ab6b7f73d\" class=\"uvc-heading ult-adjust-bottom-margin ultimate-heading-573569e5ab6b7f73d uvc-5796 inline-title uvc-heading-default-font-sizes\" data-hspacer=\"no_spacer\"  data-halign=\"left\" style=\"text-align:left\"><div class=\"uvc-heading-spacer no_spacer\" style=\"top\"><\/div><div class=\"uvc-main-heading ult-responsive\"  data-ultimate-target='.uvc-heading.ultimate-heading-573569e5ab6b7f73d h3'  data-responsive-json-new='{\"font-size\":\"\",\"line-height\":\"\"}' ><h3 style=\"font-weight:bold;color:#B41B36;margin-top:0px;margin-bottom:0px;\">Assistance sur place<\/h3><\/div><div class=\"uvc-sub-heading ult-responsive\"  data-ultimate-target='.uvc-heading.ultimate-heading-573569e5ab6b7f73d .uvc-sub-heading '  data-responsive-json-new='{\"font-size\":\"\",\"line-height\":\"\"}'  style=\"font-weight:normal;margin-top:0px;margin-bottom:0px;\">Si vous avez besoin d\u2019une assistance particuli\u00e8re \u00e0 votre arriv\u00e9e, merci de nous en informer \u00e0 l\u2019avance. Notre \u00e9quipe sera pr\u00e9sente \u00e0 l\u2019entr\u00e9e et au bureau d\u2019accueil pour vous accompagner tout au long de l\u2019\u00e9v\u00e9nement.<\/div><\/div>[vc_empty_space][\/vc_column][\/vc_row][vc_row][vc_column width=&#8221;5\/6&#8243;]<div id=\"ultimate-heading-336169e5ab6b7f799\" class=\"uvc-heading ult-adjust-bottom-margin ultimate-heading-336169e5ab6b7f799 uvc-8038 inline-title uvc-heading-default-font-sizes\" data-hspacer=\"no_spacer\"  data-halign=\"left\" style=\"text-align:left\"><div class=\"uvc-heading-spacer no_spacer\" style=\"top\"><\/div><div class=\"uvc-main-heading ult-responsive\"  data-ultimate-target='.uvc-heading.ultimate-heading-336169e5ab6b7f799 h3'  data-responsive-json-new='{\"font-size\":\"\",\"line-height\":\"\"}' ><h3 style=\"font-weight:bold;color:#B41B36;margin-top:0px;margin-bottom:0px;\">Services disponibles<\/h3><\/div><div class=\"uvc-sub-heading ult-responsive\"  data-ultimate-target='.uvc-heading.ultimate-heading-336169e5ab6b7f799 .uvc-sub-heading '  data-responsive-json-new='{\"font-size\":\"\",\"line-height\":\"\"}'  style=\"font-weight:normal;margin-top:0px;margin-bottom:0px;\">Vestiaire : Un vestiaire gratuit est situ\u00e9 pr\u00e8s de l\u2019entr\u00e9e principale pour vos manteaux, sacs et bagages.<\/p>\n<p>Accueil \/ Informations : Notre bureau d\u2019accueil sera ouvert pendant toute la dur\u00e9e du congr\u00e8s pour r\u00e9pondre \u00e0 vos questions et vous orienter.<\/p>\n<p>Wi-Fi : Un acc\u00e8s Wi-Fi gratuit est disponible dans l\u2019ensemble du Palais.<\/p>\n<p>Toilettes : Des toilettes classiques et accessibles sont disponibles \u00e0 chaque \u00e9tage<\/div><\/div>[vc_empty_space][\/vc_column][\/vc_row][vc_row][vc_column][vc_empty_space css=&#8221;.vc_custom_1751389851841{background-color: #B41B36 !important;border-radius: 10px !important;border-color: #B41B36 !important;}&#8221;][vc_empty_space][\/vc_column][\/vc_row][vc_row][vc_column][vc_gmaps link=&#8221;#E-8_JTNDaWZyYW1lJTIwc3JjJTNEJTIyaHR0cHMlM0ElMkYlMkZ3d3cuZ29vZ2xlLmNvbSUyRm1hcHMlMkZlbWJlZCUzRnBiJTNEJTIxMW0xOCUyMTFtMTIlMjExbTMlMjExZDI2MjMuOTAxNDczMzI1ODM4NyUyMTJkMi4yODA5MDgyMTIxNTE1OTAyJTIxM2Q0OC44NzkxNTQ3NzEyMTU0NyUyMTJtMyUyMTFmMCUyMTJmMCUyMTNmMCUyMTNtMiUyMTFpMTAyNCUyMTJpNzY4JTIxNGYxMy4xJTIxM20zJTIxMW0yJTIxMXMweDQ3ZTY2ZjhiNmJmM2E4ZWIlMjUzQTB4NTRkOTcxNGYzNDgwZDc4ZiUyMTJzMiUyNTIwUGwlMjUyMGRlJTI1MjBsYSUyNTIwUHRlJTI1MjBNYWlsbG90JTI1MkMlMjUyMDc1MDE3JTI1MjBQYXJpcyUyMTVlMCUyMTNtMiUyMTFzZnIlMjEyc2ZyJTIxNHYxNzQ1NDkwMjA4MDI1JTIxNW0yJTIxMXNmciUyMTJzZnIlMjIlMjB3aWR0aCUzRCUyMjYwMCUyMiUyMGhlaWdodCUzRCUyMjQ1MCUyMiUyMHN0eWxlJTNEJTIyYm9yZGVyJTNBMCUzQiUyMiUyMGFsbG93ZnVsbHNjcmVlbiUzRCUyMiUyMiUyMGxvYWRpbmclM0QlMjJsYXp5JTIyJTIwcmVmZXJyZXJwb2xpY3klM0QlMjJuby1yZWZlcnJlci13aGVuLWRvd25ncmFkZSUyMiUzRSUzQyUyRmlmcmFtZSUzRQ==&#8221; css=&#8221;&#8221;][vc_empty_space][\/vc_column][\/vc_row][vc_row][vc_column]<div id=\"ultimate-heading-104669e5ab6b7f7e4\" class=\"uvc-heading ult-adjust-bottom-margin ultimate-heading-104669e5ab6b7f7e4 uvc-6085  uvc-heading-default-font-sizes\" data-hspacer=\"no_spacer\"  data-halign=\"left\" style=\"text-align:left\"><div class=\"uvc-heading-spacer no_spacer\" style=\"top\"><\/div><div class=\"uvc-main-heading ult-responsive\"  data-ultimate-target='.uvc-heading.ultimate-heading-104669e5ab6b7f7e4 h2'  data-responsive-json-new='{\"font-size\":\"\",\"line-height\":\"\"}' ><h2 style=\"--font-weight:theme;\">Contact<\/h2><\/div><\/div>[vc_empty_space][\/vc_column][\/vc_row][vc_row][vc_column]<div id=\"ultimate-heading-649969e5ab6b7f831\" class=\"uvc-heading ult-adjust-bottom-margin ultimate-heading-649969e5ab6b7f831 uvc-6472 inline-title uvc-heading-default-font-sizes\" data-hspacer=\"no_spacer\"  data-halign=\"left\" style=\"text-align:left\"><div class=\"uvc-heading-spacer no_spacer\" style=\"top\"><\/div><div class=\"uvc-main-heading ult-responsive\"  data-ultimate-target='.uvc-heading.ultimate-heading-649969e5ab6b7f831 h3'  data-responsive-json-new='{\"font-size\":\"\",\"line-height\":\"\"}' ><h3 style=\"font-weight:bold;color:#B41B36;margin-top:0px;margin-bottom:0px;\">Overcome \u2013 Organisation &amp; Partenariats<\/h3><\/div><\/div>[vc_column_text css=&#8221;&#8221;]<\/p>\n<div class=\"vc_row wpb_row vc_row-fluid\">\n<div class=\"wpb_column vc_column_container vc_col-sm-12\">\n<div class=\"vc_column-inner\">\n<div class=\"wpb_wrapper\">\n<div id=\"ultimate-heading-272769cba5591cbc8\" class=\"uvc-heading ult-adjust-bottom-margin ultimate-heading-272769cba5591cbc8 uvc-1032 uvc-heading-default-font-sizes\" data-hspacer=\"no_spacer\" data-halign=\"left\">\n<div class=\"uvc-main-heading ult-responsive\" style=\"text-align: left;\" data-ultimate-target=\".uvc-heading.ultimate-heading-272769cba5591cbc8 h2\" data-responsive-json-new=\"{&quot;font-size&quot;:&quot;&quot;,&quot;line-height&quot;:&quot;&quot;}\"><img decoding=\"async\" class=\"emoji\" style=\"background-color: #ffffff;\" role=\"img\" draggable=\"false\" src=\"https:\/\/s.w.org\/images\/core\/emoji\/17.0.2\/svg\/1f4e7.svg\" alt=\"\ud83d\udce7\" \/>\u00a0<a href=\"mailto:woncaeurope2026@overcome.fr\">woncaeurope2026@overcome.fr<\/a><\/div>\n<\/div>\n<\/div>\n<\/div>\n<\/div>\n<\/div>\n<div class=\"vc_row wpb_row vc_row-fluid\">\n<div class=\"wpb_column vc_column_container vc_col-sm-12\">\n<div class=\"vc_column-inner\">\n<div class=\"wpb_wrapper\">\n<div class=\"wpb_text_column wpb_content_element \">\n<div class=\"wpb_wrapper\">\n<p><img decoding=\"async\" class=\"emoji\" role=\"img\" draggable=\"false\" src=\"https:\/\/s.w.org\/images\/core\/emoji\/17.0.2\/svg\/1f4de.svg\" alt=\"\ud83d\udcde\" \/>\u00a0+33 (0)1 40 88 97 97<\/p>\n<p><img decoding=\"async\" class=\"emoji\" role=\"img\" draggable=\"false\" src=\"https:\/\/s.w.org\/images\/core\/emoji\/17.0.2\/svg\/1f4cd.svg\" alt=\"\ud83d\udccd\" \/>13-15 rue des Sablons, 75116 Paris, France<\/p>\n<p><img decoding=\"async\" class=\"emoji\" role=\"img\" draggable=\"false\" src=\"https:\/\/s.w.org\/images\/core\/emoji\/17.0.2\/svg\/1f558.svg\" alt=\"\ud83d\udd58\" \/>\u00a0Accueil t\u00e9l\u00e9phonique : du lundi au vendredi, de 9h00 \u00e0 12h30 et de 13h30 \u00e0 18h00 (heure fran\u00e7aise)<\/p>\n<\/div>\n<\/div>\n<\/div>\n<\/div>\n<\/div>\n<\/div>\n<p>[\/vc_column_text]<div id=\"ultimate-heading-925869e5ab6b7f87d\" class=\"uvc-heading ult-adjust-bottom-margin ultimate-heading-925869e5ab6b7f87d uvc-8217 inline-title uvc-heading-default-font-sizes\" data-hspacer=\"no_spacer\"  data-halign=\"left\" style=\"text-align:left\"><div class=\"uvc-heading-spacer no_spacer\" style=\"top\"><\/div><div class=\"uvc-main-heading ult-responsive\"  data-ultimate-target='.uvc-heading.ultimate-heading-925869e5ab6b7f87d h3'  data-responsive-json-new='{\"font-size\":\"\",\"line-height\":\"\"}' ><h3 style=\"font-weight:bold;color:#B41B36;margin-top:0px;margin-bottom:0px;\">Questions sur la pr\u00e9conf\u00e9rence EYFDM ?<\/h3><\/div><\/div>[vc_column_text css=&#8221;&#8221;]<\/p>\n<div class=\"vc_row wpb_row vc_row-fluid\">\n<div class=\"wpb_column vc_column_container vc_col-sm-12\">\n<div class=\"vc_column-inner\">\n<div class=\"wpb_wrapper\">\n<div id=\"ultimate-heading-272769cba5591cbc8\" class=\"uvc-heading ult-adjust-bottom-margin ultimate-heading-272769cba5591cbc8 uvc-1032 uvc-heading-default-font-sizes\" data-hspacer=\"no_spacer\" data-halign=\"left\">\n<div class=\"uvc-main-heading ult-responsive\" style=\"text-align: left;\" data-ultimate-target=\".uvc-heading.ultimate-heading-272769cba5591cbc8 h2\" data-responsive-json-new=\"{&quot;font-size&quot;:&quot;&quot;,&quot;line-height&quot;:&quot;&quot;}\"><img decoding=\"async\" class=\"emoji\" role=\"img\" draggable=\"false\" src=\"https:\/\/s.w.org\/images\/core\/emoji\/17.0.2\/svg\/1f4e7.svg\" alt=\"\ud83d\udce7\" \/>\u00a0<a href=\"mailto:preconference@woncaeurope2026.org\">preconference@woncaeurope2026.org<\/a><\/div>\n<\/div>\n<\/div>\n<\/div>\n<\/div>\n<\/div>\n<div class=\"vc_row wpb_row vc_row-fluid\">\n<div class=\"wpb_column vc_column_container vc_col-sm-12\">\n<div class=\"vc_column-inner\">\n<div class=\"wpb_wrapper\">\n<div class=\"wpb_text_column wpb_content_element \">\n<div class=\"wpb_wrapper\"><\/div>\n<\/div>\n<\/div>\n<\/div>\n<\/div>\n<\/div>\n<p>[\/vc_column_text]<div id=\"ultimate-heading-70969e5ab6b7f8c8\" class=\"uvc-heading ult-adjust-bottom-margin ultimate-heading-70969e5ab6b7f8c8 uvc-3047 inline-title uvc-heading-default-font-sizes\" data-hspacer=\"no_spacer\"  data-halign=\"left\" style=\"text-align:left\"><div class=\"uvc-heading-spacer no_spacer\" style=\"top\"><\/div><div class=\"uvc-main-heading ult-responsive\"  data-ultimate-target='.uvc-heading.ultimate-heading-70969e5ab6b7f8c8 h3'  data-responsive-json-new='{\"font-size\":\"\",\"line-height\":\"\"}' ><h3 style=\"font-weight:bold;color:#B41B36;margin-top:0px;margin-bottom:0px;\">Inscriptions<\/h3><\/div><\/div>[vc_column_text css=&#8221;&#8221;]<\/p>\n<div class=\"vc_row wpb_row vc_row-fluid\">\n<div class=\"wpb_column vc_column_container vc_col-sm-12\">\n<div class=\"vc_column-inner\">\n<div class=\"wpb_wrapper\">\n<div id=\"ultimate-heading-272769cba5591cbc8\" class=\"uvc-heading ult-adjust-bottom-margin ultimate-heading-272769cba5591cbc8 uvc-1032 uvc-heading-default-font-sizes\" style=\"text-align: left;\" data-hspacer=\"no_spacer\" data-halign=\"left\"><img decoding=\"async\" class=\"emoji aligncenter\" role=\"img\" draggable=\"false\" src=\"https:\/\/s.w.org\/images\/core\/emoji\/17.0.2\/svg\/1f4e7.svg\" alt=\"\ud83d\udce7\" \/><a href=\"mailto:registration@woncaeurope2026.org\" target=\"_blank\" rel=\"noopener\">registration@woncaeurope2026.org<\/a><\/div>\n<\/div>\n<\/div>\n<\/div>\n<\/div>\n<div class=\"vc_row wpb_row vc_row-fluid\">\n<div class=\"wpb_column vc_column_container vc_col-sm-12\">\n<div class=\"vc_column-inner\">\n<div class=\"wpb_wrapper\">\n<div class=\"wpb_text_column wpb_content_element \">\n<div class=\"wpb_wrapper\"><\/div>\n<\/div>\n<\/div>\n<\/div>\n<\/div>\n<\/div>\n<p>[\/vc_column_text][\/vc_column][\/vc_row]<\/p>\n<\/div>","protected":false},"excerpt":{"rendered":"<p>[vc_row][vc_column][vc_empty_space][\/vc_column][\/vc_row][vc_row][vc_column width=&#8221;1\/2&#8243;][vc_column_text css=&#8221;&#8221;] LIEU DU CONGR\u00c8S Le Palais des Congr\u00e8s, 2 Place de la Porte Maillot, 75017 Paris Accueil : niveau 0 Vestiaire : niveau 2 &nbsp; DU 30 JUIN AU 3 JUILLET 2026 Horaires : Mardi 30 juin : 7h30 &#8211; 18h30 Mercredi 1er juillet\u00a0 : 8h00 &#8211; 18h30 Jeudi 2 juillet : 8h00&hellip;<\/p>\n","protected":false},"author":6,"featured_media":0,"parent":0,"menu_order":0,"comment_status":"closed","ping_status":"closed","template":"","meta":{"_bbp_topic_count":0,"_bbp_reply_count":0,"_bbp_total_topic_count":0,"_bbp_total_reply_count":0,"_bbp_voice_count":0,"_bbp_anonymous_reply_count":0,"_bbp_topic_count_hidden":0,"_bbp_reply_count_hidden":0,"_bbp_forum_subforum_count":0,"inline_featured_image":false,"footnotes":""},"class_list":["post-1448","page","type-page","status-publish","hentry","description-off"],"_links":{"self":[{"href":"https:\/\/woncaeurope2026.org\/fr\/wp-json\/wp\/v2\/pages\/1448","targetHints":{"allow":["GET"]}}],"collection":[{"href":"https:\/\/woncaeurope2026.org\/fr\/wp-json\/wp\/v2\/pages"}],"about":[{"href":"https:\/\/woncaeurope2026.org\/fr\/wp-json\/wp\/v2\/types\/page"}],"author":[{"embeddable":true,"href":"https:\/\/woncaeurope2026.org\/fr\/wp-json\/wp\/v2\/users\/6"}],"replies":[{"embeddable":true,"href":"https:\/\/woncaeurope2026.org\/fr\/wp-json\/wp\/v2\/comments?post=1448"}],"version-history":[{"count":38,"href":"https:\/\/woncaeurope2026.org\/fr\/wp-json\/wp\/v2\/pages\/1448\/revisions"}],"predecessor-version":[{"id":6920,"href":"https:\/\/woncaeurope2026.org\/fr\/wp-json\/wp\/v2\/pages\/1448\/revisions\/6920"}],"wp:attachment":[{"href":"https:\/\/woncaeurope2026.org\/fr\/wp-json\/wp\/v2\/media?parent=1448"}],"curies":[{"name":"wp","href":"https:\/\/api.w.org\/{rel}","templated":true}]}}